{"id":41175,"date":"2022-12-08T11:49:50","date_gmt":"2022-12-08T11:49:50","guid":{"rendered":"https:\/\/jackpotlotteryonline.com\/?page_id=41175"},"modified":"2022-12-29T12:03:20","modified_gmt":"2022-12-29T12:03:20","slug":"set-for-life","status":"publish","type":"page","link":"https:\/\/jackpotlotteryonline.com\/tr\/kazanan-sayilar\/set-for-life\/","title":{"rendered":"Set for Life \u00e7ekili\u015f sonu\u00e7lar\u0131"},"content":{"rendered":"<p>Set for Life piyangosu, oyunculara hayatlar\u0131n\u0131 de\u011fi\u015ftirecek bir \u00f6d\u00fcl kazanma \u015fans\u0131 veren Birle\u015fik Krall\u0131k&#8217;\u0131n y\u0131ll\u0131k gelir piyangosudur. Kazanan numaralar\u0131n 30 y\u0131l boyunca her ay 10.000 \u00a3 kazanmas\u0131 hayat de\u011fi\u015ftiren bir \u00f6d\u00fcld\u00fcr. Bu neredeyse hayat\u0131n\u0131z\u0131n geri kalan\u0131 boyunca her ay b\u00fcy\u00fck ikramiyeyi kazanmak gibi bir \u015fey.<\/p>\n<p>D\u00fcnyan\u0131n d\u00f6rt bir yan\u0131ndaki oyuncular art\u0131k <a href=\"https:\/\/jackpotlotteryonline.com\/tr\/bilet-satin-al\/set-for-life\">\u00e7evrimi\u00e7i bilet sat\u0131n alarak Birle\u015fik Krall\u0131k y\u0131ll\u0131k gelir piyangosuna kat\u0131labilirler<\/a>. Ayr\u0131ca, kazanan numaralar\u0131 \u00e7evrimi\u00e7i olarak kontrol edebilir ve kazan\u00e7lar\u0131na da eri\u015febilirler.<\/p>\n<p><a href=\"https:\/\/jackpotlotteryonline.com\/tr\/nasil-oynanir\/saturday-lotto-2\">Jackpotlotteryonline.com ile piyango oynad\u0131\u011f\u0131n\u0131zda<\/a>, t\u00fcm piyango ihtiya\u00e7lar\u0131n\u0131z i\u00e7in pratik olarak tek noktadan bir ma\u011fazaya sahip olursunuz. En iyi uluslararas\u0131 piyangolara \u00e7evrimi\u00e7i bilet sat\u0131n alarak piyangoyu kazanmaya odaklanabilirsiniz.<\/p>\n<section class=\"layout\" style=\"border: solid 1px; width: 100%;\">\n<div class=\"img-div\" style=\"margin-top: 5px;\"><img decoding=\"async\" class=\"wp-image-17212 alignleft\" style=\"height: 45px; margin: 8px 8px 0px;\" src=\"http:\/\/jackpotlotteryonline.com\/wp-content\/uploads\/2022\/11\/read1.jpg\" alt=\"okuyun\" width=\"\" height=\"\" \/><\/div>\n<div style=\"padding-left: 5px;\">\n<div style=\"font-size: 1.1em;\">\n<p><strong>Di\u011fer \u00dclkelerin Piyangolar\u0131n\u0131 \u00c7evrimi\u00e7i Oynamak Yasal m\u0131?<\/strong><\/p>\n<p style=\"font-size: 0.85em; margin-top: -1.5em;\">\u0130nternetten piyango bileti almak yasal m\u0131 ve ger\u00e7ekten \u00f6deme alacak m\u0131y\u0131m?\u00a0<a href=\"https:\/\/jackpotlotteryonline.com\/tr\/diger-ulkelerden-cevrimici-piyango-oynamak-yasal-mi\"> daha fazla oku<\/a><\/p>\n<\/div>\n<\/div>\n<\/section>\n<h2>Neden \u00e7evrimi\u00e7i oynamal\u0131y\u0131m?<\/h2>\n<p>Her \u015feyden \u00f6nce, Birle\u015fik Krall\u0131k&#8217;ta ya\u015fam\u0131yorsan\u0131z, bu piyango i\u00e7in bir bilet sat\u0131n alman\u0131z olduk\u00e7a zor olacakt\u0131r. Temel olarak, Birle\u015fik Krall\u0131k d\u0131\u015f\u0131nda Set for Life oynayabilmenizin tek yolu bunu \u00e7evrimi\u00e7i yapmakt\u0131r. \u0130kinci olarak, \u00e7evrimi\u00e7i oynaman\u0131n ne kadar kolay oldu\u011funu g\u00f6rd\u00fc\u011f\u00fcn\u00fczde, piyangoyu ba\u015fka bir \u015fekilde oynamak istemeyeceksiniz.<\/p>\n<p><strong>K\u0131saca, \u00e7evrimi\u00e7i piyango oynaman\u0131n baz\u0131 \u00f6nemli faydalar\u0131 \u015funlard\u0131r:<\/strong><img loading=\"lazy\" decoding=\"async\" class=\"alignright size-medium wp-image-27941\" src=\"http:\/\/jackpotlotteryonline.com\/wp-content\/uploads\/2022\/11\/1_lottery_winner_ticket-200x300.jpg\" alt=\"ya\u015fam i\u0307\u00e7i\u0307n oyun seti\u0307\" width=\"200\" height=\"300\" srcset=\"https:\/\/jackpotlotteryonline.com\/wp-content\/uploads\/2022\/11\/1_lottery_winner_ticket-200x300.jpg 200w, https:\/\/jackpotlotteryonline.com\/wp-content\/uploads\/2022\/11\/1_lottery_winner_ticket.jpg 320w\" sizes=\"auto, (max-width: 200px) 100vw, 200px\" \/><\/p>\n<ul>\n<li>Her \u00e7ekili\u015f i\u00e7in kazanan numaralar\u0131n\u0131z\u0131 oynamak i\u00e7in an\u0131nda eri\u015fim elde edersiniz<\/li>\n<li>Giri\u015flerinizi haftalar \u00f6ncesinden ayarlayabilirsiniz<\/li>\n<li>Kazanan numaralar\u0131 kolayca kontrol edin<\/li>\n<li>Stres olmadan kazanc\u0131n\u0131za eri\u015fin<\/li>\n<\/ul>\n<p>\u00c7evrimi\u00e7i piyango oynaman\u0131n pek \u00e7ok avantaj\u0131 vard\u0131r. Ve bizimle jackpotlotteryonline.com&#8217;da oynad\u0131\u011f\u0131n\u0131zda, piyangonun parmaklar\u0131n\u0131z\u0131n ucunda olmas\u0131n\u0131n kolayl\u0131\u011f\u0131n\u0131 ve rahatl\u0131\u011f\u0131n\u0131 ya\u015fars\u0131n\u0131z. Bir konsiyerj sitesi olarak, siz kazanan numaralar\u0131n\u0131z\u0131 kolayl\u0131kla se\u00e7meye konsantre olurken, biz sizin i\u00e7in ayr\u0131nt\u0131lar\u0131 y\u00f6netiyoruz. Bu herkes i\u00e7in bir kazan-kazan.<\/p>\n<h2>Set for Life kazanan numaralar nelerdir?<\/h2>\n<p>Kazanan numaralara sahip olup olmad\u0131\u011f\u0131n\u0131z\u0131 bilmenin tek yolu, bu Birle\u015fik Krall\u0131k piyangosunu nas\u0131l oynayaca\u011f\u0131n\u0131z\u0131 bilmektir. Oynamak i\u00e7in 1&#8217;den 47&#8217;ye kadar 5 say\u0131 ve 1&#8217;den 10&#8217;a kadar 1 Life Ball say\u0131s\u0131 se\u00e7meniz gerekir. Numaralar\u0131 se\u00e7tikten sonra, bir sonraki ad\u0131m se\u00e7ti\u011finiz \u00e7ekili\u015flere girmektir.<\/p>\n<p>Set for Life&#8217;\u0131n Pazartesi ve Per\u015fembe g\u00fcnleri olmak \u00fczere haftada iki \u00e7ekili\u015f g\u00fcn\u00fc vard\u0131r. Bu, piyangoyu kazanmak i\u00e7in iki \u015fans anlam\u0131na gelir. Elbette her iki \u00e7ekili\u015fe de kat\u0131labilirsiniz, \u00e7\u00fcnk\u00fc bu piyangoyu kazanma \u015fans\u0131n\u0131z\u0131 art\u0131rman\u0131n bir yoludur.<\/p>\n<p>\u00c7ekili\u015flerden sonra, kazanan kombinasyona sahip olup olmad\u0131\u011f\u0131n\u0131z\u0131 g\u00f6rmek i\u00e7in sonu\u00e7lar\u0131 kontrol etmeniz gerekir. Kazanan numaralara sahip olan ki\u015fi piyangoyu kazan\u0131r.<\/p>\n<h2>\u00c7ekili\u015f sonu\u00e7lar\u0131n\u0131 kontrol etmenin \u00fc\u00e7 yolu<\/h2>\n<p>Bu Birle\u015fik Krall\u0131k piyangosu i\u00e7in kazanan kombinasyonu kontrol etmenin \u00fc\u00e7 yolu vard\u0131r. Birle\u015fik Krall\u0131k&#8217;ta ya\u015f\u0131yorsan\u0131z, canl\u0131 \u00e7ekili\u015fleri TV&#8217;de kolayca izleyebilirsiniz. Ancak o s\u0131rada \u00e7al\u0131\u015f\u0131yorsan\u0131z veya ba\u015fka bir i\u015fleviniz varsa, bu sizin i\u00e7in i\u015fe yaramayacakt\u0131r.<\/p>\n<p>Bir ba\u015fka alternatif de \u00e7ekili\u015f sonu\u00e7lar\u0131n\u0131 internetten kontrol etmektir. \u00c7e\u015fitli web siteleri sonu\u00e7lar\u0131, \u00f6zellikle de b\u00fcy\u00fck ikramiye i\u00e7in kazanan kombinasyonu yay\u0131nlamaktad\u0131r. Do\u011fal olarak, piyango i\u00e7in ba\u015fka \u00f6d\u00fcl kategorileri de oldu\u011fundan, b\u00fcy\u00fck ikramiyenin yan\u0131 s\u0131ra di\u011fer kazanan kombinasyonlarla da ilgilenebilirsiniz.<\/p>\n<p>\u00c7ekili\u015f sonu\u00e7lar\u0131n\u0131 kontrol etmenin en iyi yolu, her \u00e7ekili\u015ften sonra bu sayfaya d\u00f6nmektir. \u00c7ekili\u015f sonu\u00e7lar\u0131n\u0131 burada yay\u0131nl\u0131yoruz ve her \u00f6d\u00fcl kademesinde kazanan kombinasyonlar\u0131 g\u00f6stermek i\u00e7in zaman ay\u0131r\u0131yoruz. Ayr\u0131ca, biletinizi bizden sat\u0131n ald\u0131ysan\u0131z, kazanan bir biletiniz varsa size bir e-posta g\u00f6nderece\u011fiz.<\/p>\n<h2>Set for Life \u00f6d\u00fcl kategorileri<\/h2>\n<p>Bu Birle\u015fik Krall\u0131k piyangosunun en b\u00fcy\u00fck \u00f6d\u00fcl\u00fc, \u00f6n\u00fcm\u00fczdeki 30 y\u0131l boyunca her ay 10.000 \u00a3 gibi inan\u0131lmaz bir miktard\u0131r. B\u00f6yle bir miktar\u0131 30 y\u0131l boyunca her ay kazand\u0131\u011f\u0131n\u0131z\u0131 hayal edin. B\u00f6yle bir \u00f6d\u00fclle, d\u00fcnyan\u0131n d\u00f6rt bir yan\u0131ndaki bahis\u00e7ilerin neden bu piyango i\u00e7in kazanan kombinasyonu elde etmeye hevesli olduklar\u0131n\u0131 g\u00f6rmek kolayd\u0131r.<\/p>\n<p>\u0130lk \u00f6d\u00fcl\u00fc kazanman\u0131n \u00f6tesinde, oyuncular\u0131n bu piyango ile kazanabilecekleri ba\u015fka heyecan verici \u00f6d\u00fcller de var. \u0130\u015fte \u00f6d\u00fcl kategorileri.<\/p>\n<p>Kategori 1: Match 5 + Life Ball &#8211; 30 y\u0131l boyunca her ay \u00a310,000<\/p>\n<p>Kategori 2: Yaln\u0131zca E\u015fle\u015fme 5 &#8211; 1 y\u0131l boyunca her ay \u00a310,000<\/p>\n<p>Kategori 3: 4. Ma\u00e7 + Ya\u015fam Topu &#8211; \u00a3250<\/p>\n<p>Kategori 4: Sadece 4. Ma\u00e7 &#8211; \u00a350<\/p>\n<p>Kategori 5: 3&#8217;l\u00fc E\u015fle\u015ftirme + Ya\u015fam Topu &#8211; \u00a330<\/p>\n<p>Kategori 6: Sadece 3. Ma\u00e7 &#8211; \u00a320<\/p>\n<p>Kategori 7: Ma\u00e7 2 + Ya\u015fam Topu &#8211; \u00a310<\/p>\n<p>Kategori 8 Sadece 2. Ma\u00e7 &#8211; \u00a35<\/p>\n<h2>Kazanc\u0131n\u0131z\u0131 \u00e7ekme<\/h2>\n<p>Kazanan bir biletiniz varsa sizi e-posta yoluyla ve hesab\u0131n\u0131z \u00fczerinden bilgilendirece\u011fimizi belirtmi\u015ftik. Ancak, Birle\u015fik Krall\u0131k d\u0131\u015f\u0131nda ya\u015f\u0131yorsan\u0131z kazanc\u0131n\u0131z\u0131 nas\u0131l \u00e7ekersiniz? Bu, bir\u00e7ok bahis\u00e7inin endi\u015felendi\u011fi bir sorudur. Kazanc\u0131n\u0131z konusunda i\u00e7inizi rahatlatmak i\u00e7in buraday\u0131z.<\/p>\n<p>Bize kaydoldu\u011funuzda ve piyango biletlerinizi bizden sat\u0131n ald\u0131\u011f\u0131n\u0131zda, s\u00fcreci sizin i\u00e7in basitle\u015ftiriyoruz. Bir konsiyerj sitesi olarak, kazanc\u0131n\u0131z\u0131 kolayca \u00e7ekebilece\u011finiz sorunsuz bir s\u00fcre\u00e7 olu\u015fturduk. Kazanc\u0131n\u0131z 2.500 Euro&#8217;nun alt\u0131ndaysa, tek yapman\u0131z gereken sitemizden hesab\u0131n\u0131za para yat\u0131rmakt\u0131r.<\/p>\n<p>Bu tutar\u0131n \u00fczerinde bir \u00f6d\u00fcl kazand\u0131ysan\u0131z, size bir talep formu sunaca\u011f\u0131z. Bu \u015fekilde, kazanc\u0131n\u0131z\u0131 do\u011frudan piyango \u015firketinden talep edebilirsiniz. \u00d6yleyse devam edin ve kazanan kombinasyona sahip olma \u015fans\u0131 i\u00e7in bug\u00fcn bir piyango bileti sat\u0131n al\u0131n.<\/p>\n","protected":false},"excerpt":{"rendered":"<p>Set for Life piyangosu, oyunculara hayatlar\u0131n\u0131 de\u011fi\u015ftirecek bir \u00f6d\u00fcl kazanma \u015fans\u0131 veren Birle\u015fik Krall\u0131k&#8217;\u0131n y\u0131ll\u0131k gelir piyangosudur. Kazanan numaralar\u0131n 30 y\u0131l boyunca her ay 10.000 \u00a3 kazanmas\u0131 hayat de\u011fi\u015ftiren bir \u00f6d\u00fcld\u00fcr. Bu neredeyse hayat\u0131n\u0131z\u0131n geri kalan\u0131 boyunca her ay b\u00fcy\u00fck ikramiyeyi kazanmak gibi bir \u015fey. D\u00fcnyan\u0131n d\u00f6rt bir yan\u0131ndaki oyuncular art\u0131k \u00e7evrimi\u00e7i bilet sat\u0131n alarak [&hellip;]<\/p>\n","protected":false},"author":1,"featured_media":0,"parent":35860,"menu_order":11,"comment_status":"closed","ping_status":"closed","template":"set-for-life-results.php","meta":{"_et_pb_use_builder":"","_et_pb_old_content":"","_et_gb_content_width":"","exclude_from_search":false,"footnotes":""},"class_list":["post-41175","page","type-page","status-publish","hentry"],"yoast_head":"<!-- This site is optimized with the Yoast SEO plugin v23.3 - https:\/\/yoast.com\/wordpress\/plugins\/seo\/ -->\n<title>Set for Life kazanan numaralar ve \u00e7ekili\u015f sonucu<\/title>\n<meta name=\"description\" content=\"Set For Life piyango \u00e7ekili\u015flerinin sonu\u00e7lar\u0131 ve kazanan numaralar Jackpotlotteryonline.com&#039;da\" \/>\n<meta name=\"robots\" content=\"index, follow, max-snippet:-1, max-image-preview:large, max-video-preview:-1\" \/>\n<link rel=\"canonical\" href=\"https:\/\/jackpotlotteryonline.com\/tr\/kazanan-sayilar\/set-for-life\/\" \/>\n<meta property=\"og:locale\" content=\"tr_TR\" \/>\n<meta property=\"og:type\" content=\"article\" \/>\n<meta property=\"og:title\" content=\"Set for Life kazanan numaralar ve \u00e7ekili\u015f sonucu\" \/>\n<meta property=\"og:description\" content=\"Set For Life piyango \u00e7ekili\u015flerinin sonu\u00e7lar\u0131 ve kazanan numaralar Jackpotlotteryonline.com&#039;da\" \/>\n<meta property=\"og:url\" content=\"https:\/\/jackpotlotteryonline.com\/tr\/kazanan-sayilar\/set-for-life\/\" \/>\n<meta property=\"og:site_name\" content=\"Lotto Online - Crack The International Lottery Jackpots\" \/>\n<meta property=\"article:modified_time\" content=\"2022-12-29T12:03:20+00:00\" \/>\n<meta property=\"og:image\" content=\"http:\/\/jackpotlotteryonline.com\/wp-content\/uploads\/2022\/11\/read1.jpg\" \/>\n<meta name=\"twitter:card\" content=\"summary_large_image\" \/>\n<meta name=\"twitter:label1\" content=\"Tahmini okuma s\u00fcresi\" \/>\n\t<meta name=\"twitter:data1\" content=\"4 dakika\" \/>\n<!-- \/ Yoast SEO plugin. -->","yoast_head_json":{"title":"Set for Life kazanan numaralar ve \u00e7ekili\u015f sonucu","description":"Set For Life piyango \u00e7ekili\u015flerinin sonu\u00e7lar\u0131 ve kazanan numaralar Jackpotlotteryonline.com'da","robots":{"index":"index","follow":"follow","max-snippet":"max-snippet:-1","max-image-preview":"max-image-preview:large","max-video-preview":"max-video-preview:-1"},"canonical":"https:\/\/jackpotlotteryonline.com\/tr\/kazanan-sayilar\/set-for-life\/","og_locale":"tr_TR","og_type":"article","og_title":"Set for Life kazanan numaralar ve \u00e7ekili\u015f sonucu","og_description":"Set For Life piyango \u00e7ekili\u015flerinin sonu\u00e7lar\u0131 ve kazanan numaralar Jackpotlotteryonline.com'da","og_url":"https:\/\/jackpotlotteryonline.com\/tr\/kazanan-sayilar\/set-for-life\/","og_site_name":"Lotto Online - Crack The International Lottery Jackpots","article_modified_time":"2022-12-29T12:03:20+00:00","og_image":[{"url":"http:\/\/jackpotlotteryonline.com\/wp-content\/uploads\/2022\/11\/read1.jpg"}],"twitter_card":"summary_large_image","twitter_misc":{"Tahmini okuma s\u00fcresi":"4 dakika"},"schema":{"@context":"https:\/\/schema.org","@graph":[{"@type":"WebPage","@id":"https:\/\/jackpotlotteryonline.com\/tr\/kazanan-sayilar\/set-for-life\/","url":"https:\/\/jackpotlotteryonline.com\/tr\/kazanan-sayilar\/set-for-life\/","name":"Set for Life kazanan numaralar ve \u00e7ekili\u015f sonucu","isPartOf":{"@id":"https:\/\/jackpotlotteryonline.com\/#website"},"primaryImageOfPage":{"@id":"https:\/\/jackpotlotteryonline.com\/tr\/kazanan-sayilar\/set-for-life\/#primaryimage"},"image":{"@id":"https:\/\/jackpotlotteryonline.com\/tr\/kazanan-sayilar\/set-for-life\/#primaryimage"},"thumbnailUrl":"http:\/\/jackpotlotteryonline.com\/wp-content\/uploads\/2022\/11\/read1.jpg","datePublished":"2022-12-08T11:49:50+00:00","dateModified":"2022-12-29T12:03:20+00:00","description":"Set For Life piyango \u00e7ekili\u015flerinin sonu\u00e7lar\u0131 ve kazanan numaralar Jackpotlotteryonline.com'da","breadcrumb":{"@id":"https:\/\/jackpotlotteryonline.com\/tr\/kazanan-sayilar\/set-for-life\/#breadcrumb"},"inLanguage":"tr","potentialAction":[{"@type":"ReadAction","target":["https:\/\/jackpotlotteryonline.com\/tr\/kazanan-sayilar\/set-for-life\/"]}]},{"@type":"ImageObject","inLanguage":"tr","@id":"https:\/\/jackpotlotteryonline.com\/tr\/kazanan-sayilar\/set-for-life\/#primaryimage","url":"http:\/\/jackpotlotteryonline.com\/wp-content\/uploads\/2022\/11\/read1.jpg","contentUrl":"http:\/\/jackpotlotteryonline.com\/wp-content\/uploads\/2022\/11\/read1.jpg"},{"@type":"BreadcrumbList","@id":"https:\/\/jackpotlotteryonline.com\/tr\/kazanan-sayilar\/set-for-life\/#breadcrumb","itemListElement":[{"@type":"ListItem","position":1,"name":"Home","item":"https:\/\/jackpotlotteryonline.com\/tr\/"},{"@type":"ListItem","position":2,"name":"Piyango sonu\u00e7lar\u0131","item":"https:\/\/jackpotlotteryonline.com\/tr\/kazanan-sayilar\/"},{"@type":"ListItem","position":3,"name":"Set for Life \u00e7ekili\u015f sonu\u00e7lar\u0131"}]},{"@type":"WebSite","@id":"https:\/\/jackpotlotteryonline.com\/#website","url":"https:\/\/jackpotlotteryonline.com\/","name":"Lotto Online - Crack The International Lottery Jackpots","description":"","potentialAction":[{"@type":"SearchAction","target":{"@type":"EntryPoint","urlTemplate":"https:\/\/jackpotlotteryonline.com\/?s={search_term_string}"},"query-input":"required name=search_term_string"}],"inLanguage":"tr"}]}},"_links":{"self":[{"href":"https:\/\/jackpotlotteryonline.com\/tr\/wp-json\/wp\/v2\/pages\/41175","targetHints":{"allow":["GET"]}}],"collection":[{"href":"https:\/\/jackpotlotteryonline.com\/tr\/wp-json\/wp\/v2\/pages"}],"about":[{"href":"https:\/\/jackpotlotteryonline.com\/tr\/wp-json\/wp\/v2\/types\/page"}],"author":[{"embeddable":true,"href":"https:\/\/jackpotlotteryonline.com\/tr\/wp-json\/wp\/v2\/users\/1"}],"replies":[{"embeddable":true,"href":"https:\/\/jackpotlotteryonline.com\/tr\/wp-json\/wp\/v2\/comments?post=41175"}],"version-history":[{"count":0,"href":"https:\/\/jackpotlotteryonline.com\/tr\/wp-json\/wp\/v2\/pages\/41175\/revisions"}],"up":[{"embeddable":true,"href":"https:\/\/jackpotlotteryonline.com\/tr\/wp-json\/wp\/v2\/pages\/35860"}],"wp:attachment":[{"href":"https:\/\/jackpotlotteryonline.com\/tr\/wp-json\/wp\/v2\/media?parent=41175"}],"curies":[{"name":"wp","href":"https:\/\/api.w.org\/{rel}","templated":true}]}}