{"id":41233,"date":"2022-12-08T14:07:10","date_gmt":"2022-12-08T14:07:10","guid":{"rendered":"https:\/\/jackpotlotteryonline.com\/?page_id=41233"},"modified":"2022-12-29T22:08:41","modified_gmt":"2022-12-29T22:08:41","slug":"mega-sena","status":"publish","type":"page","link":"https:\/\/jackpotlotteryonline.com\/tr\/kazanan-sayilar\/mega-sena\/","title":{"rendered":"Mega-Sena piyango \u00e7ekili\u015f sonu\u00e7lar\u0131"},"content":{"rendered":"<p>D\u00fcnyan\u0131n d\u00f6rt bir yan\u0131ndaki oyuncular art\u0131k Mega-Sena piyangosu i\u00e7in bilet sat\u0131n alabilirler. Sadece bu da de\u011fil, piyangoyu oynad\u0131ktan sonra Mega-Sena kazanan numaralar\u0131n\u0131 \u00e7evrimi\u00e7i olarak kontrol edebilirsiniz. Piyango oynaman\u0131n \u00f6nemli bir par\u00e7as\u0131, \u00e7ekili\u015f sonu\u00e7lar\u0131n\u0131 kontrol etmektir, b\u00f6ylece herhangi bir \u00f6d\u00fcl\u00fc ka\u00e7\u0131rmazs\u0131n\u0131z. Brezilya piyangosu i\u00e7in kazanan numaralar\u0131 kontrol etmenin birka\u00e7 yolu vard\u0131r ve buna birazdan de\u011finece\u011fiz.<\/p>\n<p>Ancak, son \u00e7ekili\u015fin sonu\u00e7lar\u0131n\u0131 \u00f6\u011frenmek i\u00e7in aceleniz varsa, en iyi uluslararas\u0131 piyangolara eri\u015fmek i\u00e7in jackpotlotteryonline.com adresini ziyaret edebilirsiniz.<\/p>\n<section class=\"layout\" style=\"border: solid 1px; width: 100%;\">\n<div class=\"img-div\" style=\"margin-top: 5px;\"><img decoding=\"async\" class=\"wp-image-17212 alignleft\" style=\"height: 45px; margin: 8px 8px 0px;\" src=\"http:\/\/jackpotlotteryonline.com\/wp-content\/uploads\/2022\/11\/read1.jpg\" alt=\"okuyun\" width=\"\" height=\"\" \/><\/div>\n<div style=\"padding-left: 5px;\">\n<div style=\"font-size: 1.1em;\">\n<p><strong>Avrupa Piyangolar\u0131<\/strong><\/p>\n<p style=\"font-size: 0.85em; margin-top: -1.5em;\">Hangi Avrupa piyangolar\u0131 en iyisidir?\u00a0<a href=\"https:\/\/jackpotlotteryonline.com\/tr\/en-i\u0307yi\u0307-avrupa-pi\u0307yangolari-hangi\u0307leri\u0307di\u0307r\"> daha fazla oku<\/a><\/p>\n<\/div>\n<\/div>\n<\/section>\n<h2>Mega-Sena piyangosunun temelleri<\/h2>\n<p>Mega-Sena, oynan\u0131\u015f \u015fekli bak\u0131m\u0131ndan di\u011fer piyangolar gibidir. Sadece belirli bir aral\u0131ktan say\u0131 se\u00e7meniz gerekir. Brezilya piyangosu i\u00e7in 1&#8217;den 60&#8217;a kadar bir aral\u0131ktan 6 say\u0131 se\u00e7ersiniz. Ve hepsi bu kadar. Ekstra veya bonus say\u0131 yok, bu piyango i\u00e7in sadece alt\u0131.<\/p>\n<p>\u0130stedi\u011finiz rakamlar\u0131 se\u00e7tikten sonra, bir sonraki ad\u0131m \u00e7ekili\u015flere girmektir. Mega-Sena&#8217;n\u0131n \u00c7ar\u015famba ve Per\u015fembe g\u00fcnleri olmak \u00fczere iki haftal\u0131k \u00e7ekili\u015fi vard\u0131r.<\/p>\n<h2>Mega-Sena kazanan numaralar<\/h2>\n<p><img loading=\"lazy\" decoding=\"async\" class=\"size-full wp-image-29102 alignright\" src=\"http:\/\/jackpotlotteryonline.com\/wp-content\/uploads\/2022\/11\/1_play_lottery_international.jpg\" alt=\"Mega-Sena kazanan numaralar\" width=\"205\" height=\"147\" \/>Mega-Sena kazanan numaralar\u0131n\u0131z\u0131 nas\u0131l se\u00e7ersiniz? Farkl\u0131 oyuncular kendileri i\u00e7in uygun olan\u0131 se\u00e7menin farkl\u0131 yollar\u0131na sahiptir. Kazanan numaralar\u0131n\u0131z\u0131 sizin i\u00e7in \u00f6zel olan tarihleri kullanarak se\u00e7ebilirsiniz. \u015eansl\u0131 tarihleriniz veya rakamlar\u0131n\u0131z varsa, bunlar bir say\u0131 se\u00e7menize yard\u0131mc\u0131 olabilir.<\/p>\n<p>Akl\u0131n\u0131zda herhangi bir \u00f6zel say\u0131 yoksa, bunun i\u00e7in endi\u015felenmeyin. <a href=\"https:\/\/jackpotlotteryonline.com\/tr\/nasil-oynanir\/mega-sena-2\">Bizimle Mega-Sena oynad\u0131\u011f\u0131n\u0131zda<\/a>, rastgele say\u0131lar se\u00e7mek i\u00e7in otomatik jenerat\u00f6r\u00fcm\u00fcz\u00fc kullanabilirsiniz. G\u00fcn\u00fcn sonunda, piyangonun bir \u015fans oyunu oldu\u011funu unutmamak \u00f6nemlidir. Kazanma \u015fans\u0131n\u0131z\u0131 art\u0131rman\u0131n tek ger\u00e7ek yolu birden fazla bilet sat\u0131n almak ve birden fazla \u00e7ekili\u015fe kat\u0131lmakt\u0131r.<\/p>\n<p>Mega-Sena i\u00e7in sayfam\u0131z\u0131 ziyaret ederek \u00e7evrimi\u00e7i piyango oynayabilirsiniz. Tek bir \u00e7ekili\u015fe veya birden fazla \u00e7ekili\u015fe kat\u0131lman\u0131z\u0131 kolayla\u015ft\u0131r\u0131yoruz. Ayr\u0131ca bir bilet \u00fczerinde birka\u00e7 sat\u0131r sat\u0131n alarak piyangoya birden fazla giri\u015f yapabilirsiniz.<\/p>\n<h2>Mega-Sena \u00d6d\u00fclleri<\/h2>\n<p>Mega-Sena piyangosunun garantili ba\u015flang\u0131\u00e7 ikramiyesi 3 milyon Brezilya Reali&#8217;dir. Bu da yakla\u015f\u0131k 549467,87 \u20ac eder. Ancak, bir \u00e7ekili\u015ften sonra kazanan olmazsa, ikramiye bir sonraki \u00e7ekili\u015fe devredilir. B\u00f6ylece, ikramiye miktar\u0131 olduk\u00e7a b\u00fcy\u00fcyebilir ve bu da onu her yerdeki bahis\u00e7iler i\u00e7in tatl\u0131 bir anla\u015fma haline getirir.<\/p>\n<p>Ayr\u0131ca, Mega-Sena kazanma olas\u0131l\u0131\u011f\u0131 50 milyonda 1&#8217;dir. Bunu di\u011fer en iyi uluslararas\u0131 piyangolarla kar\u015f\u0131la\u015ft\u0131rd\u0131\u011f\u0131n\u0131zda, Brezilya piyangosunun bahis\u00e7iler aras\u0131nda neden pop\u00fcler oldu\u011funu a\u00e7\u0131k\u00e7a g\u00f6rebilirsiniz.<\/p>\n<p>Brezilya piyangosunun di\u011fer piyangolardan bir di\u011fer fark\u0131 da b\u00fcy\u00fck ikramiye dahil olmak \u00fczere sadece 3 \u00f6d\u00fcl kategorisi sunmas\u0131d\u0131r. Yani, piyangoyu kazanmak a\u015fa\u011f\u0131daki \u00f6d\u00fcllerden herhangi birini kazanabilece\u011finiz anlam\u0131na gelir.<\/p>\n<p>B\u00fcy\u00fck \u0130kramiye &#8211; Sena: Ma\u00e7 6 &#8211; \u00d6d\u00fcl havuzunun %35&#8217;i<\/p>\n<p>Kademe 2 &#8211; Quina: Ma\u00e7 5 &#8211; \u00d6d\u00fcl havuzunun %19&#8217;u<\/p>\n<p>Kademe 3 &#8211; Quadra: Ma\u00e7 4 &#8211; \u00d6d\u00fcl havuzunun %19&#8217;u<\/p>\n<h2>\u00d6d\u00fcl\u00fcn\u00fcz\u00fc talep etme<\/h2>\n<p>Bir sonraki ad\u0131m, piyangoya kat\u0131ld\u0131\u011f\u0131n\u0131zda kazand\u0131\u011f\u0131n\u0131z herhangi bir \u00f6d\u00fcl\u00fc talep etmektir. \u00d6d\u00fcl\u00fcn\u00fcz\u00fc nas\u0131l talep edece\u011finiz biletinizi nereden ald\u0131\u011f\u0131n\u0131za ba\u011fl\u0131d\u0131r. \u00c7evrimi\u00e7i piyango oynarken, biletinizi size piyangoyu kazanma \u015fans\u0131 veren bir siteden sat\u0131n alman\u0131z \u00f6nemlidir. Baz\u0131 siteler sadece piyangonun sonucu \u00fczerine bahis oynaman\u0131za izin verir.<\/p>\n<p><a href=\"https:\/\/jackpotlotteryonline.com\/tr\/bilet-satin-al\/mega-sena\">Piyango biletinizi bizden sat\u0131n ald\u0131\u011f\u0131n\u0131zda<\/a>, piyangoya eri\u015fiminiz olur. Bunun nedeni, Brezilya&#8217;daki temsilcimizin ilgili numaralar\u0131n\u0131zla fiziksel biletler sat\u0131n alacak olmas\u0131d\u0131r. Size piyangoyu kazanma \u015fans\u0131 verir.<\/p>\n<p>Yani, herhangi bir \u00f6d\u00fcl kazan\u0131rsan\u0131z, tek yapman\u0131z gereken \u00f6d\u00fcl\u00fcn\u00fcz\u00fc sitemizden hesab\u0131n\u0131za \u00e7ekmektir. Bu kadar basit. Mega-Sena kazanan numaralar\u0131n\u0131z\u0131 nas\u0131l nakde \u00e7evirece\u011finizi \u00f6\u011frenmek i\u00e7in h\u00fck\u00fcm ve ko\u015fullar\u0131m\u0131z\u0131 ziyaret edin.<\/p>\n","protected":false},"excerpt":{"rendered":"<p>D\u00fcnyan\u0131n d\u00f6rt bir yan\u0131ndaki oyuncular art\u0131k Mega-Sena piyangosu i\u00e7in bilet sat\u0131n alabilirler. Sadece bu da de\u011fil, piyangoyu oynad\u0131ktan sonra Mega-Sena kazanan numaralar\u0131n\u0131 \u00e7evrimi\u00e7i olarak kontrol edebilirsiniz. Piyango oynaman\u0131n \u00f6nemli bir par\u00e7as\u0131, \u00e7ekili\u015f sonu\u00e7lar\u0131n\u0131 kontrol etmektir, b\u00f6ylece herhangi bir \u00f6d\u00fcl\u00fc ka\u00e7\u0131rmazs\u0131n\u0131z. Brezilya piyangosu i\u00e7in kazanan numaralar\u0131 kontrol etmenin birka\u00e7 yolu vard\u0131r ve buna birazdan de\u011finece\u011fiz. Ancak, [&hellip;]<\/p>\n","protected":false},"author":1,"featured_media":0,"parent":35860,"menu_order":14,"comment_status":"closed","ping_status":"closed","template":"megasena-results.php","meta":{"_et_pb_use_builder":"","_et_pb_old_content":"","_et_gb_content_width":"","exclude_from_search":false,"footnotes":""},"class_list":["post-41233","page","type-page","status-publish","hentry"],"yoast_head":"<!-- This site is optimized with the Yoast SEO plugin v23.3 - https:\/\/yoast.com\/wordpress\/plugins\/seo\/ -->\n<title>Mega-Sena piyango \u00e7ekili\u015f sonu\u00e7lar\u0131 ve kazanan numaralar<\/title>\n<meta name=\"description\" content=\"Brezilya&#039;n\u0131n Mega-Sena sonu\u00e7lar\u0131n\u0131 bulmak zor - bug\u00fcn\u00fcn ve d\u00fcn\u00fcn kazanan numaralar\u0131n\u0131 ve \u00e7ekili\u015f sonu\u00e7lar\u0131n\u0131 web sitemizde listeliyoruz\" \/>\n<meta name=\"robots\" content=\"index, follow, max-snippet:-1, max-image-preview:large, max-video-preview:-1\" \/>\n<link rel=\"canonical\" href=\"https:\/\/jackpotlotteryonline.com\/tr\/kazanan-sayilar\/mega-sena\/\" \/>\n<meta property=\"og:locale\" content=\"tr_TR\" \/>\n<meta property=\"og:type\" content=\"article\" \/>\n<meta property=\"og:title\" content=\"Mega-Sena piyango \u00e7ekili\u015f sonu\u00e7lar\u0131 ve kazanan numaralar\" \/>\n<meta property=\"og:description\" content=\"Brezilya&#039;n\u0131n Mega-Sena sonu\u00e7lar\u0131n\u0131 bulmak zor - bug\u00fcn\u00fcn ve d\u00fcn\u00fcn kazanan numaralar\u0131n\u0131 ve \u00e7ekili\u015f sonu\u00e7lar\u0131n\u0131 web sitemizde listeliyoruz\" \/>\n<meta property=\"og:url\" content=\"https:\/\/jackpotlotteryonline.com\/tr\/kazanan-sayilar\/mega-sena\/\" \/>\n<meta property=\"og:site_name\" content=\"Lotto Online - Crack The International Lottery Jackpots\" \/>\n<meta property=\"article:modified_time\" content=\"2022-12-29T22:08:41+00:00\" \/>\n<meta property=\"og:image\" content=\"http:\/\/jackpotlotteryonline.com\/wp-content\/uploads\/2022\/11\/read1.jpg\" \/>\n<meta name=\"twitter:card\" content=\"summary_large_image\" \/>\n<meta name=\"twitter:label1\" content=\"Tahmini okuma s\u00fcresi\" \/>\n\t<meta name=\"twitter:data1\" content=\"3 dakika\" \/>\n<!-- \/ Yoast SEO plugin. -->","yoast_head_json":{"title":"Mega-Sena piyango \u00e7ekili\u015f sonu\u00e7lar\u0131 ve kazanan numaralar","description":"Brezilya'n\u0131n Mega-Sena sonu\u00e7lar\u0131n\u0131 bulmak zor - bug\u00fcn\u00fcn ve d\u00fcn\u00fcn kazanan numaralar\u0131n\u0131 ve \u00e7ekili\u015f sonu\u00e7lar\u0131n\u0131 web sitemizde listeliyoruz","robots":{"index":"index","follow":"follow","max-snippet":"max-snippet:-1","max-image-preview":"max-image-preview:large","max-video-preview":"max-video-preview:-1"},"canonical":"https:\/\/jackpotlotteryonline.com\/tr\/kazanan-sayilar\/mega-sena\/","og_locale":"tr_TR","og_type":"article","og_title":"Mega-Sena piyango \u00e7ekili\u015f sonu\u00e7lar\u0131 ve kazanan numaralar","og_description":"Brezilya'n\u0131n Mega-Sena sonu\u00e7lar\u0131n\u0131 bulmak zor - bug\u00fcn\u00fcn ve d\u00fcn\u00fcn kazanan numaralar\u0131n\u0131 ve \u00e7ekili\u015f sonu\u00e7lar\u0131n\u0131 web sitemizde listeliyoruz","og_url":"https:\/\/jackpotlotteryonline.com\/tr\/kazanan-sayilar\/mega-sena\/","og_site_name":"Lotto Online - Crack The International Lottery Jackpots","article_modified_time":"2022-12-29T22:08:41+00:00","og_image":[{"url":"http:\/\/jackpotlotteryonline.com\/wp-content\/uploads\/2022\/11\/read1.jpg"}],"twitter_card":"summary_large_image","twitter_misc":{"Tahmini okuma s\u00fcresi":"3 dakika"},"schema":{"@context":"https:\/\/schema.org","@graph":[{"@type":"WebPage","@id":"https:\/\/jackpotlotteryonline.com\/tr\/kazanan-sayilar\/mega-sena\/","url":"https:\/\/jackpotlotteryonline.com\/tr\/kazanan-sayilar\/mega-sena\/","name":"Mega-Sena piyango \u00e7ekili\u015f sonu\u00e7lar\u0131 ve kazanan numaralar","isPartOf":{"@id":"https:\/\/jackpotlotteryonline.com\/#website"},"primaryImageOfPage":{"@id":"https:\/\/jackpotlotteryonline.com\/tr\/kazanan-sayilar\/mega-sena\/#primaryimage"},"image":{"@id":"https:\/\/jackpotlotteryonline.com\/tr\/kazanan-sayilar\/mega-sena\/#primaryimage"},"thumbnailUrl":"http:\/\/jackpotlotteryonline.com\/wp-content\/uploads\/2022\/11\/read1.jpg","datePublished":"2022-12-08T14:07:10+00:00","dateModified":"2022-12-29T22:08:41+00:00","description":"Brezilya'n\u0131n Mega-Sena sonu\u00e7lar\u0131n\u0131 bulmak zor - bug\u00fcn\u00fcn ve d\u00fcn\u00fcn kazanan numaralar\u0131n\u0131 ve \u00e7ekili\u015f sonu\u00e7lar\u0131n\u0131 web sitemizde listeliyoruz","breadcrumb":{"@id":"https:\/\/jackpotlotteryonline.com\/tr\/kazanan-sayilar\/mega-sena\/#breadcrumb"},"inLanguage":"tr","potentialAction":[{"@type":"ReadAction","target":["https:\/\/jackpotlotteryonline.com\/tr\/kazanan-sayilar\/mega-sena\/"]}]},{"@type":"ImageObject","inLanguage":"tr","@id":"https:\/\/jackpotlotteryonline.com\/tr\/kazanan-sayilar\/mega-sena\/#primaryimage","url":"http:\/\/jackpotlotteryonline.com\/wp-content\/uploads\/2022\/11\/read1.jpg","contentUrl":"http:\/\/jackpotlotteryonline.com\/wp-content\/uploads\/2022\/11\/read1.jpg"},{"@type":"BreadcrumbList","@id":"https:\/\/jackpotlotteryonline.com\/tr\/kazanan-sayilar\/mega-sena\/#breadcrumb","itemListElement":[{"@type":"ListItem","position":1,"name":"Home","item":"https:\/\/jackpotlotteryonline.com\/tr\/"},{"@type":"ListItem","position":2,"name":"Piyango sonu\u00e7lar\u0131","item":"https:\/\/jackpotlotteryonline.com\/tr\/kazanan-sayilar\/"},{"@type":"ListItem","position":3,"name":"Mega-Sena piyango \u00e7ekili\u015f sonu\u00e7lar\u0131"}]},{"@type":"WebSite","@id":"https:\/\/jackpotlotteryonline.com\/#website","url":"https:\/\/jackpotlotteryonline.com\/","name":"Lotto Online - Crack The International Lottery Jackpots","description":"","potentialAction":[{"@type":"SearchAction","target":{"@type":"EntryPoint","urlTemplate":"https:\/\/jackpotlotteryonline.com\/?s={search_term_string}"},"query-input":"required name=search_term_string"}],"inLanguage":"tr"}]}},"_links":{"self":[{"href":"https:\/\/jackpotlotteryonline.com\/tr\/wp-json\/wp\/v2\/pages\/41233","targetHints":{"allow":["GET"]}}],"collection":[{"href":"https:\/\/jackpotlotteryonline.com\/tr\/wp-json\/wp\/v2\/pages"}],"about":[{"href":"https:\/\/jackpotlotteryonline.com\/tr\/wp-json\/wp\/v2\/types\/page"}],"author":[{"embeddable":true,"href":"https:\/\/jackpotlotteryonline.com\/tr\/wp-json\/wp\/v2\/users\/1"}],"replies":[{"embeddable":true,"href":"https:\/\/jackpotlotteryonline.com\/tr\/wp-json\/wp\/v2\/comments?post=41233"}],"version-history":[{"count":0,"href":"https:\/\/jackpotlotteryonline.com\/tr\/wp-json\/wp\/v2\/pages\/41233\/revisions"}],"up":[{"embeddable":true,"href":"https:\/\/jackpotlotteryonline.com\/tr\/wp-json\/wp\/v2\/pages\/35860"}],"wp:attachment":[{"href":"https:\/\/jackpotlotteryonline.com\/tr\/wp-json\/wp\/v2\/media?parent=41233"}],"curies":[{"name":"wp","href":"https:\/\/api.w.org\/{rel}","templated":true}]}}