{"id":41285,"date":"2022-12-08T20:25:04","date_gmt":"2022-12-08T20:25:04","guid":{"rendered":"https:\/\/jackpotlotteryonline.com\/?page_id=41285"},"modified":"2022-12-30T15:42:16","modified_gmt":"2022-12-30T15:42:16","slug":"saturday-lotto","status":"publish","type":"page","link":"https:\/\/jackpotlotteryonline.com\/tr\/kazanan-sayilar\/saturday-lotto\/","title":{"rendered":"Cumartesi Loto \u00e7ekili\u015f sonu\u00e7lar\u0131"},"content":{"rendered":"<p>Tatts lotosu olarak da bilinen Cumartesi Loto&#8217;su Avustralya&#8217;n\u0131n en \u00e7ok kazand\u0131ran lotolar\u0131ndan biridir. Art\u0131k d\u00fcnyan\u0131n d\u00f6rt bir yan\u0131ndaki oyuncular lotoya kat\u0131labildi\u011fine g\u00f6re, kazanan numaralar\u0131 se\u00e7mek daha \u00f6nemlidir. Bu Avustralya lotosunu kazanmak, eve en az 5 milyon dolarla gidece\u011finiz anlam\u0131na gelir. Bir \u00e7ekili\u015ften sonra kazanan bilet yoksa bu miktar devretmektedir. Ayr\u0131ca, y\u0131lda bir kez Noel&#8217;de d\u00fczenlenen mega \u00e7ekili\u015fe kat\u0131l\u0131rsan\u0131z, 30 milyon dolar\u0131 nakde \u00e7evirebilirsiniz!<\/p>\n<p>Loto i\u00e7in kazanan biletinizi hen\u00fcz almad\u0131ysan\u0131z, jackpotlotteryonline.com adresine gidin ve <a href=\"https:\/\/jackpotlotteryonline.com\/tr\/bilet-satin-al\/saturday-lotto\">biletinizi hemen al\u0131n<\/a>. Ard\u0131ndan kazanan numaralar i\u00e7in geri gelin.<\/p>\n<h2>Cumartesi Loto&#8217;sunu Kazanmak<\/h2>\n<p><img loading=\"lazy\" decoding=\"async\" class=\"alignright size-medium wp-image-28157\" src=\"http:\/\/jackpotlotteryonline.com\/wp-content\/uploads\/2022\/11\/1_lotto_money_win-300x150.jpg\" alt=\"Cumartesi Loto'sunu kazan\" width=\"300\" height=\"150\" srcset=\"https:\/\/jackpotlotteryonline.com\/wp-content\/uploads\/2022\/11\/1_lotto_money_win-300x150.jpg 300w, https:\/\/jackpotlotteryonline.com\/wp-content\/uploads\/2022\/11\/1_lotto_money_win.jpg 320w\" sizes=\"auto, (max-width: 300px) 100vw, 300px\" \/>Tatts lotosunu oynamak \u00f6zellikle \u00e7evrimi\u00e7i oynarken kolayd\u0131r. Temel olarak, oyuncular\u0131n 1 ile 45 aras\u0131nda 6 ana say\u0131 se\u00e7meleri gerekir. Ard\u0131ndan 1&#8217;den 6&#8217;ya kadar 2 ek say\u0131. Tamamlay\u0131c\u0131 say\u0131lar\u0131n b\u00fcy\u00fck ikramiyeyi belirlemekle pek bir ilgisi yoktur. B\u00fcy\u00fck ikramiyeyi kazanmak, sadece \u00e7ekilen sekiz say\u0131y\u0131 e\u015fle\u015ftirmeniz gerekti\u011fi anlam\u0131na gelir.<\/p>\n<p>Bu nedenle, loto kazanmak, biletinizin 45 topluk varilden rastgele se\u00e7ilen alt\u0131 topla e\u015fle\u015fmesi anlam\u0131na gelir. Daha sonra alt\u0131 topun bulundu\u011fu ba\u015fka bir varilden iki top daha se\u00e7ilir. Bu ek toplar di\u011fer \u00f6d\u00fcl kategorilerini kazanmak i\u00e7in kullan\u0131l\u0131r.<\/p>\n<p>\u00c7ekili\u015fler haftada bir kez, Cumartesi g\u00fcn\u00fc yap\u0131l\u0131r. Dolay\u0131s\u0131yla, kazanan bileti istiyorsan\u0131z, giri\u015finizi zaman\u0131nda sat\u0131n alman\u0131z gerekir. \u00c7ekili\u015fler Cumartesi g\u00fcn\u00fc AEST saatiyle 19:25&#8217;te kapan\u0131r. O haftaki \u00e7ekili\u015fe kat\u0131lmak isteyen oyuncular\u0131n kazanan biletlerini kapan\u0131\u015f saatinden \u00f6nce sat\u0131n almalar\u0131 gerekir.<\/p>\n<h2>\u00c7evrimi\u00e7i oynamak<\/h2>\n<p>Online loto kazanma hakk\u0131nda k\u0131saca konu\u015faca\u011f\u0131z. Jackpotlotteryonline.com adresindeki Cumartesi loto sayfas\u0131n\u0131 ziyaret etti\u011finizde, kazanan numaralar\u0131n\u0131z\u0131 se\u00e7meniz istenecektir. Size \u015fans getiren baz\u0131 \u00f6zel tarihleriniz varsa, bunlar\u0131 kullanabilirsiniz.<\/p>\n<p>Ancak, aralar\u0131ndan se\u00e7im yapabilece\u011finiz belirli say\u0131lara sahip olmayanlar i\u00e7in asla korkmay\u0131n. Sizin i\u00e7in rastgele kazanan numaralar \u00fcretecek bir otomatik numara se\u00e7icimiz var. Bir\u00e7ok piyango kazanan\u0131 rastgele say\u0131 se\u00e7iciyi kullanarak kazand\u0131.<\/p>\n<p>Kazanan numaralar\u0131n\u0131z\u0131 se\u00e7tikten sonra haftal\u0131k \u00e7ekili\u015fe kat\u0131lacaks\u0131n\u0131z. \u00d6deme i\u015flemini ger\u00e7ekle\u015ftirmeden \u00f6nce sizden kay\u0131t olman\u0131z\u0131 isteyece\u011fiz. Bu, biletinizi g\u00fcvende tutmak ve kazanc\u0131n\u0131z\u0131 nakde \u00e7evirmenize yard\u0131mc\u0131 olmak i\u00e7indir. Bu konuya yak\u0131nda gelece\u011fiz.<\/p>\n<section class=\"layout\" style=\"border: solid 1px; width: 100%;\">\n<div class=\"img-div\" style=\"margin-top: 5px;\"><img decoding=\"async\" class=\"wp-image-17212 alignleft\" style=\"height: 45px; margin: 8px 8px 0px;\" src=\"http:\/\/jackpotlotteryonline.com\/wp-content\/uploads\/2022\/11\/read1.jpg\" alt=\"okuyun\" width=\"\" height=\"\" \/><\/div>\n<div style=\"padding-left: 5px;\">\n<div style=\"font-size: 1.1em;\">\n<p><strong>Piyango numaralar\u0131n\u0131z\u0131n \u00e7ekili\u015fini canl\u0131 izleyin<\/strong><\/p>\n<p style=\"font-size: 0.85em; margin-top: -1.5em;\">En sevdi\u011finiz piyangolar\u0131n canl\u0131 \u00e7ekili\u015flerini nas\u0131l izleyebilirsiniz? <a href=\"https:\/\/jackpotlotteryonline.com\/tr\/piyango-numaralarinizin-cekilisini-canli-izleyin\">daha fazla oku<\/a><\/p>\n<\/div>\n<\/div>\n<\/section>\n<h2>\u00d6d\u00fcl B\u00f6l\u00fcmleri<\/h2>\n<p>Tatts lotosunu kazanmak sadece b\u00fcy\u00fck ikramiyeyi kazanmakla ilgili de\u011fildir. Bu lotoda toplam sekiz \u00f6d\u00fcl b\u00f6l\u00fcm\u00fc vard\u0131r. Loto i\u00e7in bir bilet sat\u0131n ald\u0131\u011f\u0131n\u0131zda, bu \u00f6d\u00fcl kategorilerinden herhangi birini kazanma \u015fans\u0131na sahip olursunuz. Her b\u00f6l\u00fcm i\u00e7in kazanan numaralar a\u015fa\u011f\u0131da belirtilmi\u015ftir.<\/p>\n<p>B\u00f6l\u00fcm 1: Ma\u00e7 6 (Jackpot)<\/p>\n<p>B\u00f6l\u00fcm 2: 5 + 1 ek say\u0131y\u0131 e\u015fle\u015ftirin<\/p>\n<p>3. B\u00f6l\u00fcm: 5 Mart<\/p>\n<p>4. B\u00f6l\u00fcm: 4. Ma\u00e7<\/p>\n<p>B\u00f6l\u00fcm 5: 3 + 1 ek say\u0131y\u0131 e\u015fle\u015ftirin<\/p>\n<p>6. B\u00f6l\u00fcm: 3. Ma\u00e7<\/p>\n<p>Muhtemelen Avustralyal\u0131lar\u0131n bu piyangoyu bu kadar \u00e7ok sevmelerinin nedenlerinden biri de kazanman\u0131n ne kadar kolay oldu\u011fudur. Kazanma olas\u0131l\u0131\u011f\u0131 harika ve minimum ikramiye \u00f6d\u00fcl\u00fc 5 milyon AUD oldu\u011fu i\u00e7in bu pek de \u015fa\u015f\u0131rt\u0131c\u0131 de\u011fil. Hen\u00fcz yapmad\u0131ysan\u0131z, kazanan bir bilet almay\u0131 d\u00fc\u015f\u00fcnmek i\u00e7in iyi bir zaman.<\/p>\n<h2>Tamamlay\u0131c\u0131 numaralar<\/h2>\n<p>Ek numaralardan bahsetmi\u015ftik ve muhtemelen baz\u0131 b\u00f6l\u00fcmlerin bunlar\u0131 kulland\u0131\u011f\u0131n\u0131 fark etmi\u015fsinizdir. Bunlar\u0131n \u00e7ekili\u015fler s\u0131ras\u0131nda rastgele olu\u015fturuldu\u011funu ve 2. ve 5. b\u00f6l\u00fcmleri belirlemek i\u00e7in kullan\u0131ld\u0131\u011f\u0131n\u0131 unutmay\u0131n. Oyuncular bu numaralar\u0131 se\u00e7mez ve bunlar \u00fczerinde hi\u00e7bir kontrole sahip de\u011fildir. Bu nedenle, biletlerinizi sat\u0131n ald\u0131\u011f\u0131n\u0131zda bu se\u00e7ene\u011fi g\u00f6rmezseniz tela\u015flanmay\u0131n.<\/p>\n<h2>Kazanan sonu\u00e7lar nas\u0131l kontrol edilir<\/h2>\n<p>Giri\u015finizi sat\u0131n ald\u0131\u011f\u0131n\u0131za g\u00f6re, kazanan bilete sahip olup olmad\u0131\u011f\u0131n\u0131z\u0131 nas\u0131l kontrol edeceksiniz? Bunu yapman\u0131n en iyi yolu buraya geri d\u00f6nmektir. \u00c7ekili\u015flerden sonra, Cumartesi lotolar\u0131 i\u00e7in kazanan sonu\u00e7lar\u0131 bu sayfada yay\u0131nl\u0131yoruz.<\/p>\n<p>Sadece b\u00fcy\u00fck ikramiye numaralar\u0131n\u0131 yay\u0131nlam\u0131yoruz. Di\u011fer t\u00fcm b\u00f6l\u00fcmler i\u00e7in kazanan numaralar\u0131 da yay\u0131nl\u0131yoruz. B\u00f6ylece loto kazanmaya ne kadar yakla\u015ft\u0131\u011f\u0131n\u0131z\u0131 bir bak\u0131\u015fta anlayabilirsiniz.<\/p>\n<p>E\u011fer bize kay\u0131t olduysan\u0131z, i\u015finiz daha da kolay. Loto kazan\u0131p kazanmad\u0131\u011f\u0131n\u0131z\u0131 \u00f6\u011frenmek i\u00e7in hi\u00e7bir yere gitmenize gerek yok. Hay\u0131r, \u00e7\u00fcnk\u00fc bir \u00f6d\u00fcl kazand\u0131\u011f\u0131n\u0131z anda size bir bildirim g\u00f6nderece\u011fiz. Bu do\u011fru. Loto i\u00e7in kazanan numaralara sahip oldu\u011funuzu bildiren bir e-posta alacaks\u0131n\u0131z. Her yerden loto oynamay\u0131 kolay ve stressiz hale getirmek i\u00e7in elimizden gelenin en iyisini yap\u0131yoruz.<\/p>\n<h2>Kazanc\u0131n\u0131z\u0131 nakde \u00e7evirme<\/h2>\n<p><img loading=\"lazy\" decoding=\"async\" class=\"alignright size-medium wp-image-34997\" src=\"http:\/\/jackpotlotteryonline.com\/wp-content\/uploads\/2022\/11\/2_ticket_saturday_lotto_au-1-166x300.jpg\" alt=\"Cumartesi Loto \u00e7evrimi\u00e7i makbuzu\" width=\"166\" height=\"300\" srcset=\"https:\/\/jackpotlotteryonline.com\/wp-content\/uploads\/2022\/11\/2_ticket_saturday_lotto_au-1-166x300.jpg 166w, https:\/\/jackpotlotteryonline.com\/wp-content\/uploads\/2022\/11\/2_ticket_saturday_lotto_au-1.jpg 250w\" sizes=\"auto, (max-width: 166px) 100vw, 166px\" \/>E\u011fer loto kazand\u0131ysan\u0131z, bir sonraki ad\u0131m kazanc\u0131n\u0131za eri\u015fmek olacakt\u0131r. E\u011fer kazanc\u0131n\u0131z\u0131 alam\u0131yorsan\u0131z Avustralya&#8217;da loto kazanman\u0131n bir anlam\u0131 yoktur. \u0130\u015flerin ger\u00e7ekten ilgin\u00e7le\u015fti\u011fi yer de buras\u0131d\u0131r.<\/p>\n<p>E\u011fer 2.500 Euro&#8217;nun alt\u0131nda bir loto \u00f6d\u00fcl\u00fc kazand\u0131ysan\u0131z, \u00f6d\u00fcl\u00fcn\u00fcz\u00fc almak inan\u0131lmaz derecede kolayd\u0131r. Kazanc\u0131n\u0131z\u0131 platformumuzdan do\u011frudan bankan\u0131za \u00e7ekmeniz yeterlidir. Kazanc\u0131n\u0131z\u0131 rahat\u00e7a nakde \u00e7evirmek i\u00e7in kullanabilece\u011finiz birka\u00e7 y\u00f6ntemimiz var.<\/p>\n<p>Kazanc\u0131n\u0131z 2.500 avronun \u00fczerindeyse, hak talebinde bulunmak i\u00e7in piyango \u015firketiyle ileti\u015fime ge\u00e7meniz gerekebilir. Size doldurman\u0131z i\u00e7in bir talep formu g\u00f6ndererek bunun i\u00e7in gerekli deste\u011fi sa\u011flayaca\u011f\u0131z. Neredeyse s\u0131f\u0131r g\u00fc\u00e7l\u00fckle basit bir s\u00fcre\u00e7tir.<\/p>\n<h2>Sonu\u00e7<\/h2>\n<p>Piyango biletlerinizi bizden sat\u0131n alman\u0131n avantaj\u0131, piyangoya bir giri\u015f sat\u0131n ald\u0131\u011f\u0131n\u0131z\u0131 bilmenizdir. Bizimle, sonu\u00e7 \u00fczerine bahis oynamazs\u0131n\u0131z. Asl\u0131nda bir giri\u015f sat\u0131n al\u0131rs\u0131n\u0131z. Yani kazan\u0131rsan\u0131z, kazanc\u0131n\u0131z\u0131 al\u0131rs\u0131n\u0131z.<\/p>\n<p>Oyuncular\u0131n en iyi uluslararas\u0131 piyangolar\u0131 oynamas\u0131n\u0131 kolayla\u015ft\u0131r\u0131yoruz. Biletlerinizi sat\u0131n alabilir, kazanan kombinasyonunuzu kontrol edebilir ve kazan\u00e7lar\u0131n\u0131z\u0131 kolayca nakde \u00e7evirebilirsiniz. Rahatlayabilmeniz ve e\u011flenebilmeniz i\u00e7in ayr\u0131nt\u0131larla biz ilgileniyoruz. <a href=\"http:\/\/jackpotlotteryonline.com\/tr\/nasil-oynanir\/saturday-lotto\">Jackpotlotteryonline.com ile piyango oynad\u0131\u011f\u0131n\u0131zda<\/a>, elde edece\u011finiz \u015fey bir kazan-kazan durumudur. Bug\u00fcn bize kaydolun.<\/p>\n","protected":false},"excerpt":{"rendered":"<p>Tatts lotosu olarak da bilinen Cumartesi Loto&#8217;su Avustralya&#8217;n\u0131n en \u00e7ok kazand\u0131ran lotolar\u0131ndan biridir. Art\u0131k d\u00fcnyan\u0131n d\u00f6rt bir yan\u0131ndaki oyuncular lotoya kat\u0131labildi\u011fine g\u00f6re, kazanan numaralar\u0131 se\u00e7mek daha \u00f6nemlidir. Bu Avustralya lotosunu kazanmak, eve en az 5 milyon dolarla gidece\u011finiz anlam\u0131na gelir. Bir \u00e7ekili\u015ften sonra kazanan bilet yoksa bu miktar devretmektedir. Ayr\u0131ca, y\u0131lda bir kez Noel&#8217;de d\u00fczenlenen [&hellip;]<\/p>\n","protected":false},"author":1,"featured_media":0,"parent":35860,"menu_order":18,"comment_status":"closed","ping_status":"closed","template":"saturday-lotto-results.php","meta":{"_et_pb_use_builder":"","_et_pb_old_content":"","_et_gb_content_width":"","exclude_from_search":false,"footnotes":""},"class_list":["post-41285","page","type-page","status-publish","hentry"],"yoast_head":"<!-- This site is optimized with the Yoast SEO plugin v23.3 - https:\/\/yoast.com\/wordpress\/plugins\/seo\/ -->\n<title>Cumartesi Loto kazanan numaralar ve \u00e7ekili\u015f sonu\u00e7lar\u0131<\/title>\n<meta name=\"description\" content=\"Loto biletinizi en son Cumartesi Loto \u00e7ekili\u015finin sonu\u00e7lar\u0131yla kar\u015f\u0131la\u015ft\u0131r\u0131n - kazanan numaralar\u0131 burada g\u00f6r\u00fcn!\" \/>\n<meta name=\"robots\" content=\"index, follow, max-snippet:-1, max-image-preview:large, max-video-preview:-1\" \/>\n<link rel=\"canonical\" href=\"https:\/\/jackpotlotteryonline.com\/tr\/kazanan-sayilar\/saturday-lotto\/\" \/>\n<meta property=\"og:locale\" content=\"tr_TR\" \/>\n<meta property=\"og:type\" content=\"article\" \/>\n<meta property=\"og:title\" content=\"Cumartesi Loto kazanan numaralar ve \u00e7ekili\u015f sonu\u00e7lar\u0131\" \/>\n<meta property=\"og:description\" content=\"Loto biletinizi en son Cumartesi Loto \u00e7ekili\u015finin sonu\u00e7lar\u0131yla kar\u015f\u0131la\u015ft\u0131r\u0131n - kazanan numaralar\u0131 burada g\u00f6r\u00fcn!\" \/>\n<meta property=\"og:url\" content=\"https:\/\/jackpotlotteryonline.com\/tr\/kazanan-sayilar\/saturday-lotto\/\" \/>\n<meta property=\"og:site_name\" content=\"Lotto Online - Crack The International Lottery Jackpots\" \/>\n<meta property=\"article:modified_time\" content=\"2022-12-30T15:42:16+00:00\" \/>\n<meta property=\"og:image\" content=\"http:\/\/jackpotlotteryonline.com\/wp-content\/uploads\/2022\/11\/1_lotto_money_win-300x150.jpg\" \/>\n<meta name=\"twitter:card\" content=\"summary_large_image\" \/>\n<meta name=\"twitter:label1\" content=\"Tahmini okuma s\u00fcresi\" \/>\n\t<meta name=\"twitter:data1\" content=\"4 dakika\" \/>\n<!-- \/ Yoast SEO plugin. -->","yoast_head_json":{"title":"Cumartesi Loto kazanan numaralar ve \u00e7ekili\u015f sonu\u00e7lar\u0131","description":"Loto biletinizi en son Cumartesi Loto \u00e7ekili\u015finin sonu\u00e7lar\u0131yla kar\u015f\u0131la\u015ft\u0131r\u0131n - kazanan numaralar\u0131 burada g\u00f6r\u00fcn!","robots":{"index":"index","follow":"follow","max-snippet":"max-snippet:-1","max-image-preview":"max-image-preview:large","max-video-preview":"max-video-preview:-1"},"canonical":"https:\/\/jackpotlotteryonline.com\/tr\/kazanan-sayilar\/saturday-lotto\/","og_locale":"tr_TR","og_type":"article","og_title":"Cumartesi Loto kazanan numaralar ve \u00e7ekili\u015f sonu\u00e7lar\u0131","og_description":"Loto biletinizi en son Cumartesi Loto \u00e7ekili\u015finin sonu\u00e7lar\u0131yla kar\u015f\u0131la\u015ft\u0131r\u0131n - kazanan numaralar\u0131 burada g\u00f6r\u00fcn!","og_url":"https:\/\/jackpotlotteryonline.com\/tr\/kazanan-sayilar\/saturday-lotto\/","og_site_name":"Lotto Online - Crack The International Lottery Jackpots","article_modified_time":"2022-12-30T15:42:16+00:00","og_image":[{"url":"http:\/\/jackpotlotteryonline.com\/wp-content\/uploads\/2022\/11\/1_lotto_money_win-300x150.jpg"}],"twitter_card":"summary_large_image","twitter_misc":{"Tahmini okuma s\u00fcresi":"4 dakika"},"schema":{"@context":"https:\/\/schema.org","@graph":[{"@type":"WebPage","@id":"https:\/\/jackpotlotteryonline.com\/tr\/kazanan-sayilar\/saturday-lotto\/","url":"https:\/\/jackpotlotteryonline.com\/tr\/kazanan-sayilar\/saturday-lotto\/","name":"Cumartesi Loto kazanan numaralar ve \u00e7ekili\u015f sonu\u00e7lar\u0131","isPartOf":{"@id":"https:\/\/jackpotlotteryonline.com\/#website"},"primaryImageOfPage":{"@id":"https:\/\/jackpotlotteryonline.com\/tr\/kazanan-sayilar\/saturday-lotto\/#primaryimage"},"image":{"@id":"https:\/\/jackpotlotteryonline.com\/tr\/kazanan-sayilar\/saturday-lotto\/#primaryimage"},"thumbnailUrl":"http:\/\/jackpotlotteryonline.com\/wp-content\/uploads\/2022\/11\/1_lotto_money_win-300x150.jpg","datePublished":"2022-12-08T20:25:04+00:00","dateModified":"2022-12-30T15:42:16+00:00","description":"Loto biletinizi en son Cumartesi Loto \u00e7ekili\u015finin sonu\u00e7lar\u0131yla kar\u015f\u0131la\u015ft\u0131r\u0131n - kazanan numaralar\u0131 burada g\u00f6r\u00fcn!","breadcrumb":{"@id":"https:\/\/jackpotlotteryonline.com\/tr\/kazanan-sayilar\/saturday-lotto\/#breadcrumb"},"inLanguage":"tr","potentialAction":[{"@type":"ReadAction","target":["https:\/\/jackpotlotteryonline.com\/tr\/kazanan-sayilar\/saturday-lotto\/"]}]},{"@type":"ImageObject","inLanguage":"tr","@id":"https:\/\/jackpotlotteryonline.com\/tr\/kazanan-sayilar\/saturday-lotto\/#primaryimage","url":"http:\/\/jackpotlotteryonline.com\/wp-content\/uploads\/2022\/11\/1_lotto_money_win-300x150.jpg","contentUrl":"http:\/\/jackpotlotteryonline.com\/wp-content\/uploads\/2022\/11\/1_lotto_money_win-300x150.jpg"},{"@type":"BreadcrumbList","@id":"https:\/\/jackpotlotteryonline.com\/tr\/kazanan-sayilar\/saturday-lotto\/#breadcrumb","itemListElement":[{"@type":"ListItem","position":1,"name":"Home","item":"https:\/\/jackpotlotteryonline.com\/tr\/"},{"@type":"ListItem","position":2,"name":"Piyango sonu\u00e7lar\u0131","item":"https:\/\/jackpotlotteryonline.com\/tr\/kazanan-sayilar\/"},{"@type":"ListItem","position":3,"name":"Cumartesi Loto \u00e7ekili\u015f sonu\u00e7lar\u0131"}]},{"@type":"WebSite","@id":"https:\/\/jackpotlotteryonline.com\/#website","url":"https:\/\/jackpotlotteryonline.com\/","name":"Lotto Online - Crack The International Lottery Jackpots","description":"","potentialAction":[{"@type":"SearchAction","target":{"@type":"EntryPoint","urlTemplate":"https:\/\/jackpotlotteryonline.com\/?s={search_term_string}"},"query-input":"required name=search_term_string"}],"inLanguage":"tr"}]}},"_links":{"self":[{"href":"https:\/\/jackpotlotteryonline.com\/tr\/wp-json\/wp\/v2\/pages\/41285","targetHints":{"allow":["GET"]}}],"collection":[{"href":"https:\/\/jackpotlotteryonline.com\/tr\/wp-json\/wp\/v2\/pages"}],"about":[{"href":"https:\/\/jackpotlotteryonline.com\/tr\/wp-json\/wp\/v2\/types\/page"}],"author":[{"embeddable":true,"href":"https:\/\/jackpotlotteryonline.com\/tr\/wp-json\/wp\/v2\/users\/1"}],"replies":[{"embeddable":true,"href":"https:\/\/jackpotlotteryonline.com\/tr\/wp-json\/wp\/v2\/comments?post=41285"}],"version-history":[{"count":0,"href":"https:\/\/jackpotlotteryonline.com\/tr\/wp-json\/wp\/v2\/pages\/41285\/revisions"}],"up":[{"embeddable":true,"href":"https:\/\/jackpotlotteryonline.com\/tr\/wp-json\/wp\/v2\/pages\/35860"}],"wp:attachment":[{"href":"https:\/\/jackpotlotteryonline.com\/tr\/wp-json\/wp\/v2\/media?parent=41285"}],"curies":[{"name":"wp","href":"https:\/\/api.w.org\/{rel}","templated":true}]}}