{"id":41339,"date":"2022-12-09T07:24:28","date_gmt":"2022-12-09T07:24:28","guid":{"rendered":"https:\/\/jackpotlotteryonline.com\/?page_id=41339"},"modified":"2022-12-29T14:21:38","modified_gmt":"2022-12-29T14:21:38","slug":"thunderball","status":"publish","type":"page","link":"https:\/\/jackpotlotteryonline.com\/tr\/kazanan-sayilar\/thunderball\/","title":{"rendered":"Thunderball Piyango \u00e7ekili\u015f sonu\u00e7lar\u0131"},"content":{"rendered":"<p>Thunderball \u0130ngiltere&#8217;nin en pop\u00fcler piyangolar\u0131ndan biridir. Sadece k\u00fc\u00e7\u00fck bir miktar kar\u015f\u0131l\u0131\u011f\u0131nda bahis\u00e7iler yar\u0131m milyon pound kazanabilirler ki bu harika bir \u015feydir. D\u0131\u015far\u0131da pek \u00e7ok piyango var, ancak Thunderball&#8217;da oyuncular\u0131 \u00e7eken bir \u015fey var. Bu, inan\u0131lmaz derecede uygun oranlar veya \u00e7ok say\u0131da kazanan \u00fcretmesi olabilir. Sebep ne olursa olsun, d\u00fcnyan\u0131n d\u00f6rt bir yan\u0131ndaki oyuncular Thunderball piyango biletlerini \u00e7evrimi\u00e7i olarak da sat\u0131n al\u0131yor.<\/p>\n<p>E\u011fer <a href=\"https:\/\/jackpotlotteryonline.com\/tr\/nasil-oynanir\/thunderball\">\u00e7evrimi\u00e7i piyango oynuyorsan\u0131<\/a>z, kazanan numaralar\u0131 kontrol etmeniz \u00e7ok \u00f6nemlidir. Bu, \u00e7ekilen rakamlarla e\u015fle\u015fen bir biletiniz olup olmad\u0131\u011f\u0131n\u0131 bilmeniz i\u00e7indir. \u00c7ekili\u015f sonu\u00e7lar\u0131n\u0131 nas\u0131l kontrol edece\u011finizi merak ediyorsan\u0131z, o zaman do\u011fru yerdesiniz. \u00c7ekili\u015f sonu\u00e7lar\u0131n\u0131 kontrol etmenin en iyi yolunu da payla\u015faca\u011f\u0131z<\/p>\n<p><a href=\"https:\/\/jackpotlotteryonline.com\/tr\/bilet-satin-al\/thunderball-biletleri-satin-alin\">Biletlerinizi jackpotlotteryonline.com<\/a> \u00fczerinden sat\u0131n al\u0131rsan\u0131z, kazanc\u0131n\u0131z\u0131 nas\u0131l talep edece\u011finizi \u00f6\u011frenmek i\u00e7in okumaya devam edin.<\/p>\n<h2>Thunderball kazanan numaralar\u0131n\u0131z\u0131 se\u00e7me<\/h2>\n<p><img loading=\"lazy\" decoding=\"async\" class=\"alignright size-medium wp-image-29480\" src=\"https:\/\/jackpotlotteryonline.com\/wp-content\/uploads\/2022\/11\/1_rain_lottery_money_win-282x300.jpg\" alt=\"Thunderball kazanan numaralar\" width=\"282\" height=\"300\" srcset=\"https:\/\/jackpotlotteryonline.com\/wp-content\/uploads\/2022\/11\/1_rain_lottery_money_win-282x300.jpg 282w, https:\/\/jackpotlotteryonline.com\/wp-content\/uploads\/2022\/11\/1_rain_lottery_money_win.jpg 300w\" sizes=\"auto, (max-width: 282px) 100vw, 282px\" \/>Oyuncular\u0131n oynamak istedikleri numaralar\u0131 se\u00e7mek i\u00e7in kulland\u0131klar\u0131 iki ana yol vard\u0131r. \u00c7o\u011fu piyango i\u00e7in belirli bir aral\u0131ktan se\u00e7im yapman\u0131z gerekir. Bu nedenle, baz\u0131 oyuncular kendileri i\u00e7in \u00f6zel olan tarihleri se\u00e7meyi sever; do\u011fum g\u00fcnleri veya y\u0131ld\u00f6n\u00fcmleri gibi. Bunlara \u015fansl\u0131 tarihler denir.<\/p>\n<p>D\u00fcnyan\u0131n baz\u0131 b\u00f6lgelerinde, baz\u0131 insanlar\u0131n \u015fansl\u0131 oldu\u011funu d\u00fc\u015f\u00fcnd\u00fckleri say\u0131lar vard\u0131r. \u00d6rne\u011fin, baz\u0131lar\u0131 7 say\u0131s\u0131n\u0131 \u015fansl\u0131 bir say\u0131 olarak g\u00f6r\u00fcrken, di\u011ferleri 13 say\u0131s\u0131n\u0131 \u015fanss\u0131z olarak g\u00f6rebilir. Bu ger\u00e7ekten sizin neyi \u015fansl\u0131 g\u00f6rd\u00fc\u011f\u00fcn\u00fcze ba\u011fl\u0131d\u0131r. Bu, d\u00fcnya \u00e7ap\u0131nda bir\u00e7ok oyuncu taraf\u0131ndan tercih edilen bir y\u00f6ntemdir ve sizin i\u00e7in de i\u015fe yarayabilir.<\/p>\n<p>\u0130kinci yol ise rakamlar\u0131n\u0131z\u0131 rastgele se\u00e7mek i\u00e7in otomatik jenerat\u00f6r\u00fcm\u00fcz\u00fc kullanmakt\u0131r. Bu baz\u0131 insanlar i\u00e7in i\u015fe yarar \u00e7\u00fcnk\u00fc piyango bir \u015fans oyunudur. Kendinizi \u015fansl\u0131 hissetmek i\u00e7in bir \u015feyler yapabilseniz de, kazanmay\u0131 garanti etmenin bir yolu yoktur.<\/p>\n<h2>Thunderball \u00e7evrimi\u00e7i nas\u0131l oynan\u0131r<\/h2>\n<p>UK Thunderball, oynamas\u0131 heyecan verici bir oyundur. S\u00fcre\u00e7 t\u0131pk\u0131 di\u011fer loto oyunlar\u0131 gibidir. Temel olarak, 1&#8217;den 39&#8217;a kadar olan aral\u0131ktan 5 say\u0131 ve 1&#8217;den 14&#8217;e kadar \u00f6zel bir say\u0131 se\u00e7meniz gerekir. \u00d6zel say\u0131ya &#8220;Thunderball&#8221; ad\u0131 verilir ve b\u00fcy\u00fck ikramiye de dahil olmak \u00fczere alt\u0131 \u00f6d\u00fcl kategorisini belirlemek i\u00e7in kullan\u0131l\u0131r.<\/p>\n<p>\u00c7evrimi\u00e7i oynamak \u00e7ok farkl\u0131 de\u011fildir, sadece rastgele rakamlar se\u00e7mek i\u00e7in say\u0131 \u00fcretecini kullanabilirsiniz. Bu, fiziksel biletlere al\u0131\u015fk\u0131n olanlar i\u00e7in bir t\u00fcr &#8220;\u015fansl\u0131 dal\u0131\u015f&#8221; gibidir. Thunderball kazanma \u015fans\u0131n\u0131z\u0131 art\u0131rmak i\u00e7in birka\u00e7 hat ve birden fazla bilet se\u00e7ebilirsiniz.<\/p>\n<p>Bir sonraki ad\u0131m \u00e7ekili\u015fe kat\u0131lmakt\u0131r ve bu en iyi k\u0131s\u0131md\u0131r. Birden fazla \u00e7ekili\u015fe kat\u0131lman\u0131n tamamen uygun oldu\u011funu unutmay\u0131n. Biletinizi bizden sat\u0131n al\u0131rsan\u0131z, \u00e7ekili\u015fe birka\u00e7 hafta \u00f6nceden de kat\u0131labilirsiniz. Bu, bu \u015fans oyununu oynamak s\u00f6z konusu oldu\u011funda size bir avantaj sa\u011flar.<\/p>\n<section class=\"layout\" style=\"border: solid 1px; width: 100%;\">\n<div class=\"img-div\" style=\"margin-top: 5px;\"><img decoding=\"async\" class=\"wp-image-17212 alignleft\" style=\"height: 45px; margin: 8px 8px 0px;\" src=\"https:\/\/jackpotlotteryonline.com\/wp-content\/uploads\/2022\/11\/read1.jpg\" alt=\"okuyun\" width=\"\" height=\"\" \/><\/div>\n<div style=\"padding-left: 5px;\">\n<div style=\"font-size: 1.1em;\">\n<p><strong>B\u00fcy\u00fck kazanman\u0131z i\u00e7in en iyi oranlara sahip piyangolar<\/strong><\/p>\n<p style=\"font-size: 0.85em; margin-top: -1.5em;\">Hangi piyango en iyi kazanma \u015fans\u0131na sahip?\u00a0<a href=\"https:\/\/jackpotlotteryonline.com\/tr\/hangi-piyango-en-iyi-kazanma-sansina-sahiptir\"> daha fazla oku<\/a><\/p>\n<\/div>\n<\/div>\n<\/section>\n<h2>Thunderball \u00e7ekili\u015f g\u00fcnleri<\/h2>\n<p>\u00c7ekili\u015f g\u00fcnleri Sal\u0131, \u00c7ar\u015famba, Cuma ve Cumartesi g\u00fcnleri olmak \u00fczere haftada d\u00f6rt kezdir. Bu Birle\u015fik Krall\u0131k piyangosunun her hafta d\u00f6rt \u00e7ekili\u015fi vard\u0131r. Bunun oyuncular i\u00e7in anlam\u0131, Thunderball ile jackpot kazanma olas\u0131l\u0131\u011f\u0131n\u0131z\u0131n d\u00f6rt kat daha fazla oldu\u011fudur.<\/p>\n<p>Tek bir \u00e7ekili\u015fe kat\u0131labilirsiniz, ancak kazanma \u015fans\u0131n\u0131z\u0131n \u00e7ok daha y\u00fcksek olmas\u0131 i\u00e7in birden fazla \u00e7ekili\u015fe kat\u0131lmak muhtemelen en iyisidir. Unutmay\u0131n ki daha fazla giri\u015fle kazanma olas\u0131l\u0131\u011f\u0131n\u0131z daha y\u00fcksektir.<\/p>\n<h2>Thunderball \u00e7ekili\u015f sonu\u00e7lar\u0131 nas\u0131l kontrol edilir<\/h2>\n<p>\u015eimdi en iyi k\u0131sma, yani \u00e7ekili\u015f sonu\u00e7lar\u0131n\u0131 kontrol etmeye gelelim. Do\u011fru kombinasyona sahip olup olmad\u0131\u011f\u0131n\u0131z\u0131 bilmenin tek yolu \u00e7ekili\u015f sonu\u00e7lar\u0131n\u0131 kontrol etmektir. \u00c7o\u011fu piyango canl\u0131 \u00e7ekili\u015fler d\u00fczenler ve Thunderball da bir istisna de\u011fildir. B\u00f6ylece, canl\u0131 \u00e7ekili\u015fi \u00e7evrimi\u00e7i olarak izleyebilirsiniz. Canl\u0131 \u00e7ekili\u015flerin belirli bir zamanda ger\u00e7ekle\u015fti\u011fini ve kazan\u0131rsan\u0131z \u00f6d\u00fcl\u00fcn\u00fcz\u00fc ka\u00e7\u0131raca\u011f\u0131n\u0131z\u0131 unutmamak \u00f6nemlidir.<\/p>\n<p>Do\u011fal olarak, kazanan olup olmad\u0131\u011f\u0131n\u0131z\u0131 \u00f6\u011frenmek i\u00e7in her zaman interneti ara\u015ft\u0131rabilirsiniz. Ne yaz\u0131k ki, b\u00fcy\u00fck ikramiye i\u00e7in kombinasyonu elde edebilseniz de, di\u011fer \u00f6d\u00fcl kategorileri i\u00e7in bu o kadar kolay de\u011fildir. Thunderball i\u00e7in ikinci kademe \u00f6d\u00fcl 5000 sterlindir ve bunu ka\u00e7\u0131rmak istemezsiniz.<\/p>\n<p>En iyi se\u00e7enek, her \u00e7ekili\u015ften sonra bu sayfay\u0131 tekrar kontrol etmektir. T\u00fcm kategorilerdeki en son \u00e7ekili\u015f sonu\u00e7lar\u0131n\u0131 yay\u0131nl\u0131yoruz. Ayr\u0131ca, biletinizi bizden ald\u0131ysan\u0131z, herhangi bir \u00f6d\u00fcl kazan\u0131rsan\u0131z sizi bilgilendirece\u011fiz.<\/p>\n<h2>Kazanabilece\u011finiz \u00f6d\u00fcller<\/h2>\n<p>Bununla birlikte, \u00e7e\u015fitli kategorilerdeki farkl\u0131 \u00f6d\u00fcller nelerdir? Birle\u015fik Krall\u0131k Thunderball&#8217;da, sadece Thunderball&#8217;\u0131 e\u015fle\u015ftirmek i\u00e7in bir \u00f6d\u00fcl i\u00e7eren \u00e7e\u015fitli \u00f6d\u00fcl kategorileri vard\u0131r. Bir oyuncunun \u00f6d\u00fcl kazanma \u015fans\u0131 y\u00fcksektir.<\/p>\n<p>\u0130\u015fte UK Thunderball i\u00e7in \u00f6d\u00fcl kategorilerinin d\u00f6k\u00fcm\u00fc ve kazanma olas\u0131l\u0131klar\u0131.<\/p>\n<p>Kategori 1: Match 5 + Thunderball &#8211; 8.060.598&#8217;de 1 &#8211; \u00a3500.000<\/p>\n<p>Kategori 2: Yaln\u0131zca E\u015fle\u015fme 5 &#8211; 620.046&#8217;da 1 &#8211; 5000 \u00a3<\/p>\n<p>Kategori 3: Match 4 + Thunderball &#8211; 47.416&#8217;da 1 &#8211; 250 \u00a3<\/p>\n<p>Kategori 4: Sadece Ma\u00e7 4 &#8211; 3.648&#8217;de 1 &#8211; \u00a3100<\/p>\n<p>Kategori 5: Match 3 + Thunderball &#8211; 1.437&#8217;de 1 &#8211; \u00a320<\/p>\n<p>Kategori 6: Sadece 3. Ma\u00e7 &#8211; 111&#8217;de 1 &#8211; \u00a310<\/p>\n<p>Kategori 7: Match 2 + Thunderball &#8211; 135&#8217;te 1 &#8211; \u00a310<\/p>\n<p>Kategori 8: Match 1 + Thunderball &#8211; 35&#8217;te 1 &#8211; \u00a35<\/p>\n<p>Kategori 9: Ma\u00e7 Thunderball &#8211; 29&#8217;da 1 &#8211; \u00a33<\/p>\n<p>Birle\u015fik Krall\u0131k d\u0131\u015f\u0131nda ya\u015f\u0131yor olsalar bile herkes Thunderball \u00f6d\u00fcl\u00fc kazanabilir. B\u00fcy\u00fck kazanma \u015fans\u0131 i\u00e7in biletinizi \u00e7evrimi\u00e7i sat\u0131n alman\u0131z yeterlidir.<\/p>\n<h2>Kazan\u00e7lar\u0131n\u0131z\u0131 nakde \u00e7evirme<\/h2>\n<p><img loading=\"lazy\" decoding=\"async\" class=\"alignright size-full wp-image-28832\" src=\"https:\/\/jackpotlotteryonline.com\/wp-content\/uploads\/2022\/11\/1_online_win_lottery.jpg\" alt=\"Thunderball \u00f6d\u00fcl\u00fcn\u00fc talep etmek\" width=\"250\" height=\"167\" \/>Kazanan bir biletiniz varsa sizi e-posta yoluyla ve hesab\u0131n\u0131z \u00fczerinden bilgilendirece\u011fimizi belirtmi\u015ftik. Ancak, Birle\u015fik Krall\u0131k d\u0131\u015f\u0131nda ya\u015f\u0131yorsan\u0131z kazanc\u0131n\u0131z\u0131 nas\u0131l \u00e7ekersiniz? Bu, bir\u00e7ok bahis\u00e7inin endi\u015felendi\u011fi bir sorudur. Kazan\u00e7lar\u0131n\u0131z konusunda i\u00e7inizi rahatlatmak i\u00e7in buraday\u0131z.<\/p>\n<p>Bize kaydoldu\u011funuzda ve piyango biletlerinizi bizden sat\u0131n ald\u0131\u011f\u0131n\u0131zda, s\u00fcreci sizin i\u00e7in basitle\u015ftiriyoruz. Bir konsiyerj sitesi olarak, kazanc\u0131n\u0131z\u0131 kolayca \u00e7ekebilece\u011finiz sorunsuz bir s\u00fcre\u00e7 olu\u015fturduk. Tek yapman\u0131z gereken 2.500 Euro&#8217;nun alt\u0131ndaki \u00f6d\u00fclleri sitemizden hesab\u0131n\u0131za nakde \u00e7evirmektir.<\/p>\n<p>Bu tutar\u0131n \u00fczerinde bir \u00f6d\u00fcl kazand\u0131ysan\u0131z, kazanc\u0131n\u0131z\u0131 do\u011frudan piyango \u015firketinden talep etmeniz gerekir. Size bir talep formu sa\u011flayaca\u011f\u0131z ve s\u00fcre\u00e7 boyunca size rehberlik edece\u011fiz. Bu y\u00fczden korkman\u0131za gerek yok, her \u015feyin kolay ve stressiz olmas\u0131n\u0131 sa\u011fl\u0131yoruz.<\/p>\n<h2>\u00d6d\u00fcl\u00fcn\u00fcz\u00fc talep etmeden \u00f6nce bilmeniz gerekenler<\/h2>\n<p>\u00d6d\u00fcl\u00fcn\u00fcz\u00fc talep etmeden \u00f6nce, Birle\u015fik Krall\u0131k&#8217;ta piyango oynamak hakk\u0131nda birka\u00e7 \u015fey bilmek \u00f6nemlidir. Piyangonun milliyetten ba\u011f\u0131ms\u0131z olarak herkese a\u00e7\u0131k oldu\u011funu zaten biliyoruz, ancak burada dikkat edilmesi gereken birka\u00e7 \u015fey var:<\/p>\n<ul>\n<li>Piyango 16 ya\u015f\u0131ndan b\u00fcy\u00fck oyunculara a\u00e7\u0131kt\u0131r<\/li>\n<li>\u00d6d\u00fcller toplu olarak \u00f6denir<\/li>\n<li>Piyango kazan\u00e7lar\u0131 \u00fclkede vergiye tabi de\u011fildir. Ancak, \u00fclke d\u0131\u015f\u0131ndan oynuyorsan\u0131z, \u00fclkenizin vergi yasalar\u0131n\u0131 kontrol etmelisiniz<\/li>\n<li>Herhangi bir kazanc\u0131 havuza geri d\u00f6nmeden \u00f6nce talep etmek i\u00e7in 180 g\u00fcn\u00fcn\u00fcz var<\/li>\n<li>Piyangoya fiziksel bir sat\u0131c\u0131 arac\u0131l\u0131\u011f\u0131yla girdiyseniz, kazanc\u0131n\u0131z\u0131 talep etmek i\u00e7in piyango organizat\u00f6rleriyle ileti\u015fime ge\u00e7meniz gerekebilir.<\/li>\n<\/ul>\n<h2>Jackpotlotteryonline.com ile piyango oynaman\u0131n faydalar\u0131<\/h2>\n<ul>\n<li>Piyangoya h\u0131zl\u0131 ve an\u0131nda eri\u015fim elde edersiniz. Piyango oynamak i\u00e7in Birle\u015fik Krall\u0131k&#8217;ta ya\u015famak zorunda de\u011filsiniz<\/li>\n<li>Evinizin konforundan ayr\u0131lman\u0131za gerek olmad\u0131\u011f\u0131 i\u00e7in \u00e7ok kullan\u0131\u015fl\u0131d\u0131r. Kombinasyonunuzu bilgisayar\u0131n\u0131zdan veya mobil cihaz\u0131n\u0131zdan kontrol edin.<\/li>\n<li>Ayn\u0131 zamanda daha g\u00fcvenlidir \u00e7\u00fcnk\u00fc biletiniz dijital olarak saklan\u0131r. Bu \u00f6nemlidir \u00e7\u00fcnk\u00fc kazanc\u0131n\u0131z\u0131 talep etmenin tek yolu budur.<\/li>\n<li>Kazanc\u0131n\u0131z\u0131 ka\u00e7\u0131rman\u0131za gerek yok \u00e7\u00fcnk\u00fc herhangi bir \u00f6d\u00fcl kazan\u0131rsan\u0131z sizi hemen uyaraca\u011f\u0131z<\/li>\n<li>Herhangi bir yere gitmeden herhangi bir kazanc\u0131 \u00e7evrimi\u00e7i olarak kolayca \u00e7ekebilirsiniz<\/li>\n<\/ul>\n<p>Thunderball biletinizi hen\u00fcz almad\u0131ysan\u0131z, bir sonraki \u00e7ekili\u015fe kat\u0131labilmek i\u00e7in bunu yapman\u0131n tam zaman\u0131.<\/p>\n<h2>Konsiyerj sitesi nedir?<\/h2>\n<p>Bir konsiyerj sitesi oldu\u011fumuzdan bahsetmi\u015ftik ve bunun ne anlama geldi\u011fini merak ediyor olabilirsiniz. Oyuncular\u0131n \u00e7evrimi\u00e7i bilet sat\u0131n al\u0131rken ya\u015fad\u0131klar\u0131 bir sorun, piyangoya kat\u0131l\u0131p kat\u0131lmad\u0131klar\u0131n\u0131 asla bilememeleridir. Bir\u00e7ok site, oyuncular\u0131n\u0131n piyangonun sonucu \u00fczerine bahis oynamas\u0131na izin verir ki bu tamamen farkl\u0131 bir \u015feydir.<\/p>\n<p>Jackpotlotteryonline.com&#8217;da, kullan\u0131c\u0131lar\u0131m\u0131za d\u00fcnyan\u0131n d\u00f6rt bir yan\u0131ndaki en iyi uluslararas\u0131 piyangolara eri\u015fim sa\u011fl\u0131yoruz. Bunun nedeni, d\u00fcnyan\u0131n farkl\u0131 yerlerinde temsilcilerimizin bulundu\u011fu bir konsiyerj sitesi i\u015fletmemizdir. Bizden piyango bileti sat\u0131n ald\u0131\u011f\u0131n\u0131zda, o \u00fclkedeki temsilcimiz ilgili numaralar\u0131 i\u00e7eren fiziksel bir bilet sat\u0131n al\u0131r. Bilet daha sonra taran\u0131r ve size g\u00f6nderilir.<\/p>\n<p>Thunderball piyango biletinizi bizden sat\u0131n ald\u0131\u011f\u0131n\u0131zda, \u00e7ekilen numaralar\u0131 e\u015fle\u015ftirirseniz piyangoyu kazanaca\u011f\u0131n\u0131zdan emin olursunuz. Bu kadar basit olmas\u0131na ra\u011fmen, m\u00fc\u015fterilerimize \u00e7evrimi\u00e7i piyango oynamalar\u0131 i\u00e7in g\u00f6n\u00fcl rahatl\u0131\u011f\u0131 veren tek \u015fey budur.<\/p>\n<h2>Thunderball kazanmak i\u00e7in ipu\u00e7lar\u0131<\/h2>\n<p>Thunderball bir \u015fans oyunu olmas\u0131na ra\u011fmen, kazanma olas\u0131l\u0131\u011f\u0131n\u0131z\u0131 art\u0131rmak i\u00e7in yapabilece\u011finiz \u015feyler vard\u0131r. A\u015fa\u011f\u0131da birka\u00e7\u0131n\u0131 listeleyece\u011fiz:<\/p>\n<ul>\n<li>\u015eansl\u0131 rakamlar\u0131n\u0131z\u0131 se\u00e7in. Thunderball oynarken \u00e7ok fazla \u015fansa sahip olamazs\u0131n\u0131z<\/li>\n<li>Daha fazla bilet al\u0131n ve birden fazla \u00e7ekili\u015fe kat\u0131l\u0131n. \u00c7\u00fcnk\u00fc ne kadar \u00e7ok giri\u015f yaparsan\u0131z, kazanma \u015fans\u0131n\u0131z o kadar y\u00fcksek olur.<\/li>\n<li>Bir sendikaya kat\u0131l\u0131n veya bir sendika kurun. Bu, daha fazla bilet sat\u0131n alabilmek i\u00e7in kaynaklar\u0131n\u0131 bir araya getiren bir grup insand\u0131r.<\/li>\n<li>Kazanaca\u011f\u0131n\u0131za dair g\u00fc\u00e7l\u00fc bir inanc\u0131n\u0131z olsun. T\u00fcm kalbinizle inanman\u0131n size \u015fans getiren bir yan\u0131 vard\u0131r. Bir\u00e7ok piyango kazanan\u0131, kazanacaklar\u0131na olan inan\u00e7lar\u0131ndan bahsetmi\u015ftir.<\/li>\n<\/ul>\n<h2>Kazanan kombinasyonunuzu jackpotlotteryonline.com adresinden kontrol edin<\/h2>\n<p>Online bilet sa\u011flayarak oyuncular\u0131n en iyi uluslararas\u0131 piyangolara eri\u015fmesini kolayla\u015ft\u0131r\u0131yoruz. Bunun \u00f6tesinde, \u00e7ekili\u015f sonu\u00e7lar\u0131n\u0131 kontrol edebilir ve kazan\u00e7lar\u0131n\u0131z\u0131 sitemizden nakde \u00e7evirebilirsiniz. Thunderball oynamak hi\u00e7 bu kadar rahatlat\u0131c\u0131 veya stressiz olmam\u0131\u015ft\u0131. Ve biz de bu \u015fekilde kalmas\u0131n\u0131 sa\u011flamak i\u00e7in \u00e7ok \u00e7al\u0131\u015ft\u0131k.<\/p>\n<p>\u0130ngiltere Thunderball&#8217;u denemek istiyorsan\u0131z, biletlerinizi \u015fimdi sat\u0131n almaktan \u00e7ekinmeyin. \u00c7ekili\u015f sonu\u00e7lar\u0131n\u0131 \u00f6\u011frenmek ve kazan\u00e7lar\u0131n\u0131z\u0131 kolayca nakde \u00e7evirmek i\u00e7in her \u00e7ekili\u015ften sonra sitemizi ziyaret edin.<\/p>\n","protected":false},"excerpt":{"rendered":"<p>Thunderball \u0130ngiltere&#8217;nin en pop\u00fcler piyangolar\u0131ndan biridir. Sadece k\u00fc\u00e7\u00fck bir miktar kar\u015f\u0131l\u0131\u011f\u0131nda bahis\u00e7iler yar\u0131m milyon pound kazanabilirler ki bu harika bir \u015feydir. D\u0131\u015far\u0131da pek \u00e7ok piyango var, ancak Thunderball&#8217;da oyuncular\u0131 \u00e7eken bir \u015fey var. Bu, inan\u0131lmaz derecede uygun oranlar veya \u00e7ok say\u0131da kazanan \u00fcretmesi olabilir. Sebep ne olursa olsun, d\u00fcnyan\u0131n d\u00f6rt bir yan\u0131ndaki oyuncular Thunderball piyango [&hellip;]<\/p>\n","protected":false},"author":1,"featured_media":0,"parent":35860,"menu_order":12,"comment_status":"closed","ping_status":"closed","template":"thunderball-results.php","meta":{"_et_pb_use_builder":"","_et_pb_old_content":"","_et_gb_content_width":"","exclude_from_search":false,"footnotes":""},"class_list":["post-41339","page","type-page","status-publish","hentry"],"yoast_head":"<!-- This site is optimized with the Yoast SEO plugin v23.3 - https:\/\/yoast.com\/wordpress\/plugins\/seo\/ -->\n<title>Thunderball Piyangosu kazanan numaralar ve \u00e7ekili\u015f sonu\u00e7lar\u0131<\/title>\n<meta name=\"description\" content=\"Biletinizi en son Thunderball \u00e7ekili\u015finin kazanan numaralar\u0131 ve sonu\u00e7lar\u0131yla kar\u015f\u0131la\u015ft\u0131r\u0131n veya ge\u00e7mi\u015f \u00e7ekili\u015f sonu\u00e7lar\u0131n\u0131 bulun\" \/>\n<meta name=\"robots\" content=\"index, follow, max-snippet:-1, max-image-preview:large, max-video-preview:-1\" \/>\n<link rel=\"canonical\" href=\"https:\/\/jackpotlotteryonline.com\/tr\/kazanan-sayilar\/thunderball\/\" \/>\n<meta property=\"og:locale\" content=\"tr_TR\" \/>\n<meta property=\"og:type\" content=\"article\" \/>\n<meta property=\"og:title\" content=\"Thunderball Piyangosu kazanan numaralar ve \u00e7ekili\u015f sonu\u00e7lar\u0131\" \/>\n<meta property=\"og:description\" content=\"Biletinizi en son Thunderball \u00e7ekili\u015finin kazanan numaralar\u0131 ve sonu\u00e7lar\u0131yla kar\u015f\u0131la\u015ft\u0131r\u0131n veya ge\u00e7mi\u015f \u00e7ekili\u015f sonu\u00e7lar\u0131n\u0131 bulun\" \/>\n<meta property=\"og:url\" content=\"https:\/\/jackpotlotteryonline.com\/tr\/kazanan-sayilar\/thunderball\/\" \/>\n<meta property=\"og:site_name\" content=\"Lotto Online - Crack The International Lottery Jackpots\" \/>\n<meta property=\"article:modified_time\" content=\"2022-12-29T14:21:38+00:00\" \/>\n<meta property=\"og:image\" content=\"https:\/\/jackpotlotteryonline.com\/wp-content\/uploads\/2022\/11\/1_rain_lottery_money_win-282x300.jpg\" \/>\n<meta name=\"twitter:card\" content=\"summary_large_image\" \/>\n<meta name=\"twitter:label1\" content=\"Tahmini okuma s\u00fcresi\" \/>\n\t<meta name=\"twitter:data1\" content=\"6 dakika\" \/>\n<!-- \/ Yoast SEO plugin. -->","yoast_head_json":{"title":"Thunderball Piyangosu kazanan numaralar ve \u00e7ekili\u015f sonu\u00e7lar\u0131","description":"Biletinizi en son Thunderball \u00e7ekili\u015finin kazanan numaralar\u0131 ve sonu\u00e7lar\u0131yla kar\u015f\u0131la\u015ft\u0131r\u0131n veya ge\u00e7mi\u015f \u00e7ekili\u015f sonu\u00e7lar\u0131n\u0131 bulun","robots":{"index":"index","follow":"follow","max-snippet":"max-snippet:-1","max-image-preview":"max-image-preview:large","max-video-preview":"max-video-preview:-1"},"canonical":"https:\/\/jackpotlotteryonline.com\/tr\/kazanan-sayilar\/thunderball\/","og_locale":"tr_TR","og_type":"article","og_title":"Thunderball Piyangosu kazanan numaralar ve \u00e7ekili\u015f sonu\u00e7lar\u0131","og_description":"Biletinizi en son Thunderball \u00e7ekili\u015finin kazanan numaralar\u0131 ve sonu\u00e7lar\u0131yla kar\u015f\u0131la\u015ft\u0131r\u0131n veya ge\u00e7mi\u015f \u00e7ekili\u015f sonu\u00e7lar\u0131n\u0131 bulun","og_url":"https:\/\/jackpotlotteryonline.com\/tr\/kazanan-sayilar\/thunderball\/","og_site_name":"Lotto Online - Crack The International Lottery Jackpots","article_modified_time":"2022-12-29T14:21:38+00:00","og_image":[{"url":"https:\/\/jackpotlotteryonline.com\/wp-content\/uploads\/2022\/11\/1_rain_lottery_money_win-282x300.jpg"}],"twitter_card":"summary_large_image","twitter_misc":{"Tahmini okuma s\u00fcresi":"6 dakika"},"schema":{"@context":"https:\/\/schema.org","@graph":[{"@type":"WebPage","@id":"https:\/\/jackpotlotteryonline.com\/tr\/kazanan-sayilar\/thunderball\/","url":"https:\/\/jackpotlotteryonline.com\/tr\/kazanan-sayilar\/thunderball\/","name":"Thunderball Piyangosu kazanan numaralar ve \u00e7ekili\u015f sonu\u00e7lar\u0131","isPartOf":{"@id":"https:\/\/jackpotlotteryonline.com\/#website"},"primaryImageOfPage":{"@id":"https:\/\/jackpotlotteryonline.com\/tr\/kazanan-sayilar\/thunderball\/#primaryimage"},"image":{"@id":"https:\/\/jackpotlotteryonline.com\/tr\/kazanan-sayilar\/thunderball\/#primaryimage"},"thumbnailUrl":"https:\/\/jackpotlotteryonline.com\/wp-content\/uploads\/2022\/11\/1_rain_lottery_money_win-282x300.jpg","datePublished":"2022-12-09T07:24:28+00:00","dateModified":"2022-12-29T14:21:38+00:00","description":"Biletinizi en son Thunderball \u00e7ekili\u015finin kazanan numaralar\u0131 ve sonu\u00e7lar\u0131yla kar\u015f\u0131la\u015ft\u0131r\u0131n veya ge\u00e7mi\u015f \u00e7ekili\u015f sonu\u00e7lar\u0131n\u0131 bulun","breadcrumb":{"@id":"https:\/\/jackpotlotteryonline.com\/tr\/kazanan-sayilar\/thunderball\/#breadcrumb"},"inLanguage":"tr","potentialAction":[{"@type":"ReadAction","target":["https:\/\/jackpotlotteryonline.com\/tr\/kazanan-sayilar\/thunderball\/"]}]},{"@type":"ImageObject","inLanguage":"tr","@id":"https:\/\/jackpotlotteryonline.com\/tr\/kazanan-sayilar\/thunderball\/#primaryimage","url":"https:\/\/jackpotlotteryonline.com\/wp-content\/uploads\/2022\/11\/1_rain_lottery_money_win-282x300.jpg","contentUrl":"https:\/\/jackpotlotteryonline.com\/wp-content\/uploads\/2022\/11\/1_rain_lottery_money_win-282x300.jpg"},{"@type":"BreadcrumbList","@id":"https:\/\/jackpotlotteryonline.com\/tr\/kazanan-sayilar\/thunderball\/#breadcrumb","itemListElement":[{"@type":"ListItem","position":1,"name":"Home","item":"https:\/\/jackpotlotteryonline.com\/tr\/"},{"@type":"ListItem","position":2,"name":"Piyango sonu\u00e7lar\u0131","item":"https:\/\/jackpotlotteryonline.com\/tr\/kazanan-sayilar\/"},{"@type":"ListItem","position":3,"name":"Thunderball Piyango \u00e7ekili\u015f sonu\u00e7lar\u0131"}]},{"@type":"WebSite","@id":"https:\/\/jackpotlotteryonline.com\/#website","url":"https:\/\/jackpotlotteryonline.com\/","name":"Lotto Online - Crack The International Lottery Jackpots","description":"","potentialAction":[{"@type":"SearchAction","target":{"@type":"EntryPoint","urlTemplate":"https:\/\/jackpotlotteryonline.com\/?s={search_term_string}"},"query-input":"required name=search_term_string"}],"inLanguage":"tr"}]}},"_links":{"self":[{"href":"https:\/\/jackpotlotteryonline.com\/tr\/wp-json\/wp\/v2\/pages\/41339","targetHints":{"allow":["GET"]}}],"collection":[{"href":"https:\/\/jackpotlotteryonline.com\/tr\/wp-json\/wp\/v2\/pages"}],"about":[{"href":"https:\/\/jackpotlotteryonline.com\/tr\/wp-json\/wp\/v2\/types\/page"}],"author":[{"embeddable":true,"href":"https:\/\/jackpotlotteryonline.com\/tr\/wp-json\/wp\/v2\/users\/1"}],"replies":[{"embeddable":true,"href":"https:\/\/jackpotlotteryonline.com\/tr\/wp-json\/wp\/v2\/comments?post=41339"}],"version-history":[{"count":0,"href":"https:\/\/jackpotlotteryonline.com\/tr\/wp-json\/wp\/v2\/pages\/41339\/revisions"}],"up":[{"embeddable":true,"href":"https:\/\/jackpotlotteryonline.com\/tr\/wp-json\/wp\/v2\/pages\/35860"}],"wp:attachment":[{"href":"https:\/\/jackpotlotteryonline.com\/tr\/wp-json\/wp\/v2\/media?parent=41339"}],"curies":[{"name":"wp","href":"https:\/\/api.w.org\/{rel}","templated":true}]}}