{"id":41394,"date":"2022-12-09T09:14:26","date_gmt":"2022-12-09T09:14:26","guid":{"rendered":"https:\/\/jackpotlotteryonline.com\/?page_id=41394"},"modified":"2022-12-30T10:38:26","modified_gmt":"2022-12-30T10:38:26","slug":"new-york-lottery","status":"publish","type":"page","link":"https:\/\/jackpotlotteryonline.com\/tr\/kazanan-sayilar\/new-york-lottery\/","title":{"rendered":"New York piyango \u00e7ekili\u015f sonu\u00e7lar\u0131"},"content":{"rendered":"<p>New York lotosu eskiden g\u00f6z ard\u0131 edilen piyangolardan biriydi. Bunun en b\u00fcy\u00fck nedeni piyangoya yaln\u0131zca New York&#8217;ta ikamet edenlerin kat\u0131labilmesiydi. Art\u0131k t\u00fcm d\u00fcnyadaki oyuncular piyango bileti sat\u0131n alabildi\u011fi i\u00e7in bu durum de\u011fi\u015fti. Art\u0131k daha fazla piyango tutkunu \u00e7evrimi\u00e7i oynayarak kazanan numaralar\u0131 se\u00e7iyor. Bu New York lotosu e\u011fitime fon sa\u011flamak i\u00e7in kurulmu\u015ftur, bu nedenle k\u00f6keni iyi bir amaca dayanmaktad\u0131r. Her bilet ald\u0131\u011f\u0131n\u0131zda, e\u011fitime fon sa\u011flamak i\u00e7in ba\u011f\u0131\u015fta bulunmu\u015f olursunuz.<\/p>\n<p><a href=\"https:\/\/jackpotlotteryonline.com\/tr\/bilet-satin-al\/new-york-lottery\">Piyango biletinizi jackpotlotteryonline.com adresinden sat\u0131n ald\u0131\u011f\u0131n\u0131zda<\/a> New York loto kombinasyonunuzu se\u00e7ebilirsiniz.<\/p>\n<h2>New York loto online nas\u0131l oynan\u0131r<\/h2>\n<p>Piyango oynamak e\u011flenceli ve heyecan vericidir. Ancak \u00e7evrimi\u00e7i oynad\u0131\u011f\u0131n\u0131zda bu deneyim daha da artar. \u00c7evrimi\u00e7i piyangoya girmek h\u0131zl\u0131, basit ve tamamen anla\u015f\u0131l\u0131rd\u0131r. E\u011fer New York lotosunu oynuyorsan\u0131z, a\u015fa\u011f\u0131daki ad\u0131mlar\u0131 takip edin:<\/p>\n<ul>\n<li>Se\u00e7ti\u011finiz siteyi ziyaret edin (jackpotlotteryonline.com gibi) ve oynamak istedi\u011finiz piyangoya t\u0131klay\u0131n.<\/li>\n<li>1&#8217;den 59&#8217;a kadar olan aral\u0131ktan 6&#8217;y\u0131 se\u00e7in. Bir 7. numara vard\u0131r, ancak bu loto \u015firketi taraf\u0131ndan rastgele \u00e7ekilir ve biletinizin bir par\u00e7as\u0131 de\u011fildir.<\/li>\n<li>Her hafta \u00c7ar\u015famba ve Cumartesi g\u00fcnleri olan \u00e7ekili\u015flere kat\u0131l\u0131n. Sadece bir \u00e7ekili\u015fe veya her ikisine birden kat\u0131labilirsiniz.<\/li>\n<li>\u00d6demenizi tamamlay\u0131n. \u00c7o\u011fu piyango sitesi, \u00f6demenizi tamamlamak i\u00e7in kay\u0131t olman\u0131z\u0131 isteyecektir. Bu, biletinizi sat\u0131n ald\u0131ktan sonra kolayca eri\u015febilmeniz i\u00e7indir.<\/li>\n<\/ul>\n<p>\u00c7evrimi\u00e7i piyango oynamak ger\u00e7ekten bu kadar basit. New York d\u0131\u015f\u0131ndan bilet alman\u0131n ba\u015fka bir yolu yoktur. Bu nedenle, d\u00fcnyan\u0131n ba\u015fka bir yerinde ya\u015fayan oyuncular i\u00e7in en iyi se\u00e7ene\u011fi sunuyoruz.<\/p>\n<h2>Kazanan numaralar nas\u0131l se\u00e7ilir<\/h2>\n<p><img loading=\"lazy\" decoding=\"async\" class=\"alignright size-full wp-image-29534\" src=\"http:\/\/jackpotlotteryonline.com\/wp-content\/uploads\/2022\/11\/1_results_lottery_online5.jpg\" alt=\"New York loto online oyna\" width=\"300\" height=\"200\" \/>Peki, piyangoyu kazanmay\u0131 garantileyen kombinasyonlar\u0131 se\u00e7mek i\u00e7in ger\u00e7ekten bir kazanma stratejisi var m\u0131? Piyangonun bir \u015fans oyunu olmas\u0131 gibi basit bir nedenden dolay\u0131 b\u00f6yle bir strateji oldu\u011funu d\u00fc\u015f\u00fcnm\u00fcyoruz. \u00d6zellikle \u00e7ekili\u015fler rastgele oldu\u011fu i\u00e7in hangi kombinasyonun piyangoyu kazanman\u0131za yard\u0131mc\u0131 olaca\u011f\u0131n\u0131 s\u00f6ylemek olduk\u00e7a zordur.<\/p>\n<p>Yine de, size kendinizi \u015fansl\u0131 hissettiren kazanan numaralar\u0131 se\u00e7erek \u015fans\u0131n\u0131z\u0131 art\u0131rabilirsiniz. Yani, do\u011fum g\u00fcnlerini, y\u0131ld\u00f6n\u00fcmlerini, hayat\u0131n\u0131z boyunca sizin i\u00e7in \u015fansl\u0131 olan rakamlar\u0131 vb. se\u00e7ebilirsiniz. Ya da rastgele rakamlar se\u00e7mek i\u00e7in sitemizdeki otomatik jenerat\u00f6r arac\u0131n\u0131 kullanabilirsiniz.<\/p>\n<h2>New York loto \u00f6d\u00fcl kategorileri<\/h2>\n<p>Bu New York lotosunun minimum ikramiye tutar\u0131 2 milyon $&#8217;d\u0131r. Ancak \u00e7ekili\u015flerden sonra kimse ikramiyeyi kazanamazsa, ikramiye 300.000 $ artar. Bu \u00f6d\u00fcl, bir kazanan ortaya \u00e7\u0131kana kadar artmaya devam eder.<\/p>\n<p>B\u00fcy\u00fck ikramiye de dahil olmak \u00fczere toplam be\u015f \u00f6d\u00fcl kategorisi vard\u0131r. Ve toplamda bir \u00f6d\u00fcl kazanma olas\u0131l\u0131\u011f\u0131 92,05&#8217;te 1&#8217;dir. \u00d6d\u00fcllerin da\u011f\u0131l\u0131m\u0131 toplam sat\u0131\u015flara ba\u011fl\u0131d\u0131r. B\u00f6ylece, her bir loto i\u00e7in, sat\u0131\u015flar\u0131n %40&#8217;\u0131 para \u00f6d\u00fcl\u00fc olarak tahsis edilir. B\u00fcy\u00fck ikramiye bunun bir y\u00fczdesidir ve kilitli bir miktar de\u011fildir. New York loto i\u00e7in \u00f6d\u00fcl kategorileri a\u015fa\u011f\u0131da \u00f6zetlenmi\u015ftir:<\/p>\n<p>Kategori 1: 6 say\u0131 &#8211; b\u00fcy\u00fck ikramiye (%30)<\/p>\n<p>Kategori 2: 5 + Bonus numaras\u0131 &#8211; sat\u0131\u015flar\u0131n %2,9&#8217;u<\/p>\n<p>Kategori 3: 5 say\u0131 &#8211; sat\u0131\u015flar\u0131n %2,2&#8217;si<\/p>\n<p>Kategori 4: 4 numara &#8211; sat\u0131\u015flar\u0131n %2,5&#8217;i<\/p>\n<p>Kategori 5: 3 numara &#8211; sat\u0131\u015flar\u0131n %2,4&#8217;\u00fc<\/p>\n<h2>Kazanan numaralar nas\u0131l kontrol edilir<\/h2>\n<p>Bir \u00f6d\u00fcl kazan\u0131p kazanmad\u0131\u011f\u0131n\u0131z\u0131 nas\u0131l anlars\u0131n\u0131z? Temel olarak, jackpotlotteryonline.com adresinde New York loto oynuyorsan\u0131z, bir \u00f6d\u00fcl kazand\u0131ysan\u0131z sizi bilgilendirece\u011fiz. Bunu hesab\u0131n\u0131za ve e-postan\u0131za bir mesaj g\u00f6ndererek yapar\u0131z. E\u011fer bize kay\u0131tl\u0131ysan\u0131z, \u00f6d\u00fcl\u00fcn\u00fcz\u00fc ka\u00e7\u0131rman\u0131z\u0131n hi\u00e7bir yolu yoktur.<\/p>\n<p>Bir \u00f6d\u00fcl kazanmasan\u0131z bile, bu sayfay\u0131 ziyaret ederek kazanan numaralar\u0131 kontrol edebilirsiniz. Her \u00e7ekili\u015ften sonra \u00e7ekili\u015f sonu\u00e7lar\u0131n\u0131 burada yay\u0131nl\u0131yoruz. Bu y\u00fczden tekrar kontrol edin ve hangi kombinasyonun b\u00fcy\u00fck ikramiyeyi veya di\u011fer kategorilerdeki \u00f6d\u00fclleri kazand\u0131\u011f\u0131n\u0131 g\u00f6r\u00fcn.<\/p>\n<h2>\u00d6d\u00fcl\u00fcn\u00fcz\u00fc nas\u0131l \u00e7ekebilirsiniz?<\/h2>\n<p><img loading=\"lazy\" decoding=\"async\" class=\"alignright size-medium wp-image-29183\" src=\"http:\/\/jackpotlotteryonline.com\/wp-content\/uploads\/2022\/11\/1_play_lotto-online-300x199.jpg\" alt=\"New York loto kazanan numaralar\" width=\"300\" height=\"199\" srcset=\"https:\/\/jackpotlotteryonline.com\/wp-content\/uploads\/2022\/11\/1_play_lotto-online-300x199.jpg 300w, https:\/\/jackpotlotteryonline.com\/wp-content\/uploads\/2022\/11\/1_play_lotto-online.jpg 350w\" sizes=\"auto, (max-width: 300px) 100vw, 300px\" \/>Bir \u00f6d\u00fcl kazand\u0131ysan\u0131z, kazanc\u0131n\u0131za do\u011frudan sitemizden kolayca eri\u015febilirsiniz. 2.500 Euro&#8217;nun alt\u0131ndaki \u00f6d\u00fcller i\u00e7in, kazanc\u0131n\u0131z\u0131 do\u011frudan platformumuzdan bankan\u0131za \u00e7ekebilirsiniz. Bu sadece birka\u00e7 t\u0131klama meselesidir ve \u00f6d\u00fcl\u00fcn\u00fcz\u00fc hi\u00e7bir g\u00fc\u00e7l\u00fck \u00e7ekmeden al\u0131rs\u0131n\u0131z.<\/p>\n<p>Ancak, kazanc\u0131n\u0131z 2.500 avrodan fazlaysa, do\u011frudan piyango \u015firketiyle ileti\u015fime ge\u00e7meniz gerekebilir. Bu durumda, doldurman\u0131z i\u00e7in size bir talep formu g\u00f6nderece\u011fiz ve kazanc\u0131n\u0131z\u0131 i\u015fleme koyman\u0131za yard\u0131mc\u0131 olaca\u011f\u0131z.<\/p>\n<h2>New York lotosunu oynamak i\u00e7in ipu\u00e7lar\u0131<\/h2>\n<p>Piyango oynamak i\u00e7in baz\u0131 ipu\u00e7lar\u0131na ihtiyac\u0131n\u0131z varsa, okumaya devam edin. Bu ipu\u00e7lar\u0131, en iyi uluslararas\u0131 piyangolardan herhangi birini oynarken kullan\u0131\u015fl\u0131d\u0131r. Yani, sadece New York loto ile s\u0131n\u0131rl\u0131 de\u011filler.<\/p>\n<ul>\n<li>Kazanan numaralar\u0131n\u0131z\u0131 dikkatle se\u00e7in. Piyango kazanan\u0131n\u0131 tahmin edemeseniz bile, sizin i\u00e7in anlam\u0131 olan bir kombinasyon se\u00e7mek her zaman iyi bir fikirdir.<\/li>\n<li>Bu New York lotosu i\u00e7in bonus numaras\u0131 \u00f6nemlidir \u00e7\u00fcnk\u00fc ikinci kategorideki \u00f6d\u00fcl\u00fc belirler. Bu nedenle, ikramiyeyi kazanmasan\u0131z bile eve g\u00fczel bir kazan\u00e7la gidebilece\u011finiz i\u00e7in bunu g\u00f6z ard\u0131 etmeyin.<\/li>\n<li>\u00c7ekili\u015f g\u00fcnlerine dikkat edin \u00e7\u00fcnk\u00fc kazanan numaray\u0131 o zaman \u00f6\u011freniriz. Ayr\u0131ca, bir \u00e7ekili\u015fe kat\u0131lmazsan\u0131z, o \u00e7ekili\u015f s\u0131ras\u0131nda herhangi bir \u00f6d\u00fcl kazanamazs\u0131n\u0131z. Bu y\u00fczden \u00e7ekili\u015f g\u00fcnleri ger\u00e7ekten \u00f6nemlidir. \u00c7ekili\u015flere birka\u00e7 hafta \u00f6nceden de kat\u0131labilirsiniz (nas\u0131l yapaca\u011f\u0131n\u0131z\u0131 daha sonra g\u00f6sterece\u011fiz).<\/li>\n<\/ul>\n<section class=\"layout\" style=\"border: solid 1px; width: 100%;\">\n<div class=\"img-div\" style=\"margin-top: 5px;\"><img decoding=\"async\" class=\"wp-image-17212 alignleft\" style=\"height: 45px; margin: 8px 8px 0px;\" src=\"http:\/\/jackpotlotteryonline.com\/wp-content\/uploads\/2022\/11\/read1.jpg\" alt=\"okuyun\" width=\"\" height=\"\" \/><\/div>\n<div style=\"padding-left: 5px;\">\n<div style=\"font-size: 1.1em;\">\n<p><strong>Piyango ba\u015far\u0131s\u0131n\u0131n s\u0131rr\u0131 nedir?<\/strong><\/p>\n<p style=\"font-size: 0.85em; margin-top: -1.5em;\">Piyango Nas\u0131l Ba\u015far\u0131yla Oynan\u0131r?\u00a0<a href=\"https:\/\/jackpotlotteryonline.com\/tr\/piyango-basarisinin-sirri-ne-dir\"> daha fazla oku<\/a><\/p>\n<\/div>\n<\/div>\n<\/section>\n<h2>\u00c7ekili\u015f sonu\u00e7lar\u0131n\u0131 jackpotlotteryonline.com adresinden kontrol edin<\/h2>\n<p>M\u00fc\u015fterilerimizin piyango oynama deneyiminin tad\u0131n\u0131 \u00e7\u0131karabilmeleri i\u00e7in ayr\u0131nt\u0131larla ilgilenen bir konsiyerj sitesiyiz. Kimsenin k\u00fc\u00e7\u00fck \u015feyler hakk\u0131nda endi\u015felenmek istemedi\u011fini biliyoruz. Bu zaman piyango stratejinizi m\u00fckemmelle\u015ftirmek i\u00e7in daha iyi harcanabilir. \u0130\u015fte biz de bu y\u00fczden buraday\u0131z.<\/p>\n<p>M\u00fc\u015fterilerimize d\u00fcnyan\u0131n d\u00f6rt bir yan\u0131ndaki piyangolara kat\u0131lma \u015fans\u0131 veriyoruz. Ayr\u0131ca piyango sonu\u00e7lar\u0131n\u0131 burada yay\u0131nl\u0131yor ve kazan\u00e7lar\u0131n\u0131za eri\u015febilmeniz i\u00e7in sorunsuz bir sistem sa\u011fl\u0131yoruz.<\/p>\n<p><a href=\"https:\/\/jackpotlotteryonline.com\/tr\/nasil-oynanir\/new-york-lottery-2\">Bizimle New York loto oynamak<\/a> bir kazan-kazand\u0131r.<\/p>\n","protected":false},"excerpt":{"rendered":"<p>New York lotosu eskiden g\u00f6z ard\u0131 edilen piyangolardan biriydi. Bunun en b\u00fcy\u00fck nedeni piyangoya yaln\u0131zca New York&#8217;ta ikamet edenlerin kat\u0131labilmesiydi. Art\u0131k t\u00fcm d\u00fcnyadaki oyuncular piyango bileti sat\u0131n alabildi\u011fi i\u00e7in bu durum de\u011fi\u015fti. Art\u0131k daha fazla piyango tutkunu \u00e7evrimi\u00e7i oynayarak kazanan numaralar\u0131 se\u00e7iyor. Bu New York lotosu e\u011fitime fon sa\u011flamak i\u00e7in kurulmu\u015ftur, bu nedenle k\u00f6keni iyi [&hellip;]<\/p>\n","protected":false},"author":1,"featured_media":0,"parent":35860,"menu_order":15,"comment_status":"closed","ping_status":"closed","template":"newyork-results.php","meta":{"_et_pb_use_builder":"","_et_pb_old_content":"","_et_gb_content_width":"","exclude_from_search":false,"footnotes":""},"class_list":["post-41394","page","type-page","status-publish","hentry"],"yoast_head":"<!-- This site is optimized with the Yoast SEO plugin v23.3 - https:\/\/yoast.com\/wordpress\/plugins\/seo\/ -->\n<title>New York piyango kazanan numaralar ve \u00e7ekili\u015f sonu\u00e7lar\u0131<\/title>\n<meta name=\"description\" content=\"New York Piyangosu i\u00e7in \u00e7ekili\u015f sonu\u00e7lar\u0131 - kazanan numaralar, t\u00fcm ge\u00e7mi\u015f ve mevcut \u00e7ekili\u015fler i\u00e7in kazan\u0131lan miktarlar\" \/>\n<meta name=\"robots\" content=\"index, follow, max-snippet:-1, max-image-preview:large, max-video-preview:-1\" \/>\n<link rel=\"canonical\" href=\"https:\/\/jackpotlotteryonline.com\/tr\/kazanan-sayilar\/new-york-lottery\/\" \/>\n<meta property=\"og:locale\" content=\"tr_TR\" \/>\n<meta property=\"og:type\" content=\"article\" \/>\n<meta property=\"og:title\" content=\"New York piyango kazanan numaralar ve \u00e7ekili\u015f sonu\u00e7lar\u0131\" \/>\n<meta property=\"og:description\" content=\"New York Piyangosu i\u00e7in \u00e7ekili\u015f sonu\u00e7lar\u0131 - kazanan numaralar, t\u00fcm ge\u00e7mi\u015f ve mevcut \u00e7ekili\u015fler i\u00e7in kazan\u0131lan miktarlar\" \/>\n<meta property=\"og:url\" content=\"https:\/\/jackpotlotteryonline.com\/tr\/kazanan-sayilar\/new-york-lottery\/\" \/>\n<meta property=\"og:site_name\" content=\"Lotto Online - Crack The International Lottery Jackpots\" \/>\n<meta property=\"article:modified_time\" content=\"2022-12-30T10:38:26+00:00\" \/>\n<meta property=\"og:image\" content=\"http:\/\/jackpotlotteryonline.com\/wp-content\/uploads\/2022\/11\/1_results_lottery_online5.jpg\" \/>\n<meta name=\"twitter:card\" content=\"summary_large_image\" \/>\n<meta name=\"twitter:label1\" content=\"Tahmini okuma s\u00fcresi\" \/>\n\t<meta name=\"twitter:data1\" content=\"4 dakika\" \/>\n<!-- \/ Yoast SEO plugin. -->","yoast_head_json":{"title":"New York piyango kazanan numaralar ve \u00e7ekili\u015f sonu\u00e7lar\u0131","description":"New York Piyangosu i\u00e7in \u00e7ekili\u015f sonu\u00e7lar\u0131 - kazanan numaralar, t\u00fcm ge\u00e7mi\u015f ve mevcut \u00e7ekili\u015fler i\u00e7in kazan\u0131lan miktarlar","robots":{"index":"index","follow":"follow","max-snippet":"max-snippet:-1","max-image-preview":"max-image-preview:large","max-video-preview":"max-video-preview:-1"},"canonical":"https:\/\/jackpotlotteryonline.com\/tr\/kazanan-sayilar\/new-york-lottery\/","og_locale":"tr_TR","og_type":"article","og_title":"New York piyango kazanan numaralar ve \u00e7ekili\u015f sonu\u00e7lar\u0131","og_description":"New York Piyangosu i\u00e7in \u00e7ekili\u015f sonu\u00e7lar\u0131 - kazanan numaralar, t\u00fcm ge\u00e7mi\u015f ve mevcut \u00e7ekili\u015fler i\u00e7in kazan\u0131lan miktarlar","og_url":"https:\/\/jackpotlotteryonline.com\/tr\/kazanan-sayilar\/new-york-lottery\/","og_site_name":"Lotto Online - Crack The International Lottery Jackpots","article_modified_time":"2022-12-30T10:38:26+00:00","og_image":[{"url":"http:\/\/jackpotlotteryonline.com\/wp-content\/uploads\/2022\/11\/1_results_lottery_online5.jpg"}],"twitter_card":"summary_large_image","twitter_misc":{"Tahmini okuma s\u00fcresi":"4 dakika"},"schema":{"@context":"https:\/\/schema.org","@graph":[{"@type":"WebPage","@id":"https:\/\/jackpotlotteryonline.com\/tr\/kazanan-sayilar\/new-york-lottery\/","url":"https:\/\/jackpotlotteryonline.com\/tr\/kazanan-sayilar\/new-york-lottery\/","name":"New York piyango kazanan numaralar ve \u00e7ekili\u015f sonu\u00e7lar\u0131","isPartOf":{"@id":"https:\/\/jackpotlotteryonline.com\/#website"},"primaryImageOfPage":{"@id":"https:\/\/jackpotlotteryonline.com\/tr\/kazanan-sayilar\/new-york-lottery\/#primaryimage"},"image":{"@id":"https:\/\/jackpotlotteryonline.com\/tr\/kazanan-sayilar\/new-york-lottery\/#primaryimage"},"thumbnailUrl":"http:\/\/jackpotlotteryonline.com\/wp-content\/uploads\/2022\/11\/1_results_lottery_online5.jpg","datePublished":"2022-12-09T09:14:26+00:00","dateModified":"2022-12-30T10:38:26+00:00","description":"New York Piyangosu i\u00e7in \u00e7ekili\u015f sonu\u00e7lar\u0131 - kazanan numaralar, t\u00fcm ge\u00e7mi\u015f ve mevcut \u00e7ekili\u015fler i\u00e7in kazan\u0131lan miktarlar","breadcrumb":{"@id":"https:\/\/jackpotlotteryonline.com\/tr\/kazanan-sayilar\/new-york-lottery\/#breadcrumb"},"inLanguage":"tr","potentialAction":[{"@type":"ReadAction","target":["https:\/\/jackpotlotteryonline.com\/tr\/kazanan-sayilar\/new-york-lottery\/"]}]},{"@type":"ImageObject","inLanguage":"tr","@id":"https:\/\/jackpotlotteryonline.com\/tr\/kazanan-sayilar\/new-york-lottery\/#primaryimage","url":"http:\/\/jackpotlotteryonline.com\/wp-content\/uploads\/2022\/11\/1_results_lottery_online5.jpg","contentUrl":"http:\/\/jackpotlotteryonline.com\/wp-content\/uploads\/2022\/11\/1_results_lottery_online5.jpg"},{"@type":"BreadcrumbList","@id":"https:\/\/jackpotlotteryonline.com\/tr\/kazanan-sayilar\/new-york-lottery\/#breadcrumb","itemListElement":[{"@type":"ListItem","position":1,"name":"Home","item":"https:\/\/jackpotlotteryonline.com\/tr\/"},{"@type":"ListItem","position":2,"name":"Piyango sonu\u00e7lar\u0131","item":"https:\/\/jackpotlotteryonline.com\/tr\/kazanan-sayilar\/"},{"@type":"ListItem","position":3,"name":"New York piyango \u00e7ekili\u015f sonu\u00e7lar\u0131"}]},{"@type":"WebSite","@id":"https:\/\/jackpotlotteryonline.com\/#website","url":"https:\/\/jackpotlotteryonline.com\/","name":"Lotto Online - Crack The International Lottery Jackpots","description":"","potentialAction":[{"@type":"SearchAction","target":{"@type":"EntryPoint","urlTemplate":"https:\/\/jackpotlotteryonline.com\/?s={search_term_string}"},"query-input":"required name=search_term_string"}],"inLanguage":"tr"}]}},"_links":{"self":[{"href":"https:\/\/jackpotlotteryonline.com\/tr\/wp-json\/wp\/v2\/pages\/41394","targetHints":{"allow":["GET"]}}],"collection":[{"href":"https:\/\/jackpotlotteryonline.com\/tr\/wp-json\/wp\/v2\/pages"}],"about":[{"href":"https:\/\/jackpotlotteryonline.com\/tr\/wp-json\/wp\/v2\/types\/page"}],"author":[{"embeddable":true,"href":"https:\/\/jackpotlotteryonline.com\/tr\/wp-json\/wp\/v2\/users\/1"}],"replies":[{"embeddable":true,"href":"https:\/\/jackpotlotteryonline.com\/tr\/wp-json\/wp\/v2\/comments?post=41394"}],"version-history":[{"count":0,"href":"https:\/\/jackpotlotteryonline.com\/tr\/wp-json\/wp\/v2\/pages\/41394\/revisions"}],"up":[{"embeddable":true,"href":"https:\/\/jackpotlotteryonline.com\/tr\/wp-json\/wp\/v2\/pages\/35860"}],"wp:attachment":[{"href":"https:\/\/jackpotlotteryonline.com\/tr\/wp-json\/wp\/v2\/media?parent=41394"}],"curies":[{"name":"wp","href":"https:\/\/api.w.org\/{rel}","templated":true}]}}