{"id":41446,"date":"2022-12-09T11:40:07","date_gmt":"2022-12-09T11:40:07","guid":{"rendered":"https:\/\/jackpotlotteryonline.com\/?page_id=41446"},"modified":"2022-12-30T12:34:15","modified_gmt":"2022-12-30T12:34:15","slug":"oz-loto","status":"publish","type":"page","link":"https:\/\/jackpotlotteryonline.com\/tr\/kazanan-sayilar\/oz-loto\/","title":{"rendered":"Oz Loto \u00e7ekili\u015f sonu\u00e7lar\u0131"},"content":{"rendered":"<h2>Oz Loto \u00e7ekili\u015f sonu\u00e7lar\u0131 Bilgi<\/h2>\n<p><img loading=\"lazy\" decoding=\"async\" class=\"alignright size-full wp-image-26942\" src=\"https:\/\/jackpotlotteryonline.com\/wp-content\/uploads\/2022\/11\/1_euromillions_results.jpg\" alt=\"oz loto \u00e7eki\u0307li\u0307\u015f sonu\u00e7lari\" width=\"300\" height=\"200\" \/>Oz Loto \u00e7ekili\u015f sonu\u00e7lar\u0131n\u0131 veya birisi kazand\u0131ktan sonra ne oldu\u011funu merak ediyor musunuz? Bu makale, bu sorular\u0131 nas\u0131l yan\u0131tlayaca\u011f\u0131n\u0131z konusunda size rehberlik edecektir.<\/p>\n<p>Bu Avustralya Loto&#8217;su her Sal\u0131 ve Cumartesi saat 19:30&#8217;da \u00e7ekilir, bu nedenle say\u0131lar\u0131n\u0131z\u0131 se\u00e7tikten sonra arkan\u0131za yaslan\u0131p \u00e7ekili\u015fi bekleyebilirsiniz. \u00c7ekili\u015fler Sydney&#8217;de bilgisayarl\u0131 bir say\u0131 \u00fcreteci arac\u0131l\u0131\u011f\u0131yla ger\u00e7ekle\u015ftirilir.<\/p>\n<p>Oz Lotto, yedi \u00f6d\u00fcl b\u00f6l\u00fcm\u00fc olan olduk\u00e7a \u00f6d\u00fcll\u00fc bir oyundur; B\u00f6l\u00fcm 1 (b\u00fcy\u00fck ikramiye) kazan\u0131lmazsa, bir oyuncu be\u015f veya d\u00f6rt say\u0131y\u0131 e\u015fle\u015ftirirse di\u011fer \u00f6d\u00fcller kazan\u0131labilir. Buna ek olarak, hi\u00e7bir oyuncu \u00e7ekilen yedi say\u0131n\u0131n hepsini tutturamad\u0131\u011f\u0131nda her biri 2 milyon dolarl\u0131k on \u00f6d\u00fcl verilmektedir.<\/p>\n<p>Ayr\u0131ca, piyango \u00e7ekili\u015f sonu\u00e7lar\u0131 \u00e7ekili\u015ften bir hafta sonra Victoria H\u00fck\u00fcmeti web sitesinde yay\u0131nlanmaktad\u0131r. \u00c7ekili\u015f zaman\u0131 gizli tutulur, bu kat\u0131l\u0131mc\u0131lar\u0131n gizlili\u011fini korumak i\u00e7indir.<\/p>\n<h2>Avustralya Oz Lotosunu nas\u0131l kazanabilirim?<\/h2>\n<p>Oz Lotto&#8217;da herhangi bir \u00f6d\u00fcl kazanmak i\u00e7in a\u015fa\u011f\u0131dakileri bilmelisiniz:<\/p>\n<ol>\n<li><a href=\"https:\/\/jackpotlotteryonline.com\/tr\/nasil-oynanir\/oz-lotto\">Oz Lotto oynamak<\/a> i\u00e7in, bir oyuncunun 47&#8217;lik bir havuzdan on say\u0131 \u00e7ekmesi gerekir.<\/li>\n<li>\u00c7ekilen ilk yedi say\u0131, b\u00fcy\u00fck ikramiye \u00f6d\u00fcl\u00fc i\u00e7in kazanan say\u0131lar olarak kabul edilir.<\/li>\n<li>\u00c7ekilen kalan \u00fc\u00e7 say\u0131, di\u011fer b\u00f6l\u00fcmlerin \u00f6d\u00fcllerini belirlemek i\u00e7in kullan\u0131lan tamamlay\u0131c\u0131 say\u0131lard\u0131r.<\/li>\n<li>Bir oyuncu ne kadar \u00e7ok e\u015fle\u015fen say\u0131ya sahipse, \u00f6d\u00fcl o kadar b\u00fcy\u00fck olur.<\/li>\n<li>Oz Lotto&#8217;ya kat\u0131lmak bir \u015fans oyunudur; kazanabilir ya da kaybedebilirsiniz.<\/li>\n<\/ol>\n<h2>Belirli bir \u00e7ekili\u015fte kazan\u0131p kazanmad\u0131\u011f\u0131m\u0131 nas\u0131l kontrol edebilirim?<\/h2>\n<p><img loading=\"lazy\" decoding=\"async\" class=\"alignright size-full wp-image-26159\" src=\"https:\/\/jackpotlotteryonline.com\/wp-content\/uploads\/2022\/11\/1_buy_lottery_online.jpg\" alt=\"oz loto \u00e7eki\u0307li\u0307\u015f sonu\u00e7lari\" width=\"212\" height=\"142\" \/>Bizden bir<a href=\"https:\/\/jackpotlotteryonline.com\/tr\/bilet-satin-al\/oz-lotto\"> bilet sat\u0131n ald\u0131ysan\u0131z<\/a>, l\u00fctfen web sitemizdeki \u00e7ekili\u015f sonu\u00e7lar\u0131n\u0131 kontrol edin. Kazan\u0131p kazanmad\u0131\u011f\u0131n\u0131z\u0131 \u00f6\u011frenmenin en kolay yolu, web sitemizdeki oyuncu hesab\u0131n\u0131za giri\u015f yapmakt\u0131r. Ard\u0131ndan &#8220;biletlerim&#8221; b\u00f6l\u00fcm\u00fcne gidin ve oynad\u0131\u011f\u0131n\u0131z numaralarla birlikte bilet taraman\u0131z\u0131 g\u00f6receksiniz. \u00c7ekili\u015ften sonra, e\u015fle\u015fen t\u00fcm rakamlar vurgulanacakt\u0131r.<\/p>\n<p>Kazan\u0131p kazanmad\u0131\u011f\u0131n\u0131z\u0131 \u00f6\u011frenmenin bir ba\u015fka yolu da e-postan\u0131z\u0131 kontrol etmektir. \u00c7ekili\u015ften hemen sonra, sizi ayn\u0131 konuda bilgilendiren bir e-posta alacaks\u0131n\u0131z. Bu \u00e7ekili\u015fte kazan\u0131p kazanmad\u0131\u011f\u0131n\u0131z\u0131 \u00f6\u011frenmek i\u00e7in bu bilgileri kullan\u0131n.<\/p>\n<p>Ayr\u0131ca, ge\u00e7mi\u015f sonu\u00e7lar ve piyango hakk\u0131nda genel bilgiler hakk\u0131nda daha fazla bilgi edinmek i\u00e7in Avustralya Oz Lotto&#8217;nun resmi web sitesini ziyaret edebilirsiniz.<\/p>\n<h2>Kazanma \u015fans\u0131m\u0131 art\u0131rman\u0131n yollar\u0131<\/h2>\n<p>B\u00fcy\u00fck ikramiyeyi kazanma \u015fans\u0131n\u0131z\u0131 art\u0131rmak i\u00e7in, ard\u0131\u015f\u0131k \u00e7ekili\u015fler i\u00e7in bilet sat\u0131n alarak birden fazla \u00e7ekili\u015fe kat\u0131labilirsiniz. Bu, ki\u015finin birka\u00e7 hafta boyunca ayn\u0131 se\u00e7imi oynamas\u0131na izin verir. Bu \u015fekilde oynamak sipari\u015flerinizin maliyetini art\u0131racakt\u0131r, ancak daha fazla \u00e7ekili\u015fte oynaman\u0131za izin verecektir.<\/p>\n<section class=\"layout\" style=\"border: solid 1px; width: 100%;\">\n<div class=\"img-div\" style=\"margin-top: 5px;\"><img decoding=\"async\" class=\"wp-image-17212 alignleft\" style=\"height: 45px; margin: 8px 8px 0px;\" src=\"https:\/\/jackpotlotteryonline.com\/wp-content\/uploads\/2022\/11\/read1.jpg\" alt=\"okuyun\" width=\"\" height=\"\" \/><\/div>\n<div style=\"padding-left: 5px;\">\n<div style=\"font-size: 1.1em;\">\n<p><strong>Kazanan loto numaralar\u0131n\u0131 manuel olarak veya bir RNG kullanarak se\u00e7in<\/strong><\/p>\n<p style=\"font-size: 0.85em; margin-top: -1.5em;\">Kazanan loto numaralar\u0131 nas\u0131l olu\u015fturulur?\u00a0<a href=\"https:\/\/jackpotlotteryonline.com\/tr\/kazanan-loto-numaralari-nasil-olusturulur\"> daha fazla oku<\/a><\/p>\n<\/div>\n<\/div>\n<\/section>\n<h2>\u00d6d\u00fcl\u00fcm\u00fc nas\u0131l alabilirim?<\/h2>\n<p>Herhangi bir \u00f6d\u00fcl kazanman\u0131z durumunda, a\u015fa\u011f\u0131dakilere dikkat edin:<\/p>\n<ul>\n<li>2500\u20ac&#8217;nun alt\u0131ndaki kazan\u00e7lar otomatik olarak oyuncunuzun hesab\u0131na aktar\u0131lacakt\u0131r. Para \u00f6d\u00fcl\u00fcn\u00fc \u00e7ekebilir veya daha fazla bilet sat\u0131n almaya devam edebilirsiniz.<\/li>\n<li>2500\u20ac&#8217;dan y\u00fcksek kazan\u00e7lar i\u00e7in, \u00f6d\u00fcl do\u011frudan piyango komisyonundan \u00f6denecektir ve banka havalesi veya \u00e7ek yoluyla alabilirsiniz.<\/li>\n<\/ul>\n<p>\u00c7ekili\u015fleri ka\u00e7\u0131rmad\u0131\u011f\u0131n\u0131zdan emin olun. Herhangi bir bilgiyi ka\u00e7\u0131rmamak i\u00e7in, oyuncular\u0131n jackpotlotteryonline.com&#8217;u g\u00fcvenilir bir e-posta sa\u011flay\u0131c\u0131s\u0131 olarak beyaz listeye almalar\u0131 \u00f6nerilir.<\/p>\n<p><strong>\u00d6zetlemek gerekirse&#8230;<\/strong><\/p>\n<p>Oz Lotto, 1994&#8217;ten beri Avustralya&#8217;daki en pop\u00fcler piyango oyunlar\u0131ndan biri olmu\u015ftur. Bunun sonucunda bir\u00e7ok insan bir gecede milyoner oldu. Peki sizi oynamamaya iten nedir? Bu Avustralya piyangosuna kat\u0131l\u0131n ve b\u00fcy\u00fck ikramiye olmasa bile bir\u00e7ok \u00f6d\u00fclden birini kazanma \u015fans\u0131n\u0131 yakalay\u0131n.<\/p>\n<p><strong>Kazanmak i\u00e7in bug\u00fcn kaydolun!<\/strong><\/p>\n","protected":false},"excerpt":{"rendered":"<p>Oz Loto \u00e7ekili\u015f sonu\u00e7lar\u0131 Bilgi Oz Loto \u00e7ekili\u015f sonu\u00e7lar\u0131n\u0131 veya birisi kazand\u0131ktan sonra ne oldu\u011funu merak ediyor musunuz? Bu makale, bu sorular\u0131 nas\u0131l yan\u0131tlayaca\u011f\u0131n\u0131z konusunda size rehberlik edecektir. Bu Avustralya Loto&#8217;su her Sal\u0131 ve Cumartesi saat 19:30&#8217;da \u00e7ekilir, bu nedenle say\u0131lar\u0131n\u0131z\u0131 se\u00e7tikten sonra arkan\u0131za yaslan\u0131p \u00e7ekili\u015fi bekleyebilirsiniz. \u00c7ekili\u015fler Sydney&#8217;de bilgisayarl\u0131 bir say\u0131 \u00fcreteci arac\u0131l\u0131\u011f\u0131yla ger\u00e7ekle\u015ftirilir. [&hellip;]<\/p>\n","protected":false},"author":1,"featured_media":0,"parent":35860,"menu_order":16,"comment_status":"closed","ping_status":"closed","template":"","meta":{"_et_pb_use_builder":"","_et_pb_old_content":"","_et_gb_content_width":"","exclude_from_search":false,"footnotes":""},"class_list":["post-41446","page","type-page","status-publish","hentry"],"yoast_head":"<!-- This site is optimized with the Yoast SEO plugin v23.3 - https:\/\/yoast.com\/wordpress\/plugins\/seo\/ -->\n<title>Oz Lotto kazanan numaralar ve \u00e7ekili\u015f sonucu<\/title>\n<meta name=\"description\" content=\"\u00c7ekili\u015f sonu\u00e7lar\u0131 sayfam\u0131zdan Avustralya&#039;n\u0131n Oz Loto&#039;su i\u00e7in kazanan numaralara ve ge\u00e7mi\u015f sonu\u00e7lara g\u00f6z at\u0131n. Ka\u00e7\u0131rmad\u0131\u011f\u0131n\u0131zdan emin olun!\" \/>\n<meta name=\"robots\" content=\"index, follow, max-snippet:-1, max-image-preview:large, max-video-preview:-1\" \/>\n<link rel=\"canonical\" href=\"https:\/\/jackpotlotteryonline.com\/tr\/kazanan-sayilar\/oz-loto\/\" \/>\n<meta property=\"og:locale\" content=\"tr_TR\" \/>\n<meta property=\"og:type\" content=\"article\" \/>\n<meta property=\"og:title\" content=\"Oz Lotto kazanan numaralar ve \u00e7ekili\u015f sonucu\" \/>\n<meta property=\"og:description\" content=\"\u00c7ekili\u015f sonu\u00e7lar\u0131 sayfam\u0131zdan Avustralya&#039;n\u0131n Oz Loto&#039;su i\u00e7in kazanan numaralara ve ge\u00e7mi\u015f sonu\u00e7lara g\u00f6z at\u0131n. Ka\u00e7\u0131rmad\u0131\u011f\u0131n\u0131zdan emin olun!\" \/>\n<meta property=\"og:url\" content=\"https:\/\/jackpotlotteryonline.com\/tr\/kazanan-sayilar\/oz-loto\/\" \/>\n<meta property=\"og:site_name\" content=\"Lotto Online - Crack The International Lottery Jackpots\" \/>\n<meta property=\"article:modified_time\" content=\"2022-12-30T12:34:15+00:00\" \/>\n<meta property=\"og:image\" content=\"https:\/\/jackpotlotteryonline.com\/wp-content\/uploads\/2022\/11\/1_euromillions_results.jpg\" \/>\n<meta name=\"twitter:card\" content=\"summary_large_image\" \/>\n<meta name=\"twitter:label1\" content=\"Tahmini okuma s\u00fcresi\" \/>\n\t<meta name=\"twitter:data1\" content=\"3 dakika\" \/>\n<!-- \/ Yoast SEO plugin. -->","yoast_head_json":{"title":"Oz Lotto kazanan numaralar ve \u00e7ekili\u015f sonucu","description":"\u00c7ekili\u015f sonu\u00e7lar\u0131 sayfam\u0131zdan Avustralya'n\u0131n Oz Loto'su i\u00e7in kazanan numaralara ve ge\u00e7mi\u015f sonu\u00e7lara g\u00f6z at\u0131n. Ka\u00e7\u0131rmad\u0131\u011f\u0131n\u0131zdan emin olun!","robots":{"index":"index","follow":"follow","max-snippet":"max-snippet:-1","max-image-preview":"max-image-preview:large","max-video-preview":"max-video-preview:-1"},"canonical":"https:\/\/jackpotlotteryonline.com\/tr\/kazanan-sayilar\/oz-loto\/","og_locale":"tr_TR","og_type":"article","og_title":"Oz Lotto kazanan numaralar ve \u00e7ekili\u015f sonucu","og_description":"\u00c7ekili\u015f sonu\u00e7lar\u0131 sayfam\u0131zdan Avustralya'n\u0131n Oz Loto'su i\u00e7in kazanan numaralara ve ge\u00e7mi\u015f sonu\u00e7lara g\u00f6z at\u0131n. Ka\u00e7\u0131rmad\u0131\u011f\u0131n\u0131zdan emin olun!","og_url":"https:\/\/jackpotlotteryonline.com\/tr\/kazanan-sayilar\/oz-loto\/","og_site_name":"Lotto Online - Crack The International Lottery Jackpots","article_modified_time":"2022-12-30T12:34:15+00:00","og_image":[{"url":"https:\/\/jackpotlotteryonline.com\/wp-content\/uploads\/2022\/11\/1_euromillions_results.jpg"}],"twitter_card":"summary_large_image","twitter_misc":{"Tahmini okuma s\u00fcresi":"3 dakika"},"schema":{"@context":"https:\/\/schema.org","@graph":[{"@type":"WebPage","@id":"https:\/\/jackpotlotteryonline.com\/tr\/kazanan-sayilar\/oz-loto\/","url":"https:\/\/jackpotlotteryonline.com\/tr\/kazanan-sayilar\/oz-loto\/","name":"Oz Lotto kazanan numaralar ve \u00e7ekili\u015f sonucu","isPartOf":{"@id":"https:\/\/jackpotlotteryonline.com\/#website"},"primaryImageOfPage":{"@id":"https:\/\/jackpotlotteryonline.com\/tr\/kazanan-sayilar\/oz-loto\/#primaryimage"},"image":{"@id":"https:\/\/jackpotlotteryonline.com\/tr\/kazanan-sayilar\/oz-loto\/#primaryimage"},"thumbnailUrl":"https:\/\/jackpotlotteryonline.com\/wp-content\/uploads\/2022\/11\/1_euromillions_results.jpg","datePublished":"2022-12-09T11:40:07+00:00","dateModified":"2022-12-30T12:34:15+00:00","description":"\u00c7ekili\u015f sonu\u00e7lar\u0131 sayfam\u0131zdan Avustralya'n\u0131n Oz Loto'su i\u00e7in kazanan numaralara ve ge\u00e7mi\u015f sonu\u00e7lara g\u00f6z at\u0131n. Ka\u00e7\u0131rmad\u0131\u011f\u0131n\u0131zdan emin olun!","breadcrumb":{"@id":"https:\/\/jackpotlotteryonline.com\/tr\/kazanan-sayilar\/oz-loto\/#breadcrumb"},"inLanguage":"tr","potentialAction":[{"@type":"ReadAction","target":["https:\/\/jackpotlotteryonline.com\/tr\/kazanan-sayilar\/oz-loto\/"]}]},{"@type":"ImageObject","inLanguage":"tr","@id":"https:\/\/jackpotlotteryonline.com\/tr\/kazanan-sayilar\/oz-loto\/#primaryimage","url":"https:\/\/jackpotlotteryonline.com\/wp-content\/uploads\/2022\/11\/1_euromillions_results.jpg","contentUrl":"https:\/\/jackpotlotteryonline.com\/wp-content\/uploads\/2022\/11\/1_euromillions_results.jpg"},{"@type":"BreadcrumbList","@id":"https:\/\/jackpotlotteryonline.com\/tr\/kazanan-sayilar\/oz-loto\/#breadcrumb","itemListElement":[{"@type":"ListItem","position":1,"name":"Home","item":"https:\/\/jackpotlotteryonline.com\/tr\/"},{"@type":"ListItem","position":2,"name":"Piyango sonu\u00e7lar\u0131","item":"https:\/\/jackpotlotteryonline.com\/tr\/kazanan-sayilar\/"},{"@type":"ListItem","position":3,"name":"Oz Loto \u00e7ekili\u015f sonu\u00e7lar\u0131"}]},{"@type":"WebSite","@id":"https:\/\/jackpotlotteryonline.com\/#website","url":"https:\/\/jackpotlotteryonline.com\/","name":"Lotto Online - Crack The International Lottery Jackpots","description":"","potentialAction":[{"@type":"SearchAction","target":{"@type":"EntryPoint","urlTemplate":"https:\/\/jackpotlotteryonline.com\/?s={search_term_string}"},"query-input":"required name=search_term_string"}],"inLanguage":"tr"}]}},"_links":{"self":[{"href":"https:\/\/jackpotlotteryonline.com\/tr\/wp-json\/wp\/v2\/pages\/41446","targetHints":{"allow":["GET"]}}],"collection":[{"href":"https:\/\/jackpotlotteryonline.com\/tr\/wp-json\/wp\/v2\/pages"}],"about":[{"href":"https:\/\/jackpotlotteryonline.com\/tr\/wp-json\/wp\/v2\/types\/page"}],"author":[{"embeddable":true,"href":"https:\/\/jackpotlotteryonline.com\/tr\/wp-json\/wp\/v2\/users\/1"}],"replies":[{"embeddable":true,"href":"https:\/\/jackpotlotteryonline.com\/tr\/wp-json\/wp\/v2\/comments?post=41446"}],"version-history":[{"count":0,"href":"https:\/\/jackpotlotteryonline.com\/tr\/wp-json\/wp\/v2\/pages\/41446\/revisions"}],"up":[{"embeddable":true,"href":"https:\/\/jackpotlotteryonline.com\/tr\/wp-json\/wp\/v2\/pages\/35860"}],"wp:attachment":[{"href":"https:\/\/jackpotlotteryonline.com\/tr\/wp-json\/wp\/v2\/media?parent=41446"}],"curies":[{"name":"wp","href":"https:\/\/api.w.org\/{rel}","templated":true}]}}