{"id":41499,"date":"2022-12-09T13:11:07","date_gmt":"2022-12-09T13:11:07","guid":{"rendered":"https:\/\/jackpotlotteryonline.com\/?page_id=41499"},"modified":"2022-12-30T14:28:57","modified_gmt":"2022-12-30T14:28:57","slug":"powerball-australia","status":"publish","type":"page","link":"https:\/\/jackpotlotteryonline.com\/tr\/kazanan-sayilar\/powerball-australia\/","title":{"rendered":"Powerball Avustralya \u00e7ekili\u015f sonu\u00e7lar\u0131"},"content":{"rendered":"<p>Biletlerinizi \u00e7evrimi\u00e7i sat\u0131n ald\u0131\u011f\u0131n\u0131zda <a href=\"http:\/\/jackpotlotteryonline.com\/tr\/nasil-oynanir\/powerball-australia\">Avustralya Powerball oynamak<\/a> kolayd\u0131r. Bu \u015fekilde d\u00fcnyan\u0131n her yerinden Powerball&#8217;a eri\u015febilirsiniz. Ancak, bileti sat\u0131n almak Powerball oynaman\u0131n sadece bir par\u00e7as\u0131d\u0131r. Kazanan numaralar i\u00e7in \u00e7ekili\u015f sonu\u00e7lar\u0131n\u0131 da kontrol etmeniz gerekir. Bu \u015fekilde, piyangoyu kazan\u0131p kazanmad\u0131\u011f\u0131n\u0131z\u0131 \u00f6\u011freneceksiniz. Burada \u00e7ekili\u015f sonu\u00e7lar\u0131n\u0131 nas\u0131l kontrol edebilece\u011finize ve kazanc\u0131n\u0131za nas\u0131l eri\u015febilece\u011finize dair ipu\u00e7lar\u0131 ve bilgiler sunuyoruz.<\/p>\n<h2>Powerball Avustralya kazanan numaralar\u0131 nas\u0131l kontrol edilir<\/h2>\n<p>Powerball oynamak i\u00e7in 1&#8217;den 35&#8217;e kadar 7 say\u0131 ve 1&#8217;den 20&#8217;ye kadar bir Powerball say\u0131s\u0131 se\u00e7meniz gerekir. \u00c7ekili\u015fler s\u0131ras\u0131nda rastgele 8 say\u0131 \u00e7ekilir. \u00c7ekilen say\u0131lar\u0131 e\u015fle\u015ftiren ki\u015fi kazanan Powerball biletine sahip olur.<\/p>\n<p>Belki Powerball \u00e7ekili\u015flerini televizyondan canl\u0131 olarak izleyemeyebilirsiniz. Ancak, Powerball kazanan numaralar i\u00e7in \u00e7evrimi\u00e7i haber sitelerini kontrol edebilirsiniz. Ancak bu siteler \u00e7o\u011funlukla sadece b\u00fcy\u00fck ikramiyeyi kazanan kombinasyonu yay\u0131nlar. Ve Powerball&#8217;un ba\u015fka \u00f6d\u00fcl kademeleri de vard\u0131r.<\/p>\n<p>Bu nedenle, t\u00fcm \u00f6d\u00fcl kademeleri i\u00e7in Powerball kazanan numaralar\u0131 \u00f6\u011frenmek i\u00e7in, her \u00e7ekili\u015ften sonra buraya tekrar bakabilirsiniz. Powerball kazanan numaralar\u0131 sitemizde yay\u0131nl\u0131yoruz. Ayr\u0131ca, Powerball biletinizi bizden sat\u0131n ald\u0131ysan\u0131z, kazanan numaralardan herhangi birine sahipseniz sizi uyaraca\u011f\u0131z. Size bir e-posta g\u00f6nderece\u011fiz ve hesab\u0131n\u0131za bir bildirim koyaca\u011f\u0131z. Bu \u015fekilde, kazan\u00e7lar\u0131n\u0131z\u0131 ka\u00e7\u0131rmaktan korkman\u0131za gerek kalmaz.<\/p>\n<h2>Powerball&#8217;u kazanma olas\u0131l\u0131\u011f\u0131 nedir?<\/h2>\n<p><img loading=\"lazy\" decoding=\"async\" class=\"alignright size-full wp-image-31181\" src=\"http:\/\/jackpotlotteryonline.com\/wp-content\/uploads\/2022\/11\/logo_powerball-300x50-1.jpg\" alt=\"Powerball'u kazan\" width=\"300\" height=\"50\" \/>Piyangoyu kazanmak kolay bir \u015fey de\u011fildir. \u00c7o\u011fu insan olas\u0131l\u0131klar\u0131n inan\u0131lmaz derecede y\u00fcksek oldu\u011funu s\u00f6yleyecektir. Yine de, hayat de\u011fi\u015ftiren miktarlar kazanan insanlar\u0131 duyuyoruz. \u00d6zellikle Powerball Avustralya&#8217;n\u0131n uzun bir piyango kazananlar\u0131 listesi vard\u0131r ve bunun nedeni muhtemelen oranlard\u0131r.<\/p>\n<p>Powerball piyangosunu kazanma olas\u0131l\u0131\u011f\u0131 70 milyonda 1&#8217;dir. Bu, kelimenin tam anlam\u0131yla, herkesin Powerball piyangosunu kazanabilece\u011fi anlam\u0131na gelir.<\/p>\n<p>Bunun yan\u0131 s\u0131ra, Powerball&#8217;un bu piyangoyu kazanma \u015fans\u0131n\u0131 daha da art\u0131ran toplam 9 \u00f6d\u00fcl kategorisi vard\u0131r.<\/p>\n<h2>Powerball \u00f6d\u00fclleri<\/h2>\n<p>Powerball ikramiyesi genellikle ortalama 8 milyon AU$&#8217;d\u0131r. Ancak, Powerball Avustralya kazanan numaralar\u0131na sahipseniz kazanabilece\u011finiz ba\u015fka \u00f6d\u00fcller de vard\u0131r.<\/p>\n<p>\u0130\u015fte \u00f6d\u00fcl kategorileri ve Powerball \u00e7ekili\u015flerinden birindeki \u00f6deme. \u00d6d\u00fcller piyango havuzuna ba\u011fl\u0131 oldu\u011fu i\u00e7in \u00f6demenin her \u00e7ekili\u015fte ayn\u0131 olmayaca\u011f\u0131n\u0131 unutmay\u0131n. Ancak bu sadece Powerball kazanan numaralar\u0131 ald\u0131\u011f\u0131n\u0131zda ne beklemeniz gerekti\u011fi konusunda size bir fikir vermek i\u00e7indir.<\/p>\n<p>B\u00f6l\u00fcm 1: 7 + Powerball e\u015fle\u015fmesi &#8211; $8,000,000.00 (b\u00fcy\u00fck ikramiye)<\/p>\n<p>2. B\u00f6l\u00fcm: sadece 7. ma\u00e7 &#8211; 95,726.15 $<\/p>\n<p>3. B\u00f6l\u00fcm: 6. ma\u00e7 + Powerball &#8211; 5,661.20 $<\/p>\n<p>4. B\u00f6l\u00fcm: sadece 6. ma\u00e7 &#8211; 501,70$<\/p>\n<p>5. B\u00f6l\u00fcm: 5. ma\u00e7 + Powerball &#8211; $166.75<\/p>\n<p>6. B\u00f6l\u00fcm: sadece 5. ma\u00e7 &#8211; 73,10$<\/p>\n<p>7. B\u00f6l\u00fcm: 4. ma\u00e7 + Powerball &#8211; 41,60$<\/p>\n<p>B\u00f6l\u00fcm 8: 3. ma\u00e7 + Powerball &#8211; $18.05<\/p>\n<p>9. B\u00f6l\u00fcm: 2. e\u015fle\u015fme + Powerball &#8211; 10,95$<\/p>\n<h2>Kazanan numaralara sahipseniz ne yapmal\u0131s\u0131n\u0131z?<\/h2>\n<p>\u00c7ekili\u015f sonu\u00e7lar\u0131n\u0131 kontrol eder ve Powerball kazanan numaralara sahip oldu\u011funuzu g\u00f6r\u00fcrseniz, bir sonraki ad\u0131m kazanc\u0131n\u0131za nas\u0131l eri\u015fece\u011finizdir. Powerball&#8217;u Oz d\u0131\u015f\u0131nda oynad\u0131\u011f\u0131n\u0131za g\u00f6re, muhtemelen paraya \u00e7evirmek i\u00e7in uygun bir yol ar\u0131yorsunuz.<\/p>\n<p><a href=\"https:\/\/jackpotlotteryonline.com\/tr\/bilet-satin-al\/powerball-australia\">Powerball biletinizi bizden sat\u0131n ald\u0131\u011f\u0131n\u0131zda<\/a>, kazanc\u0131n\u0131za her yerden eri\u015febilirsiniz. Belirli bir miktar\u0131n alt\u0131ndaki \u00f6d\u00fcller i\u00e7in tek yapman\u0131z gereken kazanc\u0131n\u0131z\u0131 platformumuzdan \u00e7ekmektir. Do\u011frudan banka hesab\u0131n\u0131za \u00e7ekebilirsiniz.<\/p>\n<p>Kazanc\u0131n\u0131z belirtilen tutardan daha y\u00fcksek oldu\u011funda, doldurman\u0131z i\u00e7in bir talep formu sunaca\u011f\u0131z. Bu \u015fekilde, kazanc\u0131n\u0131z\u0131 do\u011frudan Powerball piyango \u015firketinden s\u0131f\u0131r g\u00fc\u00e7l\u00fckle talep edebilirsiniz.<\/p>\n<section class=\"layout\" style=\"border: solid 1px; width: 100%;\">\n<div class=\"img-div\" style=\"margin-top: 5px;\"><img decoding=\"async\" class=\"wp-image-17212 alignleft\" style=\"height: 45px; margin: 8px 8px 0px;\" src=\"http:\/\/jackpotlotteryonline.com\/wp-content\/uploads\/2022\/11\/read1.jpg\" alt=\"okuyun\" width=\"\" height=\"\" \/><\/div>\n<div style=\"padding-left: 5px;\">\n<div style=\"font-size: 1.1em;\">\n<p><strong>Piyangoyu kazan\u0131rsan\u0131z hangi arabay\u0131 al\u0131rs\u0131n\u0131z?<\/strong><\/p>\n<p style=\"font-size: 0.85em; margin-top: -1.5em;\">Piyangoyu kazan\u0131n ve yeni bir araba al\u0131n\u00a0<a href=\"https:\/\/jackpotlotteryonline.com\/tr\/piyangoyu-kazansaniz-hangi-arabayi-alirdiniz\"> daha fazla oku<\/a><\/p>\n<\/div>\n<\/div>\n<\/section>\n<h2>Jackpotlotteryonline.com ile Powerball oynaman\u0131n faydalar\u0131<\/h2>\n<ul>\n<li>Piyangoya h\u0131zl\u0131 ve an\u0131nda eri\u015fim elde edersiniz. Powerball oynamak i\u00e7in Avustralya&#8217;da ya\u015famak zorunda de\u011filsiniz<\/li>\n<li>Evinizin konforundan ayr\u0131lman\u0131za gerek olmad\u0131\u011f\u0131 i\u00e7in s\u00fcper kullan\u0131\u015fl\u0131d\u0131r. Kazanan numaralar\u0131n\u0131z\u0131 bilgisayar\u0131n\u0131zdan veya mobil cihaz\u0131n\u0131zdan kontrol edin.<\/li>\n<li>Ayr\u0131ca biletiniz dijital olarak sakland\u0131\u011f\u0131 i\u00e7in daha g\u00fcvenlidir. Bu \u00f6nemlidir \u00e7\u00fcnk\u00fc kazanc\u0131n\u0131z\u0131 talep etmenin tek yolu budur.<\/li>\n<li>Kazanc\u0131n\u0131z\u0131 ka\u00e7\u0131rman\u0131za gerek yok \u00e7\u00fcnk\u00fc herhangi bir \u00f6d\u00fcl kazan\u0131rsan\u0131z sizi hemen uyaraca\u011f\u0131z<\/li>\n<li>Herhangi bir yere gitmeden herhangi bir kazanc\u0131 \u00e7evrimi\u00e7i olarak kolayca \u00e7ekebilirsiniz<\/li>\n<\/ul>\n<h2>Kazanan numaralar\u0131n\u0131z\u0131 bizimle kontrol edin<\/h2>\n<p>Zaman i\u00e7inde, oyuncular\u0131m\u0131z\u0131n en iyi deneyimi ya\u015famalar\u0131n\u0131 sa\u011flamak i\u00e7in \u00e7ok fazla kaynak ve \u00e7aba harcad\u0131k. Sadece en iyi uluslararas\u0131 piyangolara bilet alman\u0131z\u0131 kolayla\u015ft\u0131rmakla kalm\u0131yor, ayn\u0131 zamanda birka\u00e7 ad\u0131m daha ileri gidiyoruz. Bunu, kazanan numaralar\u0131 kolayca kontrol edebilmeniz i\u00e7in g\u00fcncel \u00e7ekili\u015f sonu\u00e7lar\u0131 sa\u011flayarak yap\u0131yoruz.<\/p>\n<p>Son olarak, bir \u00f6d\u00fcl kazan\u0131rsan\u0131z kazanc\u0131n\u0131za nas\u0131l eri\u015fece\u011finiz konusunda endi\u015felenmenize gerek yok. \u00d6nemli olana odaklanabilmeniz i\u00e7in her \u015feyi d\u00fc\u015f\u00fcnd\u00fck. Bug\u00fcn bize kaydolun.<\/p>\n","protected":false},"excerpt":{"rendered":"<p>Biletlerinizi \u00e7evrimi\u00e7i sat\u0131n ald\u0131\u011f\u0131n\u0131zda Avustralya Powerball oynamak kolayd\u0131r. Bu \u015fekilde d\u00fcnyan\u0131n her yerinden Powerball&#8217;a eri\u015febilirsiniz. Ancak, bileti sat\u0131n almak Powerball oynaman\u0131n sadece bir par\u00e7as\u0131d\u0131r. Kazanan numaralar i\u00e7in \u00e7ekili\u015f sonu\u00e7lar\u0131n\u0131 da kontrol etmeniz gerekir. Bu \u015fekilde, piyangoyu kazan\u0131p kazanmad\u0131\u011f\u0131n\u0131z\u0131 \u00f6\u011freneceksiniz. Burada \u00e7ekili\u015f sonu\u00e7lar\u0131n\u0131 nas\u0131l kontrol edebilece\u011finize ve kazanc\u0131n\u0131za nas\u0131l eri\u015febilece\u011finize dair ipu\u00e7lar\u0131 ve bilgiler sunuyoruz. Powerball [&hellip;]<\/p>\n","protected":false},"author":1,"featured_media":0,"parent":35860,"menu_order":17,"comment_status":"closed","ping_status":"closed","template":"powerball-au-results.php","meta":{"_et_pb_use_builder":"","_et_pb_old_content":"","_et_gb_content_width":"","exclude_from_search":false,"footnotes":""},"class_list":["post-41499","page","type-page","status-publish","hentry"],"yoast_head":"<!-- This site is optimized with the Yoast SEO plugin v23.3 - https:\/\/yoast.com\/wordpress\/plugins\/seo\/ -->\n<title>Powerball Avustralya kazanan numaralar ve \u00e7ekili\u015f sonu\u00e7lar\u0131<\/title>\n<meta name=\"description\" content=\"Powerball Avustralya&#039;n\u0131n kazanan numaralar\u0131n\u0131 m\u0131 ar\u0131yorsunuz? Avustralya piyangolar\u0131n\u0131n \u00e7ekili\u015f sonu\u00e7lar\u0131n\u0131 bu sitede bulabilirsiniz\" \/>\n<meta name=\"robots\" content=\"index, follow, max-snippet:-1, max-image-preview:large, max-video-preview:-1\" \/>\n<link rel=\"canonical\" href=\"https:\/\/jackpotlotteryonline.com\/tr\/kazanan-sayilar\/powerball-australia\/\" \/>\n<meta property=\"og:locale\" content=\"tr_TR\" \/>\n<meta property=\"og:type\" content=\"article\" \/>\n<meta property=\"og:title\" content=\"Powerball Avustralya kazanan numaralar ve \u00e7ekili\u015f sonu\u00e7lar\u0131\" \/>\n<meta property=\"og:description\" content=\"Powerball Avustralya&#039;n\u0131n kazanan numaralar\u0131n\u0131 m\u0131 ar\u0131yorsunuz? Avustralya piyangolar\u0131n\u0131n \u00e7ekili\u015f sonu\u00e7lar\u0131n\u0131 bu sitede bulabilirsiniz\" \/>\n<meta property=\"og:url\" content=\"https:\/\/jackpotlotteryonline.com\/tr\/kazanan-sayilar\/powerball-australia\/\" \/>\n<meta property=\"og:site_name\" content=\"Lotto Online - Crack The International Lottery Jackpots\" \/>\n<meta property=\"article:modified_time\" content=\"2022-12-30T14:28:57+00:00\" \/>\n<meta property=\"og:image\" content=\"http:\/\/jackpotlotteryonline.com\/wp-content\/uploads\/2022\/11\/logo_powerball-300x50-1.jpg\" \/>\n<meta name=\"twitter:card\" content=\"summary_large_image\" \/>\n<meta name=\"twitter:label1\" content=\"Tahmini okuma s\u00fcresi\" \/>\n\t<meta name=\"twitter:data1\" content=\"3 dakika\" \/>\n<!-- \/ Yoast SEO plugin. -->","yoast_head_json":{"title":"Powerball Avustralya kazanan numaralar ve \u00e7ekili\u015f sonu\u00e7lar\u0131","description":"Powerball Avustralya'n\u0131n kazanan numaralar\u0131n\u0131 m\u0131 ar\u0131yorsunuz? Avustralya piyangolar\u0131n\u0131n \u00e7ekili\u015f sonu\u00e7lar\u0131n\u0131 bu sitede bulabilirsiniz","robots":{"index":"index","follow":"follow","max-snippet":"max-snippet:-1","max-image-preview":"max-image-preview:large","max-video-preview":"max-video-preview:-1"},"canonical":"https:\/\/jackpotlotteryonline.com\/tr\/kazanan-sayilar\/powerball-australia\/","og_locale":"tr_TR","og_type":"article","og_title":"Powerball Avustralya kazanan numaralar ve \u00e7ekili\u015f sonu\u00e7lar\u0131","og_description":"Powerball Avustralya'n\u0131n kazanan numaralar\u0131n\u0131 m\u0131 ar\u0131yorsunuz? Avustralya piyangolar\u0131n\u0131n \u00e7ekili\u015f sonu\u00e7lar\u0131n\u0131 bu sitede bulabilirsiniz","og_url":"https:\/\/jackpotlotteryonline.com\/tr\/kazanan-sayilar\/powerball-australia\/","og_site_name":"Lotto Online - Crack The International Lottery Jackpots","article_modified_time":"2022-12-30T14:28:57+00:00","og_image":[{"url":"http:\/\/jackpotlotteryonline.com\/wp-content\/uploads\/2022\/11\/logo_powerball-300x50-1.jpg"}],"twitter_card":"summary_large_image","twitter_misc":{"Tahmini okuma s\u00fcresi":"3 dakika"},"schema":{"@context":"https:\/\/schema.org","@graph":[{"@type":"WebPage","@id":"https:\/\/jackpotlotteryonline.com\/tr\/kazanan-sayilar\/powerball-australia\/","url":"https:\/\/jackpotlotteryonline.com\/tr\/kazanan-sayilar\/powerball-australia\/","name":"Powerball Avustralya kazanan numaralar ve \u00e7ekili\u015f sonu\u00e7lar\u0131","isPartOf":{"@id":"https:\/\/jackpotlotteryonline.com\/#website"},"primaryImageOfPage":{"@id":"https:\/\/jackpotlotteryonline.com\/tr\/kazanan-sayilar\/powerball-australia\/#primaryimage"},"image":{"@id":"https:\/\/jackpotlotteryonline.com\/tr\/kazanan-sayilar\/powerball-australia\/#primaryimage"},"thumbnailUrl":"http:\/\/jackpotlotteryonline.com\/wp-content\/uploads\/2022\/11\/logo_powerball-300x50-1.jpg","datePublished":"2022-12-09T13:11:07+00:00","dateModified":"2022-12-30T14:28:57+00:00","description":"Powerball Avustralya'n\u0131n kazanan numaralar\u0131n\u0131 m\u0131 ar\u0131yorsunuz? Avustralya piyangolar\u0131n\u0131n \u00e7ekili\u015f sonu\u00e7lar\u0131n\u0131 bu sitede bulabilirsiniz","breadcrumb":{"@id":"https:\/\/jackpotlotteryonline.com\/tr\/kazanan-sayilar\/powerball-australia\/#breadcrumb"},"inLanguage":"tr","potentialAction":[{"@type":"ReadAction","target":["https:\/\/jackpotlotteryonline.com\/tr\/kazanan-sayilar\/powerball-australia\/"]}]},{"@type":"ImageObject","inLanguage":"tr","@id":"https:\/\/jackpotlotteryonline.com\/tr\/kazanan-sayilar\/powerball-australia\/#primaryimage","url":"http:\/\/jackpotlotteryonline.com\/wp-content\/uploads\/2022\/11\/logo_powerball-300x50-1.jpg","contentUrl":"http:\/\/jackpotlotteryonline.com\/wp-content\/uploads\/2022\/11\/logo_powerball-300x50-1.jpg"},{"@type":"BreadcrumbList","@id":"https:\/\/jackpotlotteryonline.com\/tr\/kazanan-sayilar\/powerball-australia\/#breadcrumb","itemListElement":[{"@type":"ListItem","position":1,"name":"Home","item":"https:\/\/jackpotlotteryonline.com\/tr\/"},{"@type":"ListItem","position":2,"name":"Piyango sonu\u00e7lar\u0131","item":"https:\/\/jackpotlotteryonline.com\/tr\/kazanan-sayilar\/"},{"@type":"ListItem","position":3,"name":"Powerball Avustralya \u00e7ekili\u015f sonu\u00e7lar\u0131"}]},{"@type":"WebSite","@id":"https:\/\/jackpotlotteryonline.com\/#website","url":"https:\/\/jackpotlotteryonline.com\/","name":"Lotto Online - Crack The International Lottery Jackpots","description":"","potentialAction":[{"@type":"SearchAction","target":{"@type":"EntryPoint","urlTemplate":"https:\/\/jackpotlotteryonline.com\/?s={search_term_string}"},"query-input":"required name=search_term_string"}],"inLanguage":"tr"}]}},"_links":{"self":[{"href":"https:\/\/jackpotlotteryonline.com\/tr\/wp-json\/wp\/v2\/pages\/41499","targetHints":{"allow":["GET"]}}],"collection":[{"href":"https:\/\/jackpotlotteryonline.com\/tr\/wp-json\/wp\/v2\/pages"}],"about":[{"href":"https:\/\/jackpotlotteryonline.com\/tr\/wp-json\/wp\/v2\/types\/page"}],"author":[{"embeddable":true,"href":"https:\/\/jackpotlotteryonline.com\/tr\/wp-json\/wp\/v2\/users\/1"}],"replies":[{"embeddable":true,"href":"https:\/\/jackpotlotteryonline.com\/tr\/wp-json\/wp\/v2\/comments?post=41499"}],"version-history":[{"count":0,"href":"https:\/\/jackpotlotteryonline.com\/tr\/wp-json\/wp\/v2\/pages\/41499\/revisions"}],"up":[{"embeddable":true,"href":"https:\/\/jackpotlotteryonline.com\/tr\/wp-json\/wp\/v2\/pages\/35860"}],"wp:attachment":[{"href":"https:\/\/jackpotlotteryonline.com\/tr\/wp-json\/wp\/v2\/media?parent=41499"}],"curies":[{"name":"wp","href":"https:\/\/api.w.org\/{rel}","templated":true}]}}