{"id":41553,"date":"2022-12-12T05:10:30","date_gmt":"2022-12-12T05:10:30","guid":{"rendered":"https:\/\/jackpotlotteryonline.com\/?page_id=41553"},"modified":"2022-12-29T18:30:01","modified_gmt":"2022-12-29T18:30:01","slug":"lotto-america","status":"publish","type":"page","link":"https:\/\/jackpotlotteryonline.com\/tr\/kazanan-sayilar\/lotto-america\/","title":{"rendered":"Lotto Amerika \u00e7ekili\u015f sonu\u00e7lar\u0131"},"content":{"rendered":"<p>Lotto America, ABD&#8217;de \u00e7ok say\u0131da milyoner \u00e7\u0131karm\u0131\u015f bir piyango oyunudur. Piyangoyu kazanma olas\u0131l\u0131\u011f\u0131 harika, bu da onu piyango hayranlar\u0131 i\u00e7in \u00e7ekici bir oyun haline getiriyor. Art\u0131k d\u00fcnyan\u0131n her yerinden oyuncular bu <a href=\"https:\/\/jackpotlotteryonline.com\/tr\/bilet-satin-al\/lotto-america\">ABD piyangosu i\u00e7in \u00e7evrimi\u00e7i bilet sat\u0131n alabilirler<\/a>. Sadece bu da de\u011fil, ayn\u0131 zamanda piyangoyu kazan\u0131p kazanmad\u0131klar\u0131n\u0131 ke\u015ffetmek i\u00e7in kazanan numaralar\u0131 da kontrol edebilirler.<\/p>\n<p>Jackpotlotteryonline.com adresinden en iyi uluslararas\u0131 piyangolara bilet sat\u0131n alabilir ve kazanan numaralar\u0131 buradan da kontrol edebilirsiniz. Ve kazan\u00e7lar\u0131n\u0131za \u00e7evrimi\u00e7i olarak nas\u0131l eri\u015fece\u011finizi merak ediyorsan\u0131z, okumaya devam edin. T\u00fcm ayr\u0131nt\u0131lar\u0131 sizinle payla\u015faca\u011f\u0131z ve \u00e7evrimi\u00e7i oynaman\u0131n en do\u011fru yol oldu\u011fu h\u0131zla ortaya \u00e7\u0131kacak.<\/p>\n<h2>Lotto America&#8217;y\u0131 \u00e7evrimi\u00e7i oynamak<\/h2>\n<p><img loading=\"lazy\" decoding=\"async\" class=\"size-full wp-image-32081 alignright\" src=\"http:\/\/jackpotlotteryonline.com\/wp-content\/uploads\/2022\/11\/1_mega_lotto_win-213x300-1.jpg\" alt=\"Lotto America'y\u0131 \u00e7evrimi\u00e7i oynay\u0131n\" width=\"213\" height=\"300\" \/>Bu <a href=\"https:\/\/jackpotlotteryonline.com\/tr\/nasil-oynanir\/lotto-america-2\">piyangoyu \u00e7evrimi\u00e7i oynayabilece\u011finizi<\/a> ve nerede ya\u015fad\u0131\u011f\u0131n\u0131z\u0131n \u00f6nemli olmad\u0131\u011f\u0131n\u0131 belirtmi\u015ftik. Biletler genellikle ABD&#8217;de sat\u0131l\u0131r, ancak bunlar\u0131 buradan jackpotlotteryonline.com adresinden de sat\u0131n alabilirsiniz.<\/p>\n<p>Piyango bileti satan ba\u015fka siteler de vard\u0131r, ancak bunlar oyuncular\u0131n yaln\u0131zca piyangonun sonucu \u00fczerine bahis oynamas\u0131na izin verir. Bu, o siteden bir piyango bileti sat\u0131n alman\u0131n size piyangoya giri\u015f hakk\u0131 vermedi\u011fi anlam\u0131na gelir. Yani, \u00e7ekilen t\u00fcm say\u0131lar\u0131 e\u015fle\u015ftirseniz bile, b\u00fcy\u00fck ikramiyeyi kazanamazs\u0131n\u0131z. Bu y\u00fczden kulland\u0131\u011f\u0131n\u0131z siteyi se\u00e7mek \u00e7ok \u00f6nemlidir.<\/p>\n<h2>\u00c7evrimi\u00e7i piyango oynaman\u0131n ad\u0131mlar\u0131<\/h2>\n<p>Bir siteye karar verdikten sonra, a\u015fa\u011f\u0131daki ad\u0131mlar\u0131 izleyin:<\/p>\n<ol>\n<li>Kullanmak istedi\u011finiz siteyi ziyaret edin ve Lotto America&#8217;ya t\u0131klay\u0131n<\/li>\n<li>1 ila 52 aral\u0131\u011f\u0131ndan 5 say\u0131 se\u00e7in (hangi say\u0131lar\u0131 kullanaca\u011f\u0131n\u0131zdan emin de\u011filseniz, otomatik say\u0131 \u00fcretecini deneyin)<\/li>\n<li>Ard\u0131ndan, 1&#8217;den 10&#8217;a kadar bir bonus say\u0131 (Y\u0131ld\u0131z Topu) se\u00e7in<\/li>\n<li>Daha y\u00fcksek kazanma \u015fans\u0131 i\u00e7in ek say\u0131 sat\u0131rlar\u0131 sat\u0131n al\u0131n<\/li>\n<li>\u00c7ekili\u015flere kat\u0131l\u0131n (birden fazla \u00e7ekili\u015fe kat\u0131labilirsiniz)<\/li>\n<li>Kay\u0131t olun ve giri\u015fleriniz i\u00e7in \u00f6deme yap\u0131n.<\/li>\n<\/ol>\n<p>Sizden birka\u00e7 nedenden dolay\u0131 kay\u0131t olman\u0131z\u0131 istiyoruz. \u0130lk olarak, dijital biletinizin g\u00fcvende oldu\u011fundan emin olmak istiyoruz. \u0130kinci olarak, herhangi bir \u00f6d\u00fcl kazanman\u0131z durumunda sizinle ileti\u015fime ge\u00e7mek i\u00e7in hesab\u0131n\u0131z\u0131 kullan\u0131yoruz. Bu konu hakk\u0131nda daha sonra konu\u015faca\u011f\u0131z.<\/p>\n<h2>Lotto America \u00e7ekili\u015f g\u00fcnleri ve ikramiye<\/h2>\n<p>Bu ABD piyangosunun Pazartesi, \u00c7ar\u015famba ve Cumartesi olmak \u00fczere \u00fc\u00e7 haftal\u0131k \u00e7ekili\u015fi vard\u0131r. \u00c7ekili\u015fler s\u0131ras\u0131nda kazanan bilet a\u00e7\u0131klan\u0131r. B\u00fcy\u00fck ikramiyeyi kazanmak i\u00e7in biletinizin \u00e7ekilen alt\u0131 say\u0131yla e\u015fle\u015fmesi gerekir.<\/p>\n<p>Lotto America jackpot \u00f6d\u00fclleri 2 milyon dolardan ba\u015flar ve bir \u00e7ekili\u015ften sonra kazanan olmazsa devredebilir. Her \u00e7ekili\u015ften sonra devretti\u011fi i\u00e7in (kazanan yoksa), 18 milyon dolara kadar \u00e7\u0131kabilir. Bu kazanmak i\u00e7in iyi bir miktar, de\u011fil mi?<\/p>\n<p>Asl\u0131nda, Lotto Amerika&#8217;n\u0131n rekor ikramiyesi 23 milyon dolard\u0131 ve 2018&#8217;de bir aile taraf\u0131ndan kazan\u0131ld\u0131.<\/p>\n<section class=\"layout\" style=\"border: solid 1px; width: 100%;\">\n<div class=\"img-div\" style=\"margin-top: 5px;\"><img decoding=\"async\" class=\"wp-image-17212 alignleft\" style=\"height: 45px; margin: 8px 8px 0px;\" src=\"http:\/\/jackpotlotteryonline.com\/wp-content\/uploads\/2022\/11\/read1.jpg\" alt=\"okuyun\" width=\"\" height=\"\" \/><\/div>\n<div style=\"padding-left: 5px;\">\n<div style=\"font-size: 1.1em;\">\n<p><strong>Baz\u0131 piyango talihlileri topluma geri d\u00f6nd\u00fc<\/strong><\/p>\n<p style=\"font-size: 0.85em; margin-top: -1.5em;\">Geri \u00f6deme yapan piyango kazananlar\u0131 hakk\u0131nda baz\u0131 ilgin\u00e7 ve i\u00e7 a\u00e7\u0131c\u0131 hikayeler\u00a0 <a href=\"https:\/\/jackpotlotteryonline.com\/tr\/piyango-kazananlari-geri-verme-hakkinda-hikayeler\">daha fazla oku<\/a><\/p>\n<\/div>\n<\/div>\n<\/section>\n<h2>\u00d6d\u00fcl Kategorileri<\/h2>\n<p>B\u00fcy\u00fck ikramiye elbette piyangonun en b\u00fcy\u00fck \u00f6d\u00fcl\u00fcd\u00fcr. Ancak bu piyango, oyunculara ilgin\u00e7 \u00f6d\u00fcller kazanma f\u0131rsat\u0131 veren 9 farkl\u0131 \u00f6d\u00fcl kategorisine sahiptir.<\/p>\n<p>B\u00fcy\u00fck ikramiyeyi kazanamasan\u0131z bile, di\u011fer kategoriler i\u00e7in kazanan numaralar\u0131 e\u015fle\u015ftirerek eve b\u00fcy\u00fck bir kazan\u00e7la gidebilirsiniz. \u0130\u015fte her bir \u00f6d\u00fcl kategorisini kazanma olas\u0131l\u0131klar\u0131yla birlikte \u00f6d\u00fcl da\u011f\u0131l\u0131m\u0131.<\/p>\n<p>B\u00f6l\u00fcm 1: 5 + Y\u0131ld\u0131z Topu &#8211; 25.989.600&#8217;de 1 &#8211; Jackpot<\/p>\n<p>B\u00f6l\u00fcm 2: 5 &#8211; 1&#8217;de 2,887,733 &#8211; 20,000 $<\/p>\n<p>B\u00f6l\u00fcm 3: 4 + Y\u0131ld\u0131z Topu &#8211; 110.594&#8217;te 1 &#8211; 1.000 $<\/p>\n<p>B\u00f6l\u00fcm 4: 4 &#8211; 12.288&#8217;de 1 &#8211; 100 $<\/p>\n<p>B\u00f6l\u00fcm 5: 3 + Y\u0131ld\u0131z Topu &#8211; 2.404&#8217;te 1 &#8211; 20 $<\/p>\n<p>B\u00f6l\u00fcm 6: 267&#8217;de 3 &#8211; 1 &#8211; 5 Dolar<\/p>\n<p>B\u00f6l\u00fcm 7: 2 + Y\u0131ld\u0131z Topu &#8211; 160&#8217;ta 1 &#8211; 5 Dolar<\/p>\n<p>B\u00f6l\u00fcm 8: 1 + Y\u0131ld\u0131z Top &#8211; 29&#8217;da 1 &#8211; 2 $<\/p>\n<p>B\u00f6l\u00fcm 9: 0 + Y\u0131ld\u0131z Topu &#8211; 17&#8217;de 1 &#8211; 2 Dolar<\/p>\n<h2>Kazanan numaralar nas\u0131l kontrol edilir<\/h2>\n<p><img loading=\"lazy\" decoding=\"async\" class=\"alignright size-full wp-image-31532\" src=\"http:\/\/jackpotlotteryonline.com\/wp-content\/uploads\/2022\/11\/lottoballs.jpg\" alt=\"Lotto Amerika kazanan numaralar\" width=\"245\" height=\"123\" \/>Herhangi bir \u00f6d\u00fcl kazan\u0131p kazanmad\u0131\u011f\u0131n\u0131z\u0131 kontrol etmek, \u00e7ekili\u015flerden sonra bu sayfaya d\u00f6nmek kadar basittir. Her \u00e7ekili\u015ften sonra, her \u00f6d\u00fcl kategorisi i\u00e7in \u00e7ekili\u015f sonu\u00e7lar\u0131n\u0131 yay\u0131nl\u0131yoruz. B\u00f6ylece stres ya\u015famadan sayfam\u0131z\u0131 rahatl\u0131kla kontrol edebilirsiniz.<\/p>\n<p>Ayr\u0131ca, biletinizi bizden sat\u0131n ald\u0131ysan\u0131z, bize de kay\u0131t yapt\u0131rm\u0131\u015f olursunuz. Yani, bir \u00f6d\u00fcl kazan\u0131rsan\u0131z, sizi hesab\u0131n\u0131z \u00fczerinden ve ayr\u0131ca e-posta yoluyla uyarabiliriz.<\/p>\n<p>Piyango biletinizi bizden ald\u0131\u011f\u0131n\u0131zda hi\u00e7bir kazanc\u0131 ka\u00e7\u0131rmak zorunda kalmazs\u0131n\u0131z.<\/p>\n<h2>\u00d6d\u00fcl\u00fcn\u00fcz\u00fc nakde \u00e7evirme<\/h2>\n<p>Bahis\u00e7ilerden s\u0131k\u00e7a duydu\u011fumuz bir soru, Lotto America&#8217;ya \u00e7evrimi\u00e7i olarak girdiklerinde kazan\u00e7lar\u0131na nas\u0131l eri\u015febilecekleridir. Sitemiz \u00fczerinden piyango bileti sat\u0131n al\u0131rsan\u0131z, kazan\u00e7lar\u0131n\u0131z\u0131 talep etmeniz i\u00e7in basit ve sorunsuz bir y\u00f6ntem sunuyoruz.<\/p>\n<p>2500 \u20ac tutar\u0131ndaki kazan\u00e7lar hesab\u0131n\u0131za yat\u0131r\u0131l\u0131r ve daha sonra hi\u00e7bir ek \u00fccret \u00f6demeden \u00e7ekebilirsiniz. Daha b\u00fcy\u00fck kazan\u00e7lar ise biraz farkl\u0131 bir prosed\u00fcr gerektirir. Daha b\u00fcy\u00fck kazan\u00e7lar i\u00e7in, kazanc\u0131n\u0131z\u0131 piyango \u015firketinden talep etmeniz gerekir. Ancak, doldurman\u0131z i\u00e7in bir talep formu sa\u011flayaca\u011f\u0131z ve bunu yapt\u0131ktan sonra talebi sizin i\u00e7in i\u015fleme koyaca\u011f\u0131z.<\/p>\n<p>Bunun nedeni, kendinizi tan\u0131tman\u0131z gerekecek olmas\u0131d\u0131r. Ayr\u0131ca, baz\u0131 piyango \u015firketleri daha b\u00fcy\u00fck mebla\u011flar\u0131 tahsil etmek i\u00e7in \u015fahsen g\u00f6r\u00fcnmenizi isteyebilir. B\u00f6yle bir durumda size hemen haber verece\u011fiz.<\/p>\n<h2>Lotto America biletlerinizi jackpotlotteryonline.com adresinden sat\u0131n al\u0131n<\/h2>\n<p>Lotto America biletlerinizi bizden alman\u0131z i\u00e7in pek \u00e7ok neden var. Her \u015feyden \u00f6nce, biz bir konsiyerj sitesiyiz. Bu, biz sizin i\u00e7in daha ince ayr\u0131nt\u0131lar\u0131 hallederken arkan\u0131za yaslan\u0131p rahatlayabilece\u011finiz anlam\u0131na gelir. B\u00f6ylece, Lotto America gibi en iyi uluslararas\u0131 piyangolara eri\u015fmenize yard\u0131mc\u0131 oluyoruz.<\/p>\n<p>Ancak bununla yetinmiyoruz. Piyango oyunlar\u0131n\u0131z\u0131 y\u00f6netmenize yard\u0131mc\u0131 olacak bir sistem de sa\u011fl\u0131yoruz. Kelimenin tam anlam\u0131yla, do\u011frudan sitemizden birden fazla piyango ve \u00e7ekili\u015fe girebilirsiniz. Ba\u015fka bir yere gitmenize gerek yok. Ayr\u0131ca, Lotto America sonu\u00e7lar\u0131n\u0131 tek bir yerden kontrol etmeniz i\u00e7in uygun bir yol sunuyoruz.<\/p>\n<p>Son olarak, kazanan numaralar\u0131 kolayca kontrol edebilir ve kazanc\u0131n\u0131z\u0131 platformumuzdan do\u011frudan hesab\u0131n\u0131za \u00e7ekebilirsiniz. Sizin i\u00e7in sorunsuz bir sistemi m\u00fckemmelle\u015ftirmek i\u00e7in her g\u00fcn \u00e7ok \u00e7al\u0131\u015f\u0131yoruz. Stresi ortadan kald\u0131rmam\u0131za izin verin, b\u00f6ylece e\u011flenceye odaklanabilirsiniz. Bug\u00fcn piyango oynamak i\u00e7in bize kaydolun.<\/p>\n","protected":false},"excerpt":{"rendered":"<p>Lotto America, ABD&#8217;de \u00e7ok say\u0131da milyoner \u00e7\u0131karm\u0131\u015f bir piyango oyunudur. Piyangoyu kazanma olas\u0131l\u0131\u011f\u0131 harika, bu da onu piyango hayranlar\u0131 i\u00e7in \u00e7ekici bir oyun haline getiriyor. Art\u0131k d\u00fcnyan\u0131n her yerinden oyuncular bu ABD piyangosu i\u00e7in \u00e7evrimi\u00e7i bilet sat\u0131n alabilirler. Sadece bu da de\u011fil, ayn\u0131 zamanda piyangoyu kazan\u0131p kazanmad\u0131klar\u0131n\u0131 ke\u015ffetmek i\u00e7in kazanan numaralar\u0131 da kontrol edebilirler. Jackpotlotteryonline.com [&hellip;]<\/p>\n","protected":false},"author":1,"featured_media":0,"parent":35860,"menu_order":13,"comment_status":"closed","ping_status":"closed","template":"lotto-america-results.php","meta":{"_et_pb_use_builder":"","_et_pb_old_content":"","_et_gb_content_width":"","exclude_from_search":false,"footnotes":""},"class_list":["post-41553","page","type-page","status-publish","hentry"],"yoast_head":"<!-- This site is optimized with the Yoast SEO plugin v23.3 - https:\/\/yoast.com\/wordpress\/plugins\/seo\/ -->\n<title>Lotto America kazanan numaralar ve \u00e7ekili\u015f sonu\u00e7lar\u0131<\/title>\n<meta name=\"description\" content=\"Lotto Amerika&#039;n\u0131n kazanan numaralar\u0131n\u0131 m\u0131 ar\u0131yorsunuz? T\u00fcm b\u00fcy\u00fck Amerikan piyangolar\u0131n\u0131n \u00e7ekili\u015f sonu\u00e7lar\u0131n\u0131 web sitemizde bulabilirsiniz!\" \/>\n<meta name=\"robots\" content=\"index, follow, max-snippet:-1, max-image-preview:large, max-video-preview:-1\" \/>\n<link rel=\"canonical\" href=\"https:\/\/jackpotlotteryonline.com\/tr\/kazanan-sayilar\/lotto-america\/\" \/>\n<meta property=\"og:locale\" content=\"tr_TR\" \/>\n<meta property=\"og:type\" content=\"article\" \/>\n<meta property=\"og:title\" content=\"Lotto America kazanan numaralar ve \u00e7ekili\u015f sonu\u00e7lar\u0131\" \/>\n<meta property=\"og:description\" content=\"Lotto Amerika&#039;n\u0131n kazanan numaralar\u0131n\u0131 m\u0131 ar\u0131yorsunuz? T\u00fcm b\u00fcy\u00fck Amerikan piyangolar\u0131n\u0131n \u00e7ekili\u015f sonu\u00e7lar\u0131n\u0131 web sitemizde bulabilirsiniz!\" \/>\n<meta property=\"og:url\" content=\"https:\/\/jackpotlotteryonline.com\/tr\/kazanan-sayilar\/lotto-america\/\" \/>\n<meta property=\"og:site_name\" content=\"Lotto Online - Crack The International Lottery Jackpots\" \/>\n<meta property=\"article:modified_time\" content=\"2022-12-29T18:30:01+00:00\" \/>\n<meta property=\"og:image\" content=\"http:\/\/jackpotlotteryonline.com\/wp-content\/uploads\/2022\/11\/1_mega_lotto_win-213x300-1.jpg\" \/>\n<meta name=\"twitter:card\" content=\"summary_large_image\" \/>\n<meta name=\"twitter:label1\" content=\"Tahmini okuma s\u00fcresi\" \/>\n\t<meta name=\"twitter:data1\" content=\"5 dakika\" \/>\n<!-- \/ Yoast SEO plugin. -->","yoast_head_json":{"title":"Lotto America kazanan numaralar ve \u00e7ekili\u015f sonu\u00e7lar\u0131","description":"Lotto Amerika'n\u0131n kazanan numaralar\u0131n\u0131 m\u0131 ar\u0131yorsunuz? T\u00fcm b\u00fcy\u00fck Amerikan piyangolar\u0131n\u0131n \u00e7ekili\u015f sonu\u00e7lar\u0131n\u0131 web sitemizde bulabilirsiniz!","robots":{"index":"index","follow":"follow","max-snippet":"max-snippet:-1","max-image-preview":"max-image-preview:large","max-video-preview":"max-video-preview:-1"},"canonical":"https:\/\/jackpotlotteryonline.com\/tr\/kazanan-sayilar\/lotto-america\/","og_locale":"tr_TR","og_type":"article","og_title":"Lotto America kazanan numaralar ve \u00e7ekili\u015f sonu\u00e7lar\u0131","og_description":"Lotto Amerika'n\u0131n kazanan numaralar\u0131n\u0131 m\u0131 ar\u0131yorsunuz? T\u00fcm b\u00fcy\u00fck Amerikan piyangolar\u0131n\u0131n \u00e7ekili\u015f sonu\u00e7lar\u0131n\u0131 web sitemizde bulabilirsiniz!","og_url":"https:\/\/jackpotlotteryonline.com\/tr\/kazanan-sayilar\/lotto-america\/","og_site_name":"Lotto Online - Crack The International Lottery Jackpots","article_modified_time":"2022-12-29T18:30:01+00:00","og_image":[{"url":"http:\/\/jackpotlotteryonline.com\/wp-content\/uploads\/2022\/11\/1_mega_lotto_win-213x300-1.jpg"}],"twitter_card":"summary_large_image","twitter_misc":{"Tahmini okuma s\u00fcresi":"5 dakika"},"schema":{"@context":"https:\/\/schema.org","@graph":[{"@type":"WebPage","@id":"https:\/\/jackpotlotteryonline.com\/tr\/kazanan-sayilar\/lotto-america\/","url":"https:\/\/jackpotlotteryonline.com\/tr\/kazanan-sayilar\/lotto-america\/","name":"Lotto America kazanan numaralar ve \u00e7ekili\u015f sonu\u00e7lar\u0131","isPartOf":{"@id":"https:\/\/jackpotlotteryonline.com\/#website"},"primaryImageOfPage":{"@id":"https:\/\/jackpotlotteryonline.com\/tr\/kazanan-sayilar\/lotto-america\/#primaryimage"},"image":{"@id":"https:\/\/jackpotlotteryonline.com\/tr\/kazanan-sayilar\/lotto-america\/#primaryimage"},"thumbnailUrl":"http:\/\/jackpotlotteryonline.com\/wp-content\/uploads\/2022\/11\/1_mega_lotto_win-213x300-1.jpg","datePublished":"2022-12-12T05:10:30+00:00","dateModified":"2022-12-29T18:30:01+00:00","description":"Lotto Amerika'n\u0131n kazanan numaralar\u0131n\u0131 m\u0131 ar\u0131yorsunuz? T\u00fcm b\u00fcy\u00fck Amerikan piyangolar\u0131n\u0131n \u00e7ekili\u015f sonu\u00e7lar\u0131n\u0131 web sitemizde bulabilirsiniz!","breadcrumb":{"@id":"https:\/\/jackpotlotteryonline.com\/tr\/kazanan-sayilar\/lotto-america\/#breadcrumb"},"inLanguage":"tr","potentialAction":[{"@type":"ReadAction","target":["https:\/\/jackpotlotteryonline.com\/tr\/kazanan-sayilar\/lotto-america\/"]}]},{"@type":"ImageObject","inLanguage":"tr","@id":"https:\/\/jackpotlotteryonline.com\/tr\/kazanan-sayilar\/lotto-america\/#primaryimage","url":"http:\/\/jackpotlotteryonline.com\/wp-content\/uploads\/2022\/11\/1_mega_lotto_win-213x300-1.jpg","contentUrl":"http:\/\/jackpotlotteryonline.com\/wp-content\/uploads\/2022\/11\/1_mega_lotto_win-213x300-1.jpg"},{"@type":"BreadcrumbList","@id":"https:\/\/jackpotlotteryonline.com\/tr\/kazanan-sayilar\/lotto-america\/#breadcrumb","itemListElement":[{"@type":"ListItem","position":1,"name":"Home","item":"https:\/\/jackpotlotteryonline.com\/tr\/"},{"@type":"ListItem","position":2,"name":"Piyango sonu\u00e7lar\u0131","item":"https:\/\/jackpotlotteryonline.com\/tr\/kazanan-sayilar\/"},{"@type":"ListItem","position":3,"name":"Lotto Amerika \u00e7ekili\u015f sonu\u00e7lar\u0131"}]},{"@type":"WebSite","@id":"https:\/\/jackpotlotteryonline.com\/#website","url":"https:\/\/jackpotlotteryonline.com\/","name":"Lotto Online - Crack The International Lottery Jackpots","description":"","potentialAction":[{"@type":"SearchAction","target":{"@type":"EntryPoint","urlTemplate":"https:\/\/jackpotlotteryonline.com\/?s={search_term_string}"},"query-input":"required name=search_term_string"}],"inLanguage":"tr"}]}},"_links":{"self":[{"href":"https:\/\/jackpotlotteryonline.com\/tr\/wp-json\/wp\/v2\/pages\/41553","targetHints":{"allow":["GET"]}}],"collection":[{"href":"https:\/\/jackpotlotteryonline.com\/tr\/wp-json\/wp\/v2\/pages"}],"about":[{"href":"https:\/\/jackpotlotteryonline.com\/tr\/wp-json\/wp\/v2\/types\/page"}],"author":[{"embeddable":true,"href":"https:\/\/jackpotlotteryonline.com\/tr\/wp-json\/wp\/v2\/users\/1"}],"replies":[{"embeddable":true,"href":"https:\/\/jackpotlotteryonline.com\/tr\/wp-json\/wp\/v2\/comments?post=41553"}],"version-history":[{"count":0,"href":"https:\/\/jackpotlotteryonline.com\/tr\/wp-json\/wp\/v2\/pages\/41553\/revisions"}],"up":[{"embeddable":true,"href":"https:\/\/jackpotlotteryonline.com\/tr\/wp-json\/wp\/v2\/pages\/35860"}],"wp:attachment":[{"href":"https:\/\/jackpotlotteryonline.com\/tr\/wp-json\/wp\/v2\/media?parent=41553"}],"curies":[{"name":"wp","href":"https:\/\/api.w.org\/{rel}","templated":true}]}}