{"id":72981,"date":"2025-02-02T17:48:31","date_gmt":"2025-02-02T17:48:31","guid":{"rendered":"https:\/\/jackpotlotteryonline.com\/?page_id=72981"},"modified":"2025-02-02T17:48:31","modified_gmt":"2025-02-02T17:48:31","slug":"gizlilik-politikasi","status":"publish","type":"page","link":"https:\/\/jackpotlotteryonline.com\/tr\/gizlilik-politikasi\/","title":{"rendered":"Gizlilik Politikas\u0131"},"content":{"rendered":"<p>Bu gizlilik politikas\u0131, Playlottoonline web sitesi (bundan sonra &#8220;Politika&#8221; olarak an\u0131lacakt\u0131r) i\u00e7in ge\u00e7erlidir ve LLL World Marketing Limited taraf\u0131ndan y\u00f6netilmektedir. \u015eirketin adresi Peiraios 30, 1. Kat, Ofis 1, 2023 Strovolos, Lefko\u015fa, K\u0131br\u0131s\u2019tad\u0131r. Bu web sitesini kullanarak, bu gizlilik politikas\u0131n\u0131 ve ilgili kullan\u0131m \u015fartlar\u0131n\u0131 kabul etmi\u015f oluyorsunuz.<\/p>\n<h3><strong>Hangi bilgileri topluyoruz?<\/strong><\/h3>\n<h4><strong>Sizin Sa\u011flad\u0131\u011f\u0131n\u0131z Bilgiler<\/strong><\/h4>\n<p>Web sitesine kaydoldu\u011funuzda, hesab\u0131n\u0131z\u0131 benzersiz bir \u015fekilde tan\u0131mlamak ve gerekti\u011finde etkinle\u015ftirmek i\u00e7in bir e-posta adresi sa\u011flaman\u0131z\u0131 isteriz. E-posta adresi ayr\u0131ca \u015fifrenizi s\u0131f\u0131rlamak i\u00e7in de kullan\u0131lacakt\u0131r.<\/p>\n<p>E-posta adresiniz ve telefon numaran\u0131z, web sitesinin i\u015fleviyle ilgili bildirimler (hukuki uyar\u0131lar, web sitesinin g\u00fcncellemeleri, sunulan \u00fcr\u00fcnler ve hizmetler hakk\u0131nda bilgiler) ve pazarlama ama\u00e7lar\u0131 i\u00e7in (\u00fc\u00e7\u00fcnc\u00fc taraf bildirimleri dahil) kullan\u0131labilir. Pazarlama mesajlar\u0131n\u0131 almak istemiyorsan\u0131z, e-posta i\u00e7indeki abonelikten \u00e7\u0131kma linkine t\u0131klayarak veya e-posta, telefon veya ileti\u015fim formu arac\u0131l\u0131\u011f\u0131yla bizimle ileti\u015fime ge\u00e7erek aboneli\u011finizi iptal edebilirsiniz.<\/p>\n<p>Kaydolduktan sonra, profilinizi ad, soyad, adres, do\u011fum tarihi, telefon numaras\u0131 ve zaman dilimi ile doldurabilirsiniz. Bu bilgiler, yat\u0131r\u0131mlar\u0131n\u0131z\u0131, \u00e7ekimlerinizi i\u015fleme almak, web sitesini \u00f6zelle\u015ftirmek (bildirimler dahil) ve 2500 USD \u00fczerindeki kazan\u00e7lar\u0131 i\u015flemek i\u00e7in kullan\u0131l\u0131r, bu durum Kullan\u0131m \u015eartlar\u0131\u2019n\u0131n 3.5 maddesinde a\u00e7\u0131klanm\u0131\u015ft\u0131r.<\/p>\n<p>Ayr\u0131ca, bizimle ileti\u015fime ge\u00e7ti\u011finizde sa\u011flad\u0131\u011f\u0131n\u0131z bilgileri (ileti\u015fim formu, telefon g\u00f6r\u00fc\u015fmesi, e-posta, sosyal medya etkile\u015fimleri gibi) saklayabiliriz. Bu bilgiler ad, e-posta adresi, telefon numaras\u0131 ve fiziksel adres gibi bilgileri i\u00e7erebilir. \u0130leti\u015fim formuna yan\u0131t verebilmek i\u00e7in ad ve e-posta adresi gereklidir.<\/p>\n<h4><strong>Otomatik Olarak Toplanan Bilgiler<\/strong><\/h4>\n<p>Web sitesini kulland\u0131\u011f\u0131n\u0131zda, temel i\u015flevleri etkinle\u015ftirmek, web sitesini \u00f6zelle\u015ftirmek (bildirimler dahil), web sitesi kullan\u0131m\u0131n\u0131 izlemek ve g\u00fcvenli\u011fi sa\u011flamak amac\u0131yla baz\u0131 bilgileri otomatik olarak toplar\u0131z. Bu bilgiler \u015funlar\u0131 i\u00e7erir:<\/p>\n<ul>\n<li>IP adresi;<\/li>\n<li>Taray\u0131c\u0131n\u0131z taraf\u0131ndan g\u00f6nderilen HTTP ba\u015fl\u0131klar\u0131 (\u00f6rne\u011fin, &#8220;User-Agent&#8221;, &#8220;Accept-Language&#8221;, &#8220;Referer&#8221;) ve bu ba\u015fl\u0131klar, taray\u0131c\u0131 tipi ve s\u00fcr\u00fcm\u00fc, i\u015fletim sistemi, dil, i\u015fletim sistemi tipi ve s\u00fcr\u00fcm\u00fc gibi bilgileri i\u00e7erir;<\/li>\n<li>Zaman damgas\u0131;<\/li>\n<li>HTTP istekleri;<\/li>\n<li>playlottoonline.org alan ad\u0131 veya alt alanlarda saklanan \u00e7erezler.<\/li>\n<\/ul>\n<p>IP adresiniz, ger\u00e7ek konumunuzu belirlemek i\u00e7in kullan\u0131labilir, bu da hizmetimizi iyile\u015ftirmemize ve web sitesini (bildirimler dahil) \u00f6zelle\u015ftirmemize yard\u0131mc\u0131 olur.<\/p>\n<p>Ayr\u0131ca, web sitesinde, web sitesini h\u0131zl\u0131 bir \u015fekilde y\u00fcklemek ve kullan\u0131c\u0131 deneyimini geli\u015ftirmek i\u00e7in taray\u0131c\u0131n\u0131zda \u00f6nbellek depolamas\u0131 kullan\u0131l\u0131r. Bu, taray\u0131c\u0131y\u0131 yeniden ba\u015flatt\u0131\u011f\u0131n\u0131zda bile veri depolama i\u015flemi yap\u0131l\u0131r.<\/p>\n<h4><strong>\u00dc\u00e7\u00fcnc\u00fc Taraf Hizmetleri<\/strong><\/h4>\n<h5><strong>Analiz, Reklam ve G\u00fcvenlik<\/strong><\/h5>\n<p>Web sitesinin i\u015flevselli\u011fini sa\u011flamak, verileri izlemek ve analiz etmek, web sitesi trafi\u011fini izlemek i\u00e7in \u00fc\u00e7\u00fcnc\u00fc taraf hizmet sa\u011flay\u0131c\u0131lar\u0131 kullan\u0131yoruz:<\/p>\n<ul>\n<li><strong>Google Analytics<\/strong>: Web sitesi trafi\u011fini izlemek ve performans\u0131 analiz etmek i\u00e7in;<\/li>\n<li><strong>Google reCAPTCHA<\/strong>: G\u00fcvenli\u011fi art\u0131rmak ve otomatik sald\u0131r\u0131lara kar\u015f\u0131 korunma sa\u011flamak i\u00e7in;<\/li>\n<li><strong>Facebook Pixel<\/strong>: Web sitesi trafi\u011fini izlemek ve reklam kampanyalar\u0131n\u0131 optimize etmek i\u00e7in.<\/li>\n<\/ul>\n<p>Bu hizmetler, kendi gizlilik politikalar\u0131na g\u00f6re veri toplar ve kullan\u0131r. Google\u2019\u0131n nas\u0131l veri toplad\u0131\u011f\u0131n\u0131 ve i\u015fledi\u011fini \u00f6\u011frenmek i\u00e7in <strong>Google Gizlilik Politikas\u0131<\/strong>\u2019n\u0131 okuyabilirsiniz. Facebook\u2019tan toplanan veriler hakk\u0131nda daha fazla bilgi i\u00e7in <strong>Facebook Gizlilik Politikas\u0131<\/strong>&#8216;na g\u00f6z atabilirsiniz.<\/p>\n","protected":false},"excerpt":{"rendered":"<p>Bu gizlilik politikas\u0131, Playlottoonline web sitesi (bundan sonra &#8220;Politika&#8221; olarak an\u0131lacakt\u0131r) i\u00e7in ge\u00e7erlidir ve LLL World Marketing Limited taraf\u0131ndan y\u00f6netilmektedir. \u015eirketin adresi Peiraios 30, 1. Kat, Ofis 1, 2023 Strovolos, Lefko\u015fa, K\u0131br\u0131s\u2019tad\u0131r. Bu web sitesini kullanarak, bu gizlilik politikas\u0131n\u0131 ve ilgili kullan\u0131m \u015fartlar\u0131n\u0131 kabul etmi\u015f oluyorsunuz. Hangi bilgileri topluyoruz? Sizin Sa\u011flad\u0131\u011f\u0131n\u0131z Bilgiler Web sitesine kaydoldu\u011funuzda, [&hellip;]<\/p>\n","protected":false},"author":7,"featured_media":0,"parent":0,"menu_order":0,"comment_status":"closed","ping_status":"closed","template":"","meta":{"_et_pb_use_builder":"","_et_pb_old_content":"","_et_gb_content_width":"","exclude_from_search":false,"footnotes":""},"class_list":["post-72981","page","type-page","status-publish","hentry"],"yoast_head":"<!-- This site is optimized with the Yoast SEO plugin v23.3 - https:\/\/yoast.com\/wordpress\/plugins\/seo\/ -->\n<title>Gizlilik Politikas\u0131 - Lotto Online - Crack The International Lottery Jackpots<\/title>\n<meta name=\"robots\" content=\"index, follow, max-snippet:-1, max-image-preview:large, max-video-preview:-1\" \/>\n<link rel=\"canonical\" href=\"https:\/\/jackpotlotteryonline.com\/privacy-policy-2\/\" \/>\n<meta property=\"og:locale\" content=\"tr_TR\" \/>\n<meta property=\"og:type\" content=\"article\" \/>\n<meta property=\"og:title\" content=\"Gizlilik Politikas\u0131 - Lotto Online - Crack The International Lottery Jackpots\" \/>\n<meta property=\"og:description\" content=\"Bu gizlilik politikas\u0131, Playlottoonline web sitesi (bundan sonra &#8220;Politika&#8221; olarak an\u0131lacakt\u0131r) i\u00e7in ge\u00e7erlidir ve LLL World Marketing Limited taraf\u0131ndan y\u00f6netilmektedir. \u015eirketin adresi Peiraios 30, 1. Kat, Ofis 1, 2023 Strovolos, Lefko\u015fa, K\u0131br\u0131s\u2019tad\u0131r. Bu web sitesini kullanarak, bu gizlilik politikas\u0131n\u0131 ve ilgili kullan\u0131m \u015fartlar\u0131n\u0131 kabul etmi\u015f oluyorsunuz. Hangi bilgileri topluyoruz? Sizin Sa\u011flad\u0131\u011f\u0131n\u0131z Bilgiler Web sitesine kaydoldu\u011funuzda, [&hellip;]\" \/>\n<meta property=\"og:url\" content=\"https:\/\/jackpotlotteryonline.com\/privacy-policy-2\/\" \/>\n<meta property=\"og:site_name\" content=\"Lotto Online - Crack The International Lottery Jackpots\" \/>\n<meta name=\"twitter:card\" content=\"summary_large_image\" \/>\n<meta name=\"twitter:label1\" content=\"Tahmini okuma s\u00fcresi\" \/>\n\t<meta name=\"twitter:data1\" content=\"2 dakika\" \/>\n<!-- \/ Yoast SEO plugin. -->","yoast_head_json":{"title":"Gizlilik Politikas\u0131 - Lotto Online - Crack The International Lottery Jackpots","robots":{"index":"index","follow":"follow","max-snippet":"max-snippet:-1","max-image-preview":"max-image-preview:large","max-video-preview":"max-video-preview:-1"},"canonical":"https:\/\/jackpotlotteryonline.com\/privacy-policy-2\/","og_locale":"tr_TR","og_type":"article","og_title":"Gizlilik Politikas\u0131 - Lotto Online - Crack The International Lottery Jackpots","og_description":"Bu gizlilik politikas\u0131, Playlottoonline web sitesi (bundan sonra &#8220;Politika&#8221; olarak an\u0131lacakt\u0131r) i\u00e7in ge\u00e7erlidir ve LLL World Marketing Limited taraf\u0131ndan y\u00f6netilmektedir. \u015eirketin adresi Peiraios 30, 1. Kat, Ofis 1, 2023 Strovolos, Lefko\u015fa, K\u0131br\u0131s\u2019tad\u0131r. Bu web sitesini kullanarak, bu gizlilik politikas\u0131n\u0131 ve ilgili kullan\u0131m \u015fartlar\u0131n\u0131 kabul etmi\u015f oluyorsunuz. Hangi bilgileri topluyoruz? Sizin Sa\u011flad\u0131\u011f\u0131n\u0131z Bilgiler Web sitesine kaydoldu\u011funuzda, [&hellip;]","og_url":"https:\/\/jackpotlotteryonline.com\/privacy-policy-2\/","og_site_name":"Lotto Online - Crack The International Lottery Jackpots","twitter_card":"summary_large_image","twitter_misc":{"Tahmini okuma s\u00fcresi":"2 dakika"},"schema":{"@context":"https:\/\/schema.org","@graph":[{"@type":"WebPage","@id":"https:\/\/jackpotlotteryonline.com\/privacy-policy-2\/","url":"https:\/\/jackpotlotteryonline.com\/privacy-policy-2\/","name":"Gizlilik Politikas\u0131 - Lotto Online - Crack The International Lottery Jackpots","isPartOf":{"@id":"https:\/\/jackpotlotteryonline.com\/#website"},"datePublished":"2025-02-02T17:48:31+00:00","dateModified":"2025-02-02T17:48:31+00:00","breadcrumb":{"@id":"https:\/\/jackpotlotteryonline.com\/privacy-policy-2\/#breadcrumb"},"inLanguage":"tr","potentialAction":[{"@type":"ReadAction","target":["https:\/\/jackpotlotteryonline.com\/privacy-policy-2\/"]}]},{"@type":"BreadcrumbList","@id":"https:\/\/jackpotlotteryonline.com\/privacy-policy-2\/#breadcrumb","itemListElement":[{"@type":"ListItem","position":1,"name":"Home","item":"https:\/\/jackpotlotteryonline.com\/tr\/"},{"@type":"ListItem","position":2,"name":"Gizlilik Politikas\u0131"}]},{"@type":"WebSite","@id":"https:\/\/jackpotlotteryonline.com\/#website","url":"https:\/\/jackpotlotteryonline.com\/","name":"Lotto Online - Crack The International Lottery Jackpots","description":"","potentialAction":[{"@type":"SearchAction","target":{"@type":"EntryPoint","urlTemplate":"https:\/\/jackpotlotteryonline.com\/?s={search_term_string}"},"query-input":"required name=search_term_string"}],"inLanguage":"tr"}]}},"_links":{"self":[{"href":"https:\/\/jackpotlotteryonline.com\/tr\/wp-json\/wp\/v2\/pages\/72981","targetHints":{"allow":["GET"]}}],"collection":[{"href":"https:\/\/jackpotlotteryonline.com\/tr\/wp-json\/wp\/v2\/pages"}],"about":[{"href":"https:\/\/jackpotlotteryonline.com\/tr\/wp-json\/wp\/v2\/types\/page"}],"author":[{"embeddable":true,"href":"https:\/\/jackpotlotteryonline.com\/tr\/wp-json\/wp\/v2\/users\/7"}],"replies":[{"embeddable":true,"href":"https:\/\/jackpotlotteryonline.com\/tr\/wp-json\/wp\/v2\/comments?post=72981"}],"version-history":[{"count":0,"href":"https:\/\/jackpotlotteryonline.com\/tr\/wp-json\/wp\/v2\/pages\/72981\/revisions"}],"wp:attachment":[{"href":"https:\/\/jackpotlotteryonline.com\/tr\/wp-json\/wp\/v2\/media?parent=72981"}],"curies":[{"name":"wp","href":"https:\/\/api.w.org\/{rel}","templated":true}]}}