{"id":73047,"date":"2025-02-02T18:52:11","date_gmt":"2025-02-02T18:52:11","guid":{"rendered":"https:\/\/jackpotlotteryonline.com\/?page_id=73047"},"modified":"2025-02-02T18:52:11","modified_gmt":"2025-02-02T18:52:11","slug":"sartlar-ve-kosullar","status":"publish","type":"page","link":"https:\/\/jackpotlotteryonline.com\/tr\/sartlar-ve-kosullar\/","title":{"rendered":"\u015eartlar ve ko\u015fullar"},"content":{"rendered":"<p>Jackpot Lottery Online H\u00fck\u00fcm ve Ko\u015fullar\u0131 (bundan b\u00f6yle Kullan\u0131m Ko\u015fullar\u0131 olarak an\u0131lacakt\u0131r), LLL World Marketing Limited, Peiraios 30, 1. kat, ofis 1, 2023 Strovolos, Lefko\u015fa &#8211; K\u0131br\u0131s taraf\u0131ndan i\u015fletilen jackpotlotteryonline.com web sitesi (bundan b\u00f6yle Web Sitesi olarak an\u0131lacakt\u0131r) i\u00e7in ge\u00e7erlidir.<\/p>\n<p>Oyuncu, jackpotlotteryonline.com Web Sitesini g\u00f6r\u00fcnt\u00fcleyerek, g\u00f6z atarak veya herhangi bir \u015fekilde kullanarak, a\u015fa\u011f\u0131daki Kullan\u0131m Ko\u015fullar\u0131na ve Gizlilik Politikam\u0131za tabi olur. Oyuncu&#8217;nun bunlardan herhangi birini kabul etmemesi durumunda, Oyuncu&#8217;dan jackpotlotteryonline.com&#8217;u kullanmay\u0131 b\u0131rakmas\u0131n\u0131 rica ediyoruz.<\/p>\n<p>Kullan\u0131m Ko\u015fullar\u0131m\u0131z veya Gizlilik Politikam\u0131z ile ilgili her t\u00fcrl\u00fc sorunuz i\u00e7in ileti\u015fim formumuz arac\u0131l\u0131\u011f\u0131yla bizimle ileti\u015fime ge\u00e7in.<\/p>\n<p>Bu Kullan\u0131m Ko\u015fullar\u0131 K\u0131br\u0131s yasalar\u0131na tabi olacakt\u0131r.<\/p>\n<p>1. Tan\u0131mlar<br \/>\nPiyango &#8211; \u0130\u00e7inde bir \u00c7ekili\u015fin ger\u00e7ekle\u015fti\u011fi bir say\u0131 oyunu.<br \/>\n\u00c7ekili\u015f &#8211; Belirli bir Piyango dahilinde standart say\u0131lar\u0131n veya standart ve bonus say\u0131lar\u0131n belirli aral\u0131klar\u0131ndan belirli miktarda say\u0131n\u0131n \u00e7ekili\u015fidir. \u00c7ekili\u015fler, belirli bir Piyangonun \u0130\u015fletmecisi taraf\u0131ndan belirlenen g\u00fcn ve saatlerde tekrar tekrar ger\u00e7ekle\u015ftirilir.<br \/>\nOperat\u00f6r &#8211; Belirli bir Piyangoda \u00c7ekili\u015fi d\u00fczenleyen kurulu\u015f.<br \/>\nOyuncu &#8211; jackpotlotteryonline.com adresinde sunulan piyangolardan birine kat\u0131lan ki\u015fi.<br \/>\nBilet &#8211; Oyuncunun belirli bir \u00c7ekili\u015f i\u00e7in se\u00e7ti\u011fi ve bir veya daha fazla Sat\u0131r i\u00e7eren elektronik bilet.<br \/>\nSat\u0131r &#8211; Oyuncunun belirli bir Piyango \u00e7ekili\u015fi i\u00e7in se\u00e7ti\u011fi tek bir say\u0131 k\u00fcmesi. Piyangoya ba\u011fl\u0131 olarak, standart ve bonus say\u0131lar (varsa) i\u00e7in farkl\u0131 bir miktar ve\/veya ba\u015fka bir havuz (farkl\u0131 bir aral\u0131kta) i\u00e7erebilir.<br \/>\nKazan\u00e7lar &#8211; Bir Oyuncu taraf\u0131ndan olu\u015fturulan bir \u00e7izginin, \u00e7izgiyi i\u00e7eren Biletin sat\u0131n al\u0131nd\u0131\u011f\u0131 bir \u00c7ekili\u015fte \u00e7ekilen \u00f6nceden tan\u0131mlanm\u0131\u015f bir say\u0131 k\u00fcmesiyle e\u015fle\u015fmesi durumunda kazan\u0131lan miktar.<br \/>\nDepozito &#8211; Daha sonra Bilet sat\u0131n almak i\u00e7in kullan\u0131lmak \u00fczere bir Oyuncunun hesab\u0131na yat\u0131r\u0131lan fonlar.<br \/>\nHesap &#8211; Oyuncu fonlar\u0131n\u0131n, sat\u0131n al\u0131nan Biletlerin ve kendisine atanm\u0131\u015f Oyuncu verilerinin bulundu\u011fu Oyuncu kullan\u0131c\u0131 hesab\u0131.<br \/>\n2. Genel Bilgiler<br \/>\n2.1 jackpotlotteryonline.com web sitesi \u00e7evrimi\u00e7i bir platform \u00fczerinden piyangolara eri\u015fim sa\u011flar.<br \/>\n2.2 Oyuncular\u0131n Web Sitesini kullanabilmeleri i\u00e7in en az 18 ya\u015f\u0131nda olmalar\u0131 gerekmektedir.<br \/>\n2.3 \u00c7evrimi\u00e7i piyangolara kat\u0131l\u0131m\u0131n kendi yetki alanlar\u0131nda yasal olup olmad\u0131\u011f\u0131n\u0131 kontrol etmek Oyuncunun sorumlulu\u011fundad\u0131r.<br \/>\n2.4 LLL World Marketing Limited \u015eirketi resmi bir piyango operat\u00f6r\u00fc de\u011fildir. Sa\u011flanan hizmetler piyango biletlerine eri\u015fim ile ilgilidir.<\/p>\n<p>3. Kullan\u0131c\u0131 Hesab\u0131<br \/>\n3.1 Oyuncular, Bilet sat\u0131n almak i\u00e7in jackpotlotteryonline.com adresinde bir Hesap a\u00e7mal\u0131d\u0131r.<br \/>\n3.2 Kay\u0131t s\u0131ras\u0131nda verilen ki\u015fisel bilgiler do\u011fru olmal\u0131d\u0131r. Herhangi bir yanl\u0131\u015f veya yan\u0131lt\u0131c\u0131 bilgi, Hesab\u0131n ask\u0131ya al\u0131nmas\u0131na veya feshedilmesine neden olabilir.<br \/>\n3.3 Oyuncular, giri\u015f bilgilerinin gizlili\u011fini korumaktan sorumludur. \u015eirket, ihmal nedeniyle yetkisiz eri\u015fimden sorumlu olmayacakt\u0131r.<\/p>\n<p>4. Para Yat\u0131rma ve \u00d6demeler<br \/>\n4.1 Para yat\u0131rma i\u015flemleri jackpotlotteryonline.com adresinde bulunan \u00f6deme y\u00f6ntemleri arac\u0131l\u0131\u011f\u0131yla yap\u0131labilir.<br \/>\n4.2 Oyuncular, Bilet sat\u0131n almak i\u00e7in Hesaplar\u0131nda yeterli bakiye bulunmas\u0131n\u0131 sa\u011flamaktan sorumludur.<br \/>\n4.3 T\u00fcm \u00f6demeler g\u00fcvenli bir \u015fekilde ger\u00e7ekle\u015ftirilir. \u015eirket, gerekti\u011finde ek do\u011frulama talep etme hakk\u0131n\u0131 sakl\u0131 tutar.<\/p>\n<p>5. Bilet Sat\u0131n Alma<br \/>\n5.1 Oyuncular jackpotlotteryonline.com adresinde sunulan \u00e7e\u015fitli piyangolar i\u00e7in Bilet sat\u0131n alabilirler.<br \/>\n5.2 Biletler yaln\u0131zca ba\u015far\u0131l\u0131 \u00f6deme onay\u0131ndan sonra ge\u00e7erli kabul edilir.<\/p>\n<p>6. Kazan\u00e7lar<br \/>\n6.1 Kazan\u00e7lar, Oyuncu&#8217;nun se\u00e7ti\u011fi say\u0131lar ile resmi Piyango Operat\u00f6r\u00fc taraf\u0131ndan \u00e7ekilen say\u0131lar aras\u0131ndaki e\u015fle\u015fmeye g\u00f6re hesaplan\u0131r.<br \/>\n6.2 \u015eirket, kazan\u00e7lar\u0131 Oyuncuya derhal da\u011f\u0131tmak i\u00e7in her t\u00fcrl\u00fc \u00e7abay\u0131 g\u00f6sterecektir.<br \/>\n6.3 B\u00fcy\u00fck kazan\u00e7lar Oyuncuya verilmeden \u00f6nce ek kimlik do\u011frulamas\u0131 gerektirebilir.<\/p>\n<p>7. Sorumlulu\u011fun S\u0131n\u0131rland\u0131r\u0131lmas\u0131<br \/>\n7.1 \u015eirket, jackpotlotteryonline.com&#8217;u kullan\u0131rken olu\u015fabilecek herhangi bir teknik hata veya aksakl\u0131ktan sorumlu de\u011fildir.<br \/>\n7.2 \u015eirket hi\u00e7bir durumda Web Sitesinin kullan\u0131m\u0131ndan kaynaklanan dolayl\u0131, ar\u0131zi veya sonu\u00e7 olarak ortaya \u00e7\u0131kan zararlardan sorumlu tutulamaz.<\/p>\n<p>8. Fesih<br \/>\n8.1 \u015eirket, Kullan\u0131m Ko\u015fullar\u0131n\u0131n ihlali nedeniyle herhangi bir Oyuncunun Hesab\u0131n\u0131 feshetme veya ask\u0131ya alma hakk\u0131n\u0131 sakl\u0131 tutar.<br \/>\n8.2 Oyuncular, ileti\u015fim formu arac\u0131l\u0131\u011f\u0131yla destek ile ileti\u015fime ge\u00e7erek istedikleri zaman Hesap kapatma talebinde bulunabilirler.<\/p>\n<p>9. Ge\u00e7erli Hukuk<br \/>\n9.1 Bu Kullan\u0131m Ko\u015fullar\u0131 K\u0131br\u0131s yasalar\u0131na g\u00f6re y\u00f6netilecek ve yorumlanacakt\u0131r.<\/p>\n<p>Oyuncu, jackpotlotteryonline.com&#8217;u kullanarak yukar\u0131daki t\u00fcm Kullan\u0131m Ko\u015fullar\u0131na uymay\u0131 kabul eder.<\/p>\n","protected":false},"excerpt":{"rendered":"<p>Jackpot Lottery Online H\u00fck\u00fcm ve Ko\u015fullar\u0131 (bundan b\u00f6yle Kullan\u0131m Ko\u015fullar\u0131 olarak an\u0131lacakt\u0131r), LLL World Marketing Limited, Peiraios 30, 1. kat, ofis 1, 2023 Strovolos, Lefko\u015fa &#8211; K\u0131br\u0131s taraf\u0131ndan i\u015fletilen jackpotlotteryonline.com web sitesi (bundan b\u00f6yle Web Sitesi olarak an\u0131lacakt\u0131r) i\u00e7in ge\u00e7erlidir. Oyuncu, jackpotlotteryonline.com Web Sitesini g\u00f6r\u00fcnt\u00fcleyerek, g\u00f6z atarak veya herhangi bir \u015fekilde kullanarak, a\u015fa\u011f\u0131daki Kullan\u0131m Ko\u015fullar\u0131na [&hellip;]<\/p>\n","protected":false},"author":7,"featured_media":0,"parent":0,"menu_order":0,"comment_status":"closed","ping_status":"closed","template":"","meta":{"_et_pb_use_builder":"","_et_pb_old_content":"","_et_gb_content_width":"","exclude_from_search":false,"footnotes":""},"class_list":["post-73047","page","type-page","status-publish","hentry"],"yoast_head":"<!-- This site is optimized with the Yoast SEO plugin v23.3 - https:\/\/yoast.com\/wordpress\/plugins\/seo\/ -->\n<title>\u015eartlar ve ko\u015fullar - Lotto Online - Crack The International Lottery Jackpots<\/title>\n<meta name=\"robots\" content=\"index, follow, max-snippet:-1, max-image-preview:large, max-video-preview:-1\" \/>\n<link rel=\"canonical\" href=\"https:\/\/jackpotlotteryonline.com\/tr\/sartlar-ve-kosullar\/\" \/>\n<meta property=\"og:locale\" content=\"tr_TR\" \/>\n<meta property=\"og:type\" content=\"article\" \/>\n<meta property=\"og:title\" content=\"\u015eartlar ve ko\u015fullar - Lotto Online - Crack The International Lottery Jackpots\" \/>\n<meta property=\"og:description\" content=\"Jackpot Lottery Online H\u00fck\u00fcm ve Ko\u015fullar\u0131 (bundan b\u00f6yle Kullan\u0131m Ko\u015fullar\u0131 olarak an\u0131lacakt\u0131r), LLL World Marketing Limited, Peiraios 30, 1. kat, ofis 1, 2023 Strovolos, Lefko\u015fa &#8211; K\u0131br\u0131s taraf\u0131ndan i\u015fletilen jackpotlotteryonline.com web sitesi (bundan b\u00f6yle Web Sitesi olarak an\u0131lacakt\u0131r) i\u00e7in ge\u00e7erlidir. Oyuncu, jackpotlotteryonline.com Web Sitesini g\u00f6r\u00fcnt\u00fcleyerek, g\u00f6z atarak veya herhangi bir \u015fekilde kullanarak, a\u015fa\u011f\u0131daki Kullan\u0131m Ko\u015fullar\u0131na [&hellip;]\" \/>\n<meta property=\"og:url\" content=\"https:\/\/jackpotlotteryonline.com\/tr\/sartlar-ve-kosullar\/\" \/>\n<meta property=\"og:site_name\" content=\"Lotto Online - Crack The International Lottery Jackpots\" \/>\n<meta name=\"twitter:card\" content=\"summary_large_image\" \/>\n<meta name=\"twitter:label1\" content=\"Tahmini okuma s\u00fcresi\" \/>\n\t<meta name=\"twitter:data1\" content=\"3 dakika\" \/>\n<!-- \/ Yoast SEO plugin. -->","yoast_head_json":{"title":"\u015eartlar ve ko\u015fullar - Lotto Online - Crack The International Lottery Jackpots","robots":{"index":"index","follow":"follow","max-snippet":"max-snippet:-1","max-image-preview":"max-image-preview:large","max-video-preview":"max-video-preview:-1"},"canonical":"https:\/\/jackpotlotteryonline.com\/tr\/sartlar-ve-kosullar\/","og_locale":"tr_TR","og_type":"article","og_title":"\u015eartlar ve ko\u015fullar - Lotto Online - Crack The International Lottery Jackpots","og_description":"Jackpot Lottery Online H\u00fck\u00fcm ve Ko\u015fullar\u0131 (bundan b\u00f6yle Kullan\u0131m Ko\u015fullar\u0131 olarak an\u0131lacakt\u0131r), LLL World Marketing Limited, Peiraios 30, 1. kat, ofis 1, 2023 Strovolos, Lefko\u015fa &#8211; K\u0131br\u0131s taraf\u0131ndan i\u015fletilen jackpotlotteryonline.com web sitesi (bundan b\u00f6yle Web Sitesi olarak an\u0131lacakt\u0131r) i\u00e7in ge\u00e7erlidir. Oyuncu, jackpotlotteryonline.com Web Sitesini g\u00f6r\u00fcnt\u00fcleyerek, g\u00f6z atarak veya herhangi bir \u015fekilde kullanarak, a\u015fa\u011f\u0131daki Kullan\u0131m Ko\u015fullar\u0131na [&hellip;]","og_url":"https:\/\/jackpotlotteryonline.com\/tr\/sartlar-ve-kosullar\/","og_site_name":"Lotto Online - Crack The International Lottery Jackpots","twitter_card":"summary_large_image","twitter_misc":{"Tahmini okuma s\u00fcresi":"3 dakika"},"schema":{"@context":"https:\/\/schema.org","@graph":[{"@type":"WebPage","@id":"https:\/\/jackpotlotteryonline.com\/tr\/sartlar-ve-kosullar\/","url":"https:\/\/jackpotlotteryonline.com\/tr\/sartlar-ve-kosullar\/","name":"\u015eartlar ve ko\u015fullar - Lotto Online - Crack The International Lottery Jackpots","isPartOf":{"@id":"https:\/\/jackpotlotteryonline.com\/#website"},"datePublished":"2025-02-02T18:52:11+00:00","dateModified":"2025-02-02T18:52:11+00:00","breadcrumb":{"@id":"https:\/\/jackpotlotteryonline.com\/tr\/sartlar-ve-kosullar\/#breadcrumb"},"inLanguage":"tr","potentialAction":[{"@type":"ReadAction","target":["https:\/\/jackpotlotteryonline.com\/tr\/sartlar-ve-kosullar\/"]}]},{"@type":"BreadcrumbList","@id":"https:\/\/jackpotlotteryonline.com\/tr\/sartlar-ve-kosullar\/#breadcrumb","itemListElement":[{"@type":"ListItem","position":1,"name":"Home","item":"https:\/\/jackpotlotteryonline.com\/tr\/"},{"@type":"ListItem","position":2,"name":"\u015eartlar ve ko\u015fullar"}]},{"@type":"WebSite","@id":"https:\/\/jackpotlotteryonline.com\/#website","url":"https:\/\/jackpotlotteryonline.com\/","name":"Lotto Online - Crack The International Lottery Jackpots","description":"","potentialAction":[{"@type":"SearchAction","target":{"@type":"EntryPoint","urlTemplate":"https:\/\/jackpotlotteryonline.com\/?s={search_term_string}"},"query-input":"required name=search_term_string"}],"inLanguage":"tr"}]}},"_links":{"self":[{"href":"https:\/\/jackpotlotteryonline.com\/tr\/wp-json\/wp\/v2\/pages\/73047","targetHints":{"allow":["GET"]}}],"collection":[{"href":"https:\/\/jackpotlotteryonline.com\/tr\/wp-json\/wp\/v2\/pages"}],"about":[{"href":"https:\/\/jackpotlotteryonline.com\/tr\/wp-json\/wp\/v2\/types\/page"}],"author":[{"embeddable":true,"href":"https:\/\/jackpotlotteryonline.com\/tr\/wp-json\/wp\/v2\/users\/7"}],"replies":[{"embeddable":true,"href":"https:\/\/jackpotlotteryonline.com\/tr\/wp-json\/wp\/v2\/comments?post=73047"}],"version-history":[{"count":0,"href":"https:\/\/jackpotlotteryonline.com\/tr\/wp-json\/wp\/v2\/pages\/73047\/revisions"}],"wp:attachment":[{"href":"https:\/\/jackpotlotteryonline.com\/tr\/wp-json\/wp\/v2\/media?parent=73047"}],"curies":[{"name":"wp","href":"https:\/\/api.w.org\/{rel}","templated":true}]}}