{"id":77649,"date":"2025-03-21T17:59:46","date_gmt":"2025-03-21T17:59:46","guid":{"rendered":"https:\/\/jackpotlotteryonline.com\/?page_id=77649"},"modified":"2025-03-21T18:00:37","modified_gmt":"2025-03-21T18:00:37","slug":"var-kan-man-kopa-new-york-lotteribiljetter-utanfor-usa","status":"publish","type":"page","link":"https:\/\/jackpotlotteryonline.com\/tr\/bilet-satin-al\/var-kan-man-kopa-new-york-lotteribiljetter-utanfor-usa\/","title":{"rendered":"New York Piyango Biletlerini ABD D\u0131\u015f\u0131nda Nereden Alabilirsiniz?"},"content":{"rendered":"<p>New York ikramiyeleri kesinlikle \u00e7ok b\u00fcy\u00fck\u2014neredeyse efsane. D\u00fcnyan\u0131n d\u00f6rt bir yan\u0131ndan insanlar onlar\u0131 koval\u0131yor! Peki ya ABD&#8217;de olmayanlar? New York Piyango biletlerini ABD d\u0131\u015f\u0131ndan sat\u0131n alabilir misiniz? Kesinlikle! Tahmin edin ne oldu? JackpotLottery, ger\u00e7ek New York Piyango biletlerini \u00e7evrimi\u00e7i olarak, yani gezegenin herhangi bir yerinden alman\u0131z\u0131 sa\u011flar!<\/p>\n<h2>New York Piyango Biletlerini ABD D\u0131\u015f\u0131ndan Sat\u0131n Alabilir misiniz?<\/h2>\n<p>Kesinlikle! Yani, New York&#8217;ta veya hatta Amerika&#8217;da olmasan\u0131z bile, yine de New York Piyango&#8217;suna kat\u0131labilirsiniz. JackpotLottery ile uluslararas\u0131 oyuncular, g\u00fcvenli bir \u015fekilde herhangi bir yerden piyango bileti sat\u0131n alabilirler. Bu, oyun alan\u0131n\u0131 e\u015fitler ve size \u015fahsen bilet sat\u0131n al\u0131yormu\u015fsunuz gibi kazanma \u015fans\u0131n\u0131z\u0131 e\u015fitler. Temel olarak, JackpotLottery, ki\u015fisel bir piyango al\u0131\u015fveri\u015f\u00e7isi gibi, sizin i\u00e7in biletinizi sat\u0131n alan birini bulur. Resmi biletinizin taranm\u0131\u015f bir kopyas\u0131n\u0131 hesab\u0131n\u0131zda alacaks\u0131n\u0131z, bu da sat\u0131n alma i\u015fleminizin a\u00e7\u0131k bir kan\u0131t\u0131 ve ek g\u00fcvenlik sa\u011flayacakt\u0131r.<\/p>\n<h3>JackpotLottery ile New York Piyango Biletlerini \u00c7evrimi\u00e7i Nas\u0131l Sat\u0131n Alabilirsiniz<img loading=\"lazy\" decoding=\"async\" class=\" wp-image-29318 alignright\" src=\"https:\/\/jackpotlotteryonline.com\/wp-content\/uploads\/2022\/11\/1_play_onlinelottery4-300x200.jpg\" alt=\"ABD D\u0131\u015f\u0131ndan New York Piyango Biletleri Sat\u0131n Alabilir misiniz\" width=\"262\" height=\"174\" srcset=\"https:\/\/jackpotlotteryonline.com\/wp-content\/uploads\/2022\/11\/1_play_onlinelottery4-300x200.jpg 300w, https:\/\/jackpotlotteryonline.com\/wp-content\/uploads\/2022\/11\/1_play_onlinelottery4.jpg 320w\" sizes=\"auto, (max-width: 262px) 100vw, 262px\" \/><\/h3>\n<p>Jackpotlottery&#8217;yi kullan\u0131rken New York piyangosunu uluslararas\u0131 olarak oynamak \u00e7ok kolayd\u0131r. Bu kolay talimatlar size yol g\u00f6sterecektir:<\/p>\n<p>1. Kaydolarak ba\u015flay\u0131n. Ayr\u0131nt\u0131lar\u0131n\u0131z\u0131 girerek ve kimli\u011finizi do\u011frulayarak JackpotLottery&#8217;de ba\u015flay\u0131n. Bu \u015fekilde her \u015fey g\u00fcvenli olur ve kazan\u00e7lar\u0131n\u0131z\u0131 almada hi\u00e7bir sorun ya\u015famazs\u0131n\u0131z. 2. Piyangolar b\u00f6l\u00fcm\u00fcnde New York Piyangosu&#8217;nu se\u00e7in. B\u00fcy\u00fck bir ikramiye pe\u015findeyseniz, New York Piyangosu olduk\u00e7a pop\u00fcler bir se\u00e7enektir.<br \/>\n3. \u015eimdi, numaralar\u0131n\u0131z\u0131 se\u00e7in. 1&#8217;den 59&#8217;a kadar alt\u0131 numaray\u0131 manuel olarak se\u00e7me se\u00e7ene\u011finiz var veya sistemin bunlar\u0131 sizin i\u00e7in rastgele olu\u015fturmas\u0131 i\u00e7in H\u0131zl\u0131 Se\u00e7im i\u015flevini kullanabilirsiniz.<br \/>\n4. Bilet sat\u0131n almaya devam edin. Biletinizi kolayca sat\u0131n almak i\u00e7in mevcut \u00f6deme y\u00f6ntemlerimizden birini se\u00e7in. Ba\u015far\u0131l\u0131 sat\u0131n alma onay\u0131n\u0131n ard\u0131ndan, JackpotLottery ad\u0131n\u0131za resmi bir bilet sat\u0131n alma i\u015flemine devam edecektir.<\/p>\n<p>5. \u00c7ekili\u015fin sonu\u00e7lar\u0131n\u0131 \u00f6\u011frenin.<br \/>\nB\u00fcy\u00fck ikramiyeyi vurup vurmad\u0131\u011f\u0131n\u0131z\u0131 hemen \u00f6\u011frenin.<br \/>\n6. Do\u011frulanm\u0131\u015f \u00d6deme Garantisi<br \/>\nK\u00fc\u00e7\u00fck kazan\u00e7lar do\u011frudan hesab\u0131n\u0131za aktar\u0131l\u0131r ve b\u00fcy\u00fck kazan\u00e7lar i\u00e7in JackpotLottery her \u015feyle ilgilenir.<\/p>\n<p><strong>Bug\u00fcn New York Piyangosu&#8217;nu oynay\u0131n<\/strong><br \/>\nArt\u0131k yurtd\u0131\u015f\u0131ndan nas\u0131l oynanaca\u011f\u0131n\u0131 biliyorsunuz, devam edin ve New York Piyangosu&#8217;nda b\u00fcy\u00fck kazanmay\u0131 deneyin. Aksiyona kat\u0131l\u0131n! JackpotLottery&#8217;ye kaydolun, biletinizi al\u0131n ve Amerika&#8217;n\u0131n heyecan verici piyango \u00e7ekili\u015fine kat\u0131l\u0131n! Jackpot hayallerinizi ger\u00e7ekle\u015ftirmeye sadece bir bilet uzakl\u0131ktas\u0131n\u0131z.<\/p>\n","protected":false},"excerpt":{"rendered":"<p>New York ikramiyeleri kesinlikle \u00e7ok b\u00fcy\u00fck\u2014neredeyse efsane. D\u00fcnyan\u0131n d\u00f6rt bir yan\u0131ndan insanlar onlar\u0131 koval\u0131yor! Peki ya ABD&#8217;de olmayanlar? New York Piyango biletlerini ABD d\u0131\u015f\u0131ndan sat\u0131n alabilir misiniz? Kesinlikle! Tahmin edin ne oldu? JackpotLottery, ger\u00e7ek New York Piyango biletlerini \u00e7evrimi\u00e7i olarak, yani gezegenin herhangi bir yerinden alman\u0131z\u0131 sa\u011flar! New York Piyango Biletlerini ABD D\u0131\u015f\u0131ndan Sat\u0131n Alabilir [&hellip;]<\/p>\n","protected":false},"author":7,"featured_media":0,"parent":35786,"menu_order":0,"comment_status":"closed","ping_status":"closed","template":"","meta":{"_et_pb_use_builder":"","_et_pb_old_content":"","_et_gb_content_width":"","exclude_from_search":false,"footnotes":""},"class_list":["post-77649","page","type-page","status-publish","hentry"],"yoast_head":"<!-- This site is optimized with the Yoast SEO plugin v23.3 - https:\/\/yoast.com\/wordpress\/plugins\/seo\/ -->\n<title>ABD D\u0131\u015f\u0131ndan New York Piyango Biletleri Sat\u0131n Alabilir misiniz?<\/title>\n<meta name=\"description\" content=\"ABD d\u0131\u015f\u0131ndan New York Piyango biletleri sat\u0131n alabilece\u011finizi mi merak ediyorsunuz? \u00c7evrimi\u00e7i oynaman\u0131n ve uluslararas\u0131 \u00f6d\u00fcller talep etmenin en iyi yollar\u0131n\u0131 ke\u015ffedin!\" \/>\n<meta name=\"robots\" content=\"index, follow, max-snippet:-1, max-image-preview:large, max-video-preview:-1\" \/>\n<link rel=\"canonical\" href=\"https:\/\/jackpotlotteryonline.com\/where-can-you-buy-new-york-lottery-tickets-outside-the-usa\/\" \/>\n<meta property=\"og:locale\" content=\"tr_TR\" \/>\n<meta property=\"og:type\" content=\"article\" \/>\n<meta property=\"og:title\" content=\"ABD D\u0131\u015f\u0131ndan New York Piyango Biletleri Sat\u0131n Alabilir misiniz?\" \/>\n<meta property=\"og:description\" content=\"ABD d\u0131\u015f\u0131ndan New York Piyango biletleri sat\u0131n alabilece\u011finizi mi merak ediyorsunuz? \u00c7evrimi\u00e7i oynaman\u0131n ve uluslararas\u0131 \u00f6d\u00fcller talep etmenin en iyi yollar\u0131n\u0131 ke\u015ffedin!\" \/>\n<meta property=\"og:url\" content=\"https:\/\/jackpotlotteryonline.com\/where-can-you-buy-new-york-lottery-tickets-outside-the-usa\/\" \/>\n<meta property=\"og:site_name\" content=\"Lotto Online - Crack The International Lottery Jackpots\" \/>\n<meta property=\"article:modified_time\" content=\"2025-03-21T18:00:37+00:00\" \/>\n<meta property=\"og:image\" content=\"https:\/\/jackpotlotteryonline.com\/wp-content\/uploads\/2022\/11\/1_play_onlinelottery4-300x200.jpg\" \/>\n<meta name=\"twitter:card\" content=\"summary_large_image\" \/>\n<meta name=\"twitter:label1\" content=\"Tahmini okuma s\u00fcresi\" \/>\n\t<meta name=\"twitter:data1\" content=\"2 dakika\" \/>\n<!-- \/ Yoast SEO plugin. -->","yoast_head_json":{"title":"ABD D\u0131\u015f\u0131ndan New York Piyango Biletleri Sat\u0131n Alabilir misiniz?","description":"ABD d\u0131\u015f\u0131ndan New York Piyango biletleri sat\u0131n alabilece\u011finizi mi merak ediyorsunuz? \u00c7evrimi\u00e7i oynaman\u0131n ve uluslararas\u0131 \u00f6d\u00fcller talep etmenin en iyi yollar\u0131n\u0131 ke\u015ffedin!","robots":{"index":"index","follow":"follow","max-snippet":"max-snippet:-1","max-image-preview":"max-image-preview:large","max-video-preview":"max-video-preview:-1"},"canonical":"https:\/\/jackpotlotteryonline.com\/where-can-you-buy-new-york-lottery-tickets-outside-the-usa\/","og_locale":"tr_TR","og_type":"article","og_title":"ABD D\u0131\u015f\u0131ndan New York Piyango Biletleri Sat\u0131n Alabilir misiniz?","og_description":"ABD d\u0131\u015f\u0131ndan New York Piyango biletleri sat\u0131n alabilece\u011finizi mi merak ediyorsunuz? \u00c7evrimi\u00e7i oynaman\u0131n ve uluslararas\u0131 \u00f6d\u00fcller talep etmenin en iyi yollar\u0131n\u0131 ke\u015ffedin!","og_url":"https:\/\/jackpotlotteryonline.com\/where-can-you-buy-new-york-lottery-tickets-outside-the-usa\/","og_site_name":"Lotto Online - Crack The International Lottery Jackpots","article_modified_time":"2025-03-21T18:00:37+00:00","og_image":[{"url":"https:\/\/jackpotlotteryonline.com\/wp-content\/uploads\/2022\/11\/1_play_onlinelottery4-300x200.jpg"}],"twitter_card":"summary_large_image","twitter_misc":{"Tahmini okuma s\u00fcresi":"2 dakika"},"schema":{"@context":"https:\/\/schema.org","@graph":[{"@type":"WebPage","@id":"https:\/\/jackpotlotteryonline.com\/where-can-you-buy-new-york-lottery-tickets-outside-the-usa\/","url":"https:\/\/jackpotlotteryonline.com\/where-can-you-buy-new-york-lottery-tickets-outside-the-usa\/","name":"ABD D\u0131\u015f\u0131ndan New York Piyango Biletleri Sat\u0131n Alabilir misiniz?","isPartOf":{"@id":"https:\/\/jackpotlotteryonline.com\/#website"},"primaryImageOfPage":{"@id":"https:\/\/jackpotlotteryonline.com\/where-can-you-buy-new-york-lottery-tickets-outside-the-usa\/#primaryimage"},"image":{"@id":"https:\/\/jackpotlotteryonline.com\/where-can-you-buy-new-york-lottery-tickets-outside-the-usa\/#primaryimage"},"thumbnailUrl":"https:\/\/jackpotlotteryonline.com\/wp-content\/uploads\/2022\/11\/1_play_onlinelottery4-300x200.jpg","datePublished":"2025-03-21T17:59:46+00:00","dateModified":"2025-03-21T18:00:37+00:00","description":"ABD d\u0131\u015f\u0131ndan New York Piyango biletleri sat\u0131n alabilece\u011finizi mi merak ediyorsunuz? \u00c7evrimi\u00e7i oynaman\u0131n ve uluslararas\u0131 \u00f6d\u00fcller talep etmenin en iyi yollar\u0131n\u0131 ke\u015ffedin!","breadcrumb":{"@id":"https:\/\/jackpotlotteryonline.com\/where-can-you-buy-new-york-lottery-tickets-outside-the-usa\/#breadcrumb"},"inLanguage":"tr","potentialAction":[{"@type":"ReadAction","target":["https:\/\/jackpotlotteryonline.com\/where-can-you-buy-new-york-lottery-tickets-outside-the-usa\/"]}]},{"@type":"ImageObject","inLanguage":"tr","@id":"https:\/\/jackpotlotteryonline.com\/where-can-you-buy-new-york-lottery-tickets-outside-the-usa\/#primaryimage","url":"https:\/\/jackpotlotteryonline.com\/wp-content\/uploads\/2022\/11\/1_play_onlinelottery4-300x200.jpg","contentUrl":"https:\/\/jackpotlotteryonline.com\/wp-content\/uploads\/2022\/11\/1_play_onlinelottery4-300x200.jpg"},{"@type":"BreadcrumbList","@id":"https:\/\/jackpotlotteryonline.com\/where-can-you-buy-new-york-lottery-tickets-outside-the-usa\/#breadcrumb","itemListElement":[{"@type":"ListItem","position":1,"name":"Home","item":"https:\/\/jackpotlotteryonline.com\/tr\/"},{"@type":"ListItem","position":2,"name":"New York Piyango Biletlerini ABD D\u0131\u015f\u0131nda Nereden Alabilirsiniz?"}]},{"@type":"WebSite","@id":"https:\/\/jackpotlotteryonline.com\/#website","url":"https:\/\/jackpotlotteryonline.com\/","name":"Lotto Online - Crack The International Lottery Jackpots","description":"","potentialAction":[{"@type":"SearchAction","target":{"@type":"EntryPoint","urlTemplate":"https:\/\/jackpotlotteryonline.com\/?s={search_term_string}"},"query-input":"required name=search_term_string"}],"inLanguage":"tr"}]}},"_links":{"self":[{"href":"https:\/\/jackpotlotteryonline.com\/tr\/wp-json\/wp\/v2\/pages\/77649","targetHints":{"allow":["GET"]}}],"collection":[{"href":"https:\/\/jackpotlotteryonline.com\/tr\/wp-json\/wp\/v2\/pages"}],"about":[{"href":"https:\/\/jackpotlotteryonline.com\/tr\/wp-json\/wp\/v2\/types\/page"}],"author":[{"embeddable":true,"href":"https:\/\/jackpotlotteryonline.com\/tr\/wp-json\/wp\/v2\/users\/7"}],"replies":[{"embeddable":true,"href":"https:\/\/jackpotlotteryonline.com\/tr\/wp-json\/wp\/v2\/comments?post=77649"}],"version-history":[{"count":2,"href":"https:\/\/jackpotlotteryonline.com\/tr\/wp-json\/wp\/v2\/pages\/77649\/revisions"}],"predecessor-version":[{"id":77651,"href":"https:\/\/jackpotlotteryonline.com\/tr\/wp-json\/wp\/v2\/pages\/77649\/revisions\/77651"}],"up":[{"embeddable":true,"href":"https:\/\/jackpotlotteryonline.com\/tr\/wp-json\/wp\/v2\/pages\/35786"}],"wp:attachment":[{"href":"https:\/\/jackpotlotteryonline.com\/tr\/wp-json\/wp\/v2\/media?parent=77649"}],"curies":[{"name":"wp","href":"https:\/\/api.w.org\/{rel}","templated":true}]}}