{"id":77717,"date":"2025-03-22T08:11:57","date_gmt":"2025-03-22T08:11:57","guid":{"rendered":"https:\/\/jackpotlotteryonline.com\/?page_id=77717"},"modified":"2025-03-22T08:11:57","modified_gmt":"2025-03-22T08:11:57","slug":"new-york-piyangosu-icin-bugunun-sonuclarini-ogrenin","status":"publish","type":"page","link":"https:\/\/jackpotlotteryonline.com\/tr\/kazanan-sayilar\/new-york-piyangosu-icin-bugunun-sonuclarini-ogrenin\/","title":{"rendered":"New York Piyangosu i\u00e7in Bug\u00fcn\u00fcn Sonu\u00e7lar\u0131n\u0131 \u00d6\u011frenin"},"content":{"rendered":"<p>\u0130nsanlar New York Piyangosu i\u00e7in her zaman heyecanlan\u0131r, son \u00e7ekili\u015fi g\u00f6rmeyi beklerler. Bug\u00fcn\u00fcn New York Piyangosu numaralar\u0131na ihtiyac\u0131n\u0131z varsa, tam da olman\u0131z gereken yerdesiniz. New York Piyangosu numaralar\u0131n\u0131z\u0131 kontrol etmek h\u0131zl\u0131 ve kolayd\u0131r, sadece birka\u00e7 t\u0131klama.<\/p>\n<h2>Bug\u00fcn\u00fcn New York Piyangosu Sonu\u00e7lar\u0131n\u0131 Nerede G\u00f6rebilirim?<\/h2>\n<p>Bug\u00fcn\u00fcn New York Piyangosu sonu\u00e7lar\u0131n\u0131 kontrol etmek hem kolay hem de rahatt\u0131r. Kazanan numaralar\u0131 burada arayabilirsiniz;<br \/>\nEn son piyango sonu\u00e7lar\u0131 ve biletleri do\u011frudan \u00e7evrimi\u00e7i sat\u0131n alma se\u00e7ene\u011fi i\u00e7in JackpotLottery&#8217;ye g\u00fcvenin. Sonu\u00e7lar a\u00e7\u0131kland\u0131ktan hemen sonra, genellikle bu platformda mevcuttur. Ayr\u0131ca, bir kazan\u00e7 olmas\u0131 durumunda hemen bilgilendirileceksiniz, b\u00f6ylece kazan\u00e7lar\u0131n\u0131z\u0131 ka\u00e7\u0131rmazs\u0131n\u0131z.<\/p>\n<p><strong>New York Piyango \u00c7ekili\u015fleri Ne Zaman?<img loading=\"lazy\" decoding=\"async\" class=\" wp-image-51568 alignright\" src=\"https:\/\/jackpotlotteryonline.com\/wp-content\/uploads\/2023\/09\/8.png\" alt=\"Bug\u00fcn\u00fcn New York Piyango Sonu\u00e7lar\u0131n\u0131 Nerede G\u00f6rebilirim?\" width=\"233\" height=\"233\" srcset=\"https:\/\/jackpotlotteryonline.com\/wp-content\/uploads\/2023\/09\/8.png 300w, https:\/\/jackpotlotteryonline.com\/wp-content\/uploads\/2023\/09\/8-100x100.png 100w, https:\/\/jackpotlotteryonline.com\/wp-content\/uploads\/2023\/09\/8-150x150.png 150w\" sizes=\"auto, (max-width: 233px) 100vw, 233px\" \/><\/strong><\/p>\n<p>New York Lotto \u00e7ekili\u015fini her \u00c7ar\u015famba ve Cumartesi g\u00fcn\u00fc Do\u011fu Saati ile 23:21&#8217;de izleyebilirsiniz. Bu platformu kulland\u0131\u011f\u0131n\u0131zda her zaman g\u00fcncel kalacaks\u0131n\u0131z. \u00c7ekili\u015fe kadar olan geri say\u0131m her zaman piyangonun yan\u0131nda g\u00f6r\u00fcnt\u00fclenir.<\/p>\n<h3>New York Piyangosunu Kazan\u0131p Kazanmad\u0131\u011f\u0131n\u0131z\u0131 Nas\u0131l Kontrol Edebilirsiniz<\/h3>\n<ul>\n<li>New York piyangosu i\u00e7in bug\u00fcn\u00fcn sonu\u00e7lar\u0131n\u0131 ald\u0131ktan sonra, bu ad\u0131mlar biletinizi do\u011frulaman\u0131zda size rehberlik edecektir.<\/li>\n<li>Say\u0131lar\u0131n\u0131z\u0131 Kar\u015f\u0131la\u015ft\u0131r\u0131n: Se\u00e7ti\u011finiz say\u0131lar\u0131n \u00e7ekilen say\u0131larla ayn\u0131 olup olmad\u0131\u011f\u0131n\u0131 do\u011frulay\u0131n.<\/li>\n<li>Ekstralar\u0131n\u0131z Olup Olmad\u0131\u011f\u0131na Bak\u0131n: Baz\u0131 oyunlarda bonus say\u0131lar\u0131 ve \u00e7arpanlar\u0131 vard\u0131r.<\/li>\n<li>Kazan\u00e7lar\u0131n\u0131z\u0131 talep etmek i\u00e7in, \u00f6d\u00fcl miktar\u0131na g\u00f6re de\u011fi\u015fen, daha k\u00fc\u00e7\u00fck mebla\u011flar i\u00e7in \u00e7evrimi\u00e7i talepleri veya b\u00fcy\u00fck ikramiyeler i\u00e7in \u015fahsen do\u011frulamay\u0131 i\u00e7eren talep prosed\u00fcr\u00fcm\u00fcze uyun.<\/li>\n<\/ul>\n<h2>New York Piyangosu Kazananlar\u0131 \u0130\u00e7in K\u0131lavuzlar<\/h2>\n<p>Piyangoyu kazan\u0131rsan\u0131z, hayat\u0131n\u0131z de\u011fi\u015fmek \u00fczeredir, bu nedenle i\u015fleri do\u011fru \u015fekilde yapman\u0131z gerekir. <\/p>\n<ul>\n<li>Sakin Olun ve Do\u011frulay\u0131n: Kutlamadan \u00f6nce biletinizin resmi numaralarla e\u015fle\u015fti\u011finden emin olun.<\/li>\n<li>Kazan\u00e7lar\u0131n\u0131z\u0131 Nas\u0131l \u0130stedi\u011finize Karar Verin: B\u00fcy\u00fck ikramiyeler genellikle tek bir \u00f6deme veya bir dizi y\u0131ll\u0131k \u00f6demeyle \u00f6denir.<\/li>\n<li>Uzun Vadeli G\u00fcvenli\u011fi Sa\u011flay\u0131n: Piyango kazan\u00e7lar\u0131n\u0131z\u0131 ak\u0131ll\u0131ca y\u00f6netmek i\u00e7in bir mali dan\u0131\u015fmandan tavsiye al\u0131n.<\/li>\n<li>Talep Son Tarihlerinin Fark\u0131nda Olun: Her oyunun bir son tarihi oldu\u011fundan, \u00f6d\u00fcl\u00fcn\u00fcz\u00fc belirtilen s\u00fcre i\u00e7inde talep etti\u011finizden emin olun.<\/li>\n<\/ul>\n<p><strong>En Son New York Piyango Sonu\u00e7lar\u0131n\u0131 An\u0131nda Al\u0131n!<\/strong><\/p>\n<p>Art\u0131k; Bug\u00fcn\u00fcn New York Piyango sonu\u00e7lar\u0131n\u0131 nerede g\u00f6rebilirim sorusunun cevab\u0131n\u0131 bildi\u011finize g\u00f6re, biletlerinizi s\u0131k s\u0131k kontrol etti\u011finizden emin olun. \u0130ster s\u0131radan bir \u015fekilde oynay\u0131n, ister b\u00fcy\u00fck ikramiye i\u00e7in oynay\u0131n, en son \u00e7ekili\u015fler hakk\u0131nda bilgi sahibi olmak ba\u015far\u0131 \u015fans\u0131n\u0131z\u0131 art\u0131r\u0131r. JackpotLottery&#8217;den en son g\u00fcncellemeleri al\u0131n ve kazanma \u015fans\u0131n\u0131z\u0131 art\u0131r\u0131n! Hepinize en iyisini dileriz.<\/p>\n","protected":false},"excerpt":{"rendered":"<p>\u0130nsanlar New York Piyangosu i\u00e7in her zaman heyecanlan\u0131r, son \u00e7ekili\u015fi g\u00f6rmeyi beklerler. Bug\u00fcn\u00fcn New York Piyangosu numaralar\u0131na ihtiyac\u0131n\u0131z varsa, tam da olman\u0131z gereken yerdesiniz. New York Piyangosu numaralar\u0131n\u0131z\u0131 kontrol etmek h\u0131zl\u0131 ve kolayd\u0131r, sadece birka\u00e7 t\u0131klama. Bug\u00fcn\u00fcn New York Piyangosu Sonu\u00e7lar\u0131n\u0131 Nerede G\u00f6rebilirim? Bug\u00fcn\u00fcn New York Piyangosu sonu\u00e7lar\u0131n\u0131 kontrol etmek hem kolay hem de rahatt\u0131r. [&hellip;]<\/p>\n","protected":false},"author":7,"featured_media":0,"parent":35860,"menu_order":0,"comment_status":"closed","ping_status":"closed","template":"","meta":{"_et_pb_use_builder":"","_et_pb_old_content":"","_et_gb_content_width":"","exclude_from_search":false,"footnotes":""},"class_list":["post-77717","page","type-page","status-publish","hentry"],"yoast_head":"<!-- This site is optimized with the Yoast SEO plugin v23.3 - https:\/\/yoast.com\/wordpress\/plugins\/seo\/ -->\n<title>Bug\u00fcnk\u00fc New York Piyango Sonu\u00e7lar\u0131n\u0131 Nerede G\u00f6rebilirim<\/title>\n<meta name=\"description\" content=\"Bug\u00fcnk\u00fc New York Piyango sonu\u00e7lar\u0131n\u0131 nerede g\u00f6rebilirim? En son kazanan numaralar\u0131 an\u0131nda nerede kontrol edebilece\u011finizi ve g\u00fcncel kalabilece\u011finizi \u00f6\u011frenin\" \/>\n<meta name=\"robots\" content=\"index, follow, max-snippet:-1, max-image-preview:large, max-video-preview:-1\" \/>\n<link rel=\"canonical\" href=\"https:\/\/jackpotlotteryonline.com\/find-out-todays-results-for-new-york-lottery-2\/\" \/>\n<meta property=\"og:locale\" content=\"tr_TR\" \/>\n<meta property=\"og:type\" content=\"article\" \/>\n<meta property=\"og:title\" content=\"Bug\u00fcnk\u00fc New York Piyango Sonu\u00e7lar\u0131n\u0131 Nerede G\u00f6rebilirim\" \/>\n<meta property=\"og:description\" content=\"Bug\u00fcnk\u00fc New York Piyango sonu\u00e7lar\u0131n\u0131 nerede g\u00f6rebilirim? En son kazanan numaralar\u0131 an\u0131nda nerede kontrol edebilece\u011finizi ve g\u00fcncel kalabilece\u011finizi \u00f6\u011frenin\" \/>\n<meta property=\"og:url\" content=\"https:\/\/jackpotlotteryonline.com\/find-out-todays-results-for-new-york-lottery-2\/\" \/>\n<meta property=\"og:site_name\" content=\"Lotto Online - Crack The International Lottery Jackpots\" \/>\n<meta property=\"og:image\" content=\"https:\/\/jackpotlotteryonline.com\/wp-content\/uploads\/2023\/09\/8.png\" \/>\n<meta name=\"twitter:card\" content=\"summary_large_image\" \/>\n<!-- \/ Yoast SEO plugin. -->","yoast_head_json":{"title":"Bug\u00fcnk\u00fc New York Piyango Sonu\u00e7lar\u0131n\u0131 Nerede G\u00f6rebilirim","description":"Bug\u00fcnk\u00fc New York Piyango sonu\u00e7lar\u0131n\u0131 nerede g\u00f6rebilirim? En son kazanan numaralar\u0131 an\u0131nda nerede kontrol edebilece\u011finizi ve g\u00fcncel kalabilece\u011finizi \u00f6\u011frenin","robots":{"index":"index","follow":"follow","max-snippet":"max-snippet:-1","max-image-preview":"max-image-preview:large","max-video-preview":"max-video-preview:-1"},"canonical":"https:\/\/jackpotlotteryonline.com\/find-out-todays-results-for-new-york-lottery-2\/","og_locale":"tr_TR","og_type":"article","og_title":"Bug\u00fcnk\u00fc New York Piyango Sonu\u00e7lar\u0131n\u0131 Nerede G\u00f6rebilirim","og_description":"Bug\u00fcnk\u00fc New York Piyango sonu\u00e7lar\u0131n\u0131 nerede g\u00f6rebilirim? En son kazanan numaralar\u0131 an\u0131nda nerede kontrol edebilece\u011finizi ve g\u00fcncel kalabilece\u011finizi \u00f6\u011frenin","og_url":"https:\/\/jackpotlotteryonline.com\/find-out-todays-results-for-new-york-lottery-2\/","og_site_name":"Lotto Online - Crack The International Lottery Jackpots","og_image":[{"url":"https:\/\/jackpotlotteryonline.com\/wp-content\/uploads\/2023\/09\/8.png"}],"twitter_card":"summary_large_image","schema":{"@context":"https:\/\/schema.org","@graph":[{"@type":"WebPage","@id":"https:\/\/jackpotlotteryonline.com\/find-out-todays-results-for-new-york-lottery-2\/","url":"https:\/\/jackpotlotteryonline.com\/find-out-todays-results-for-new-york-lottery-2\/","name":"Bug\u00fcnk\u00fc New York Piyango Sonu\u00e7lar\u0131n\u0131 Nerede G\u00f6rebilirim","isPartOf":{"@id":"https:\/\/jackpotlotteryonline.com\/#website"},"primaryImageOfPage":{"@id":"https:\/\/jackpotlotteryonline.com\/find-out-todays-results-for-new-york-lottery-2\/#primaryimage"},"image":{"@id":"https:\/\/jackpotlotteryonline.com\/find-out-todays-results-for-new-york-lottery-2\/#primaryimage"},"thumbnailUrl":"https:\/\/jackpotlotteryonline.com\/wp-content\/uploads\/2023\/09\/8.png","datePublished":"2025-03-22T08:11:57+00:00","dateModified":"2025-03-22T08:11:57+00:00","description":"Bug\u00fcnk\u00fc New York Piyango sonu\u00e7lar\u0131n\u0131 nerede g\u00f6rebilirim? En son kazanan numaralar\u0131 an\u0131nda nerede kontrol edebilece\u011finizi ve g\u00fcncel kalabilece\u011finizi \u00f6\u011frenin","breadcrumb":{"@id":"https:\/\/jackpotlotteryonline.com\/find-out-todays-results-for-new-york-lottery-2\/#breadcrumb"},"inLanguage":"tr","potentialAction":[{"@type":"ReadAction","target":["https:\/\/jackpotlotteryonline.com\/find-out-todays-results-for-new-york-lottery-2\/"]}]},{"@type":"ImageObject","inLanguage":"tr","@id":"https:\/\/jackpotlotteryonline.com\/find-out-todays-results-for-new-york-lottery-2\/#primaryimage","url":"https:\/\/jackpotlotteryonline.com\/wp-content\/uploads\/2023\/09\/8.png","contentUrl":"https:\/\/jackpotlotteryonline.com\/wp-content\/uploads\/2023\/09\/8.png"},{"@type":"BreadcrumbList","@id":"https:\/\/jackpotlotteryonline.com\/find-out-todays-results-for-new-york-lottery-2\/#breadcrumb","itemListElement":[{"@type":"ListItem","position":1,"name":"Home","item":"https:\/\/jackpotlotteryonline.com\/tr\/"},{"@type":"ListItem","position":2,"name":"New York Piyangosu i\u00e7in Bug\u00fcn\u00fcn Sonu\u00e7lar\u0131n\u0131 \u00d6\u011frenin"}]},{"@type":"WebSite","@id":"https:\/\/jackpotlotteryonline.com\/#website","url":"https:\/\/jackpotlotteryonline.com\/","name":"Lotto Online - Crack The International Lottery Jackpots","description":"","potentialAction":[{"@type":"SearchAction","target":{"@type":"EntryPoint","urlTemplate":"https:\/\/jackpotlotteryonline.com\/?s={search_term_string}"},"query-input":"required name=search_term_string"}],"inLanguage":"tr"}]}},"_links":{"self":[{"href":"https:\/\/jackpotlotteryonline.com\/tr\/wp-json\/wp\/v2\/pages\/77717","targetHints":{"allow":["GET"]}}],"collection":[{"href":"https:\/\/jackpotlotteryonline.com\/tr\/wp-json\/wp\/v2\/pages"}],"about":[{"href":"https:\/\/jackpotlotteryonline.com\/tr\/wp-json\/wp\/v2\/types\/page"}],"author":[{"embeddable":true,"href":"https:\/\/jackpotlotteryonline.com\/tr\/wp-json\/wp\/v2\/users\/7"}],"replies":[{"embeddable":true,"href":"https:\/\/jackpotlotteryonline.com\/tr\/wp-json\/wp\/v2\/comments?post=77717"}],"version-history":[{"count":2,"href":"https:\/\/jackpotlotteryonline.com\/tr\/wp-json\/wp\/v2\/pages\/77717\/revisions"}],"predecessor-version":[{"id":77719,"href":"https:\/\/jackpotlotteryonline.com\/tr\/wp-json\/wp\/v2\/pages\/77717\/revisions\/77719"}],"up":[{"embeddable":true,"href":"https:\/\/jackpotlotteryonline.com\/tr\/wp-json\/wp\/v2\/pages\/35860"}],"wp:attachment":[{"href":"https:\/\/jackpotlotteryonline.com\/tr\/wp-json\/wp\/v2\/media?parent=77717"}],"curies":[{"name":"wp","href":"https:\/\/api.w.org\/{rel}","templated":true}]}}