{"id":77790,"date":"2025-03-22T09:37:51","date_gmt":"2025-03-22T09:37:51","guid":{"rendered":"https:\/\/jackpotlotteryonline.com\/?page_id=77790"},"modified":"2025-03-22T09:38:39","modified_gmt":"2025-03-22T09:38:39","slug":"vaqara-na-sala-mo-qitotaka-kina-na-lottery-ni-niu-ioka-mai-na-taudaku-ni-us","status":"publish","type":"page","link":"https:\/\/jackpotlotteryonline.com\/tr\/vaqara-na-sala-mo-qitotaka-kina-na-lottery-ni-niu-ioka-mai-na-taudaku-ni-us\/","title":{"rendered":"ABD D\u0131\u015f\u0131ndan New York Piyangosu&#8217;nu Nas\u0131l Oynayaca\u011f\u0131n\u0131z\u0131 \u00d6\u011frenin"},"content":{"rendered":"<p>Yani, d\u00fcnyan\u0131n \u00f6b\u00fcr ucunda olsan\u0131z bile New York Piyangosu&#8217;nu oynamak istiyorsunuz? New York ikramiyeleri \u00e7ok b\u00fcy\u00fck. \u015eaka de\u011fil. Her yerden insanlar kazanmay\u0131 hayal ediyor. Tamam, bunu hayal edin: New York Piyangosu, de\u011fil mi? B\u00fcy\u00fck \u00f6d\u00fcller, hayat de\u011fi\u015ftiren t\u00fcrden kazan\u00e7lar. Ama tam olarak Times Meydan\u0131&#8217;nda tak\u0131lm\u0131yorsunuz. Hi\u00e7 sorun de\u011fil! ABD d\u0131\u015f\u0131nda New York Piyangosu biletleri sat\u0131n alabilece\u011finiz Jackpotlotteryonline sayesinde, bulundu\u011funuz her yerden oyuna kat\u0131labilirsiniz. <\/p>\n<h2>New York Piyangosu&#8217;nu ABD d\u0131\u015f\u0131ndan oynayabilir misiniz<img loading=\"lazy\" decoding=\"async\" class=\" wp-image-28535 alignright\" src=\"http:\/\/jackpotlotteryonline.com\/wp-content\/uploads\/2022\/11\/1_online_lottery_success-300x213.jpg\" alt=\"New York Piyangosu'nu ABD d\u0131\u015f\u0131ndan nas\u0131l oynars\u0131n\u0131z\" width=\"220\" height=\"156\" srcset=\"https:\/\/jackpotlotteryonline.com\/wp-content\/uploads\/2022\/11\/1_online_lottery_success-300x213.jpg 300w, https:\/\/jackpotlotteryonline.com\/wp-content\/uploads\/2022\/11\/1_online_lottery_success.jpg 320w\" sizes=\"auto, (max-width: 220px) 100vw, 220px\" \/><\/h2>\n<p>Evet, New York&#8217;ta veya ABD&#8217;de olman\u0131za gerek yok. Platformumuz, t\u0131pk\u0131 birinin k\u00f6\u015fe ba\u015f\u0131ndaki marketten bilet almas\u0131 gibi, bilet alman\u0131za ve e\u011flenceye kat\u0131lman\u0131za olanak tan\u0131r. O b\u00fcy\u00fck ikramiyeyi kazanma \u015fans\u0131n\u0131z ayn\u0131d\u0131r.<\/p>\n<h3>Amerika Birle\u015fik Devletleri D\u0131\u015f\u0131ndan New York Piyangosu Nas\u0131l Oynan\u0131r<\/h3>\n<p>Jackpotlotteryonline ile \u00e7ok kolay:<\/p>\n<ul>\n<li>Hesap olu\u015fturun: Kaydolun, bilgilerinizi girin ve siz oldu\u011funuzu kan\u0131tlay\u0131n. Biletlerinizi ve paran\u0131z\u0131 g\u00fcvende tutun.<\/li>\n<li>\u00d6nce Piyango b\u00f6l\u00fcm\u00fcn\u00fc bularak ba\u015flay\u0131n ve ard\u0131ndan New York Lotto oyununu se\u00e7in.<\/li>\n<li>\u015eansl\u0131 numaralar\u0131n\u0131z\u0131 se\u00e7in: Alt\u0131 numara se\u00e7in (1-59) veya &#8220;h\u0131zl\u0131 se\u00e7im i\u015flevi&#8221; d\u00fc\u011fmesine bas\u0131n.<\/li>\n<li>Biletinizi sat\u0131n al\u0131n: Ne i\u015fe yararsa onunla \u00f6deme yap\u0131n, size resmi biletinizin taramas\u0131n\u0131 g\u00f6nderelim.<\/li>\n<li>\u00c7ekili\u015fi bekleyin: \u00c7ekili\u015fler \u00c7ar\u015famba ve Cumartesi geceleri yap\u0131l\u0131r. Sonu\u00e7lar\u0131 bu platformda kontrol edin.<\/li>\n<\/ul>\n<h3>Neden \u00c7evrimi\u00e7i Oynamal\u0131s\u0131n\u0131z?<\/h3>\n<ul>\n<li>Kolay: Koltu\u011funuzdan oynay\u0131n, seyahat etmenize gerek yok.<\/li>\n<li>H\u0131zl\u0131 biletler: H\u0131zl\u0131 sat\u0131n al\u0131n, s\u0131ra beklemeyin.<\/li>\n<li>Kay\u0131p bilet yok: Biletleriniz \u00e7evrimi\u00e7i, g\u00fcvenli ve sa\u011flam bir \u015fekilde yay\u0131nda.<\/li>\n<li>Kazand\u0131n\u0131z!: Hemen size s\u00f6yleyece\u011fiz ve k\u00fc\u00e7\u00fck kazan\u00e7lar do\u011frudan hesab\u0131n\u0131za aktar\u0131lacak. G\u00fcvenli nakit: Kazanc\u0131n\u0131z\u0131 ald\u0131\u011f\u0131n\u0131zdan emin oluruz, hi\u00e7bir hileye ba\u015fvurmay\u0131z.<\/li>\n<\/ul>\n<p><strong>Kazand\u0131\u011f\u0131n\u0131zda nakitinizi almak:<\/strong><\/p>\n<ul>\n<li>K\u00fc\u00e7\u00fck kazan\u00e7lar: Do\u011frudan hesab\u0131n\u0131za yat\u0131r\u0131r\u0131z.<\/li>\n<li>B\u00fcy\u00fck kazan\u00e7lar: Kazanc\u0131n\u0131z\u0131 alman\u0131za yard\u0131mc\u0131 oluruz, hatta belki \u015fahsen bile.<\/li>\n<li>Tamamen g\u00fcvenli: Kazanc\u0131n\u0131z\u0131 kilitli tutar\u0131z.<\/li>\n<\/ul>\n<p><strong>\u015eans\u0131n\u0131z\u0131 Denemeye Haz\u0131r m\u0131s\u0131n\u0131z?<\/strong><br \/>\nNew York Piyangosu&#8217;nu k\u00fcresel olarak oynamak art\u0131k inan\u0131lmaz derecede kolay. Jackpotlotteryonline, nerede olursan\u0131z olun New York Piyangosu&#8217;nun heyecan\u0131n\u0131 size getiriyor. Numaralar\u0131n\u0131z\u0131 se\u00e7mek, ister kendiniz se\u00e7in ister H\u0131zl\u0131 Se\u00e7im&#8217;i kullan\u0131n, \u00e7ok kolayd\u0131r ve her zaman g\u00fcvenli ve kolayd\u0131r. Art\u0131k ABD d\u0131\u015f\u0131nda New York Piyangosu biletlerini oynayabilece\u011finize g\u00f6re, halihaz\u0131rda bir hesab\u0131n\u0131z varsa platformumuza kaydolun veya giri\u015f yap\u0131n ve e\u011flenceye kat\u0131l\u0131n. Kim bilir, belki de b\u00fcy\u00fck kazanabilirsiniz! Jackpot hayaliniz sadece birka\u00e7 t\u0131k uza\u011f\u0131n\u0131zda olabilir.<\/p>\n","protected":false},"excerpt":{"rendered":"<p>Yani, d\u00fcnyan\u0131n \u00f6b\u00fcr ucunda olsan\u0131z bile New York Piyangosu&#8217;nu oynamak istiyorsunuz? New York ikramiyeleri \u00e7ok b\u00fcy\u00fck. \u015eaka de\u011fil. Her yerden insanlar kazanmay\u0131 hayal ediyor. Tamam, bunu hayal edin: New York Piyangosu, de\u011fil mi? B\u00fcy\u00fck \u00f6d\u00fcller, hayat de\u011fi\u015ftiren t\u00fcrden kazan\u00e7lar. Ama tam olarak Times Meydan\u0131&#8217;nda tak\u0131lm\u0131yorsunuz. Hi\u00e7 sorun de\u011fil! ABD d\u0131\u015f\u0131nda New York Piyangosu biletleri sat\u0131n [&hellip;]<\/p>\n","protected":false},"author":7,"featured_media":0,"parent":0,"menu_order":0,"comment_status":"closed","ping_status":"closed","template":"","meta":{"_et_pb_use_builder":"","_et_pb_old_content":"","_et_gb_content_width":"","exclude_from_search":false,"footnotes":""},"class_list":["post-77790","page","type-page","status-publish","hentry"],"yoast_head":"<!-- This site is optimized with the Yoast SEO plugin v23.3 - https:\/\/yoast.com\/wordpress\/plugins\/seo\/ -->\n<title>ABD D\u0131\u015f\u0131ndan New York Piyangosu Nas\u0131l Oynan\u0131r<\/title>\n<meta name=\"description\" content=\"ABD d\u0131\u015f\u0131ndan New York Piyangosu nas\u0131l oynanaca\u011f\u0131n\u0131 \u00f6\u011frenin. \u00c7evrimi\u00e7i se\u00e7enekleri ve her yerden \u00f6d\u00fclleri nas\u0131l talep edece\u011finizi ke\u015ffedin\" \/>\n<meta name=\"robots\" content=\"index, follow, max-snippet:-1, max-image-preview:large, max-video-preview:-1\" \/>\n<link rel=\"canonical\" href=\"https:\/\/jackpotlotteryonline.com\/find-out-how-to-play-the-new-york-lottery-from-outside-the-us\/\" \/>\n<meta property=\"og:locale\" content=\"tr_TR\" \/>\n<meta property=\"og:type\" content=\"article\" \/>\n<meta property=\"og:title\" content=\"ABD D\u0131\u015f\u0131ndan New York Piyangosu Nas\u0131l Oynan\u0131r\" \/>\n<meta property=\"og:description\" content=\"ABD d\u0131\u015f\u0131ndan New York Piyangosu nas\u0131l oynanaca\u011f\u0131n\u0131 \u00f6\u011frenin. \u00c7evrimi\u00e7i se\u00e7enekleri ve her yerden \u00f6d\u00fclleri nas\u0131l talep edece\u011finizi ke\u015ffedin\" \/>\n<meta property=\"og:url\" content=\"https:\/\/jackpotlotteryonline.com\/find-out-how-to-play-the-new-york-lottery-from-outside-the-us\/\" \/>\n<meta property=\"og:site_name\" content=\"Lotto Online - Crack The International Lottery Jackpots\" \/>\n<meta property=\"article:modified_time\" content=\"2025-03-22T09:38:39+00:00\" \/>\n<meta property=\"og:image\" content=\"http:\/\/jackpotlotteryonline.com\/wp-content\/uploads\/2022\/11\/1_online_lottery_success-300x213.jpg\" \/>\n<meta name=\"twitter:card\" content=\"summary_large_image\" \/>\n<meta name=\"twitter:label1\" content=\"Tahmini okuma s\u00fcresi\" \/>\n\t<meta name=\"twitter:data1\" content=\"3 dakika\" \/>\n<!-- \/ Yoast SEO plugin. -->","yoast_head_json":{"title":"ABD D\u0131\u015f\u0131ndan New York Piyangosu Nas\u0131l Oynan\u0131r","description":"ABD d\u0131\u015f\u0131ndan New York Piyangosu nas\u0131l oynanaca\u011f\u0131n\u0131 \u00f6\u011frenin. \u00c7evrimi\u00e7i se\u00e7enekleri ve her yerden \u00f6d\u00fclleri nas\u0131l talep edece\u011finizi ke\u015ffedin","robots":{"index":"index","follow":"follow","max-snippet":"max-snippet:-1","max-image-preview":"max-image-preview:large","max-video-preview":"max-video-preview:-1"},"canonical":"https:\/\/jackpotlotteryonline.com\/find-out-how-to-play-the-new-york-lottery-from-outside-the-us\/","og_locale":"tr_TR","og_type":"article","og_title":"ABD D\u0131\u015f\u0131ndan New York Piyangosu Nas\u0131l Oynan\u0131r","og_description":"ABD d\u0131\u015f\u0131ndan New York Piyangosu nas\u0131l oynanaca\u011f\u0131n\u0131 \u00f6\u011frenin. \u00c7evrimi\u00e7i se\u00e7enekleri ve her yerden \u00f6d\u00fclleri nas\u0131l talep edece\u011finizi ke\u015ffedin","og_url":"https:\/\/jackpotlotteryonline.com\/find-out-how-to-play-the-new-york-lottery-from-outside-the-us\/","og_site_name":"Lotto Online - Crack The International Lottery Jackpots","article_modified_time":"2025-03-22T09:38:39+00:00","og_image":[{"url":"http:\/\/jackpotlotteryonline.com\/wp-content\/uploads\/2022\/11\/1_online_lottery_success-300x213.jpg"}],"twitter_card":"summary_large_image","twitter_misc":{"Tahmini okuma s\u00fcresi":"3 dakika"},"schema":{"@context":"https:\/\/schema.org","@graph":[{"@type":"WebPage","@id":"https:\/\/jackpotlotteryonline.com\/find-out-how-to-play-the-new-york-lottery-from-outside-the-us\/","url":"https:\/\/jackpotlotteryonline.com\/find-out-how-to-play-the-new-york-lottery-from-outside-the-us\/","name":"ABD D\u0131\u015f\u0131ndan New York Piyangosu Nas\u0131l Oynan\u0131r","isPartOf":{"@id":"https:\/\/jackpotlotteryonline.com\/#website"},"primaryImageOfPage":{"@id":"https:\/\/jackpotlotteryonline.com\/find-out-how-to-play-the-new-york-lottery-from-outside-the-us\/#primaryimage"},"image":{"@id":"https:\/\/jackpotlotteryonline.com\/find-out-how-to-play-the-new-york-lottery-from-outside-the-us\/#primaryimage"},"thumbnailUrl":"http:\/\/jackpotlotteryonline.com\/wp-content\/uploads\/2022\/11\/1_online_lottery_success-300x213.jpg","datePublished":"2025-03-22T09:37:51+00:00","dateModified":"2025-03-22T09:38:39+00:00","description":"ABD d\u0131\u015f\u0131ndan New York Piyangosu nas\u0131l oynanaca\u011f\u0131n\u0131 \u00f6\u011frenin. \u00c7evrimi\u00e7i se\u00e7enekleri ve her yerden \u00f6d\u00fclleri nas\u0131l talep edece\u011finizi ke\u015ffedin","breadcrumb":{"@id":"https:\/\/jackpotlotteryonline.com\/find-out-how-to-play-the-new-york-lottery-from-outside-the-us\/#breadcrumb"},"inLanguage":"tr","potentialAction":[{"@type":"ReadAction","target":["https:\/\/jackpotlotteryonline.com\/find-out-how-to-play-the-new-york-lottery-from-outside-the-us\/"]}]},{"@type":"ImageObject","inLanguage":"tr","@id":"https:\/\/jackpotlotteryonline.com\/find-out-how-to-play-the-new-york-lottery-from-outside-the-us\/#primaryimage","url":"http:\/\/jackpotlotteryonline.com\/wp-content\/uploads\/2022\/11\/1_online_lottery_success-300x213.jpg","contentUrl":"http:\/\/jackpotlotteryonline.com\/wp-content\/uploads\/2022\/11\/1_online_lottery_success-300x213.jpg"},{"@type":"BreadcrumbList","@id":"https:\/\/jackpotlotteryonline.com\/find-out-how-to-play-the-new-york-lottery-from-outside-the-us\/#breadcrumb","itemListElement":[{"@type":"ListItem","position":1,"name":"Home","item":"https:\/\/jackpotlotteryonline.com\/tr\/"},{"@type":"ListItem","position":2,"name":"ABD D\u0131\u015f\u0131ndan New York Piyangosu&#8217;nu Nas\u0131l Oynayaca\u011f\u0131n\u0131z\u0131 \u00d6\u011frenin"}]},{"@type":"WebSite","@id":"https:\/\/jackpotlotteryonline.com\/#website","url":"https:\/\/jackpotlotteryonline.com\/","name":"Lotto Online - Crack The International Lottery Jackpots","description":"","potentialAction":[{"@type":"SearchAction","target":{"@type":"EntryPoint","urlTemplate":"https:\/\/jackpotlotteryonline.com\/?s={search_term_string}"},"query-input":"required name=search_term_string"}],"inLanguage":"tr"}]}},"_links":{"self":[{"href":"https:\/\/jackpotlotteryonline.com\/tr\/wp-json\/wp\/v2\/pages\/77790","targetHints":{"allow":["GET"]}}],"collection":[{"href":"https:\/\/jackpotlotteryonline.com\/tr\/wp-json\/wp\/v2\/pages"}],"about":[{"href":"https:\/\/jackpotlotteryonline.com\/tr\/wp-json\/wp\/v2\/types\/page"}],"author":[{"embeddable":true,"href":"https:\/\/jackpotlotteryonline.com\/tr\/wp-json\/wp\/v2\/users\/7"}],"replies":[{"embeddable":true,"href":"https:\/\/jackpotlotteryonline.com\/tr\/wp-json\/wp\/v2\/comments?post=77790"}],"version-history":[{"count":2,"href":"https:\/\/jackpotlotteryonline.com\/tr\/wp-json\/wp\/v2\/pages\/77790\/revisions"}],"predecessor-version":[{"id":77792,"href":"https:\/\/jackpotlotteryonline.com\/tr\/wp-json\/wp\/v2\/pages\/77790\/revisions\/77792"}],"wp:attachment":[{"href":"https:\/\/jackpotlotteryonline.com\/tr\/wp-json\/wp\/v2\/media?parent=77790"}],"curies":[{"name":"wp","href":"https:\/\/api.w.org\/{rel}","templated":true}]}}